{"id":678,"date":"2017-01-01T00:00:39","date_gmt":"2016-12-31T23:00:39","guid":{"rendered":"https:\/\/www.logic-home.de\/shop\/produkt\/import-placeholder-for-929\/"},"modified":"2021-08-03T14:09:31","modified_gmt":"2021-08-03T12:09:31","slug":"loxone-zaehlerinterface-ir-air","status":"publish","type":"product","link":"https:\/\/www.logic-home.de\/shop\/produkt\/loxone-zaehlerinterface-ir-air\/","title":{"rendered":"Loxone Z\u00e4hlerinterface IR Air"},"content":{"rendered":"<div class=\"nx-spacer\" style=\"height:15px\"><\/div>\n<p style=\"text-align: justify\">Basierend auf der Loxone Air Technologie ist das Z\u00e4hlerinterface IR Air einfach in Ihr Zuhause integriert und unterst\u00fctzt Sie beim Energie sparen. Durch die Infrarot-Schnittstelle bekommen Sie von Ihrem Z\u00e4hler alle Informationen, die f\u00fcr ein smartes Energiemanagement notwendig sind. Visualisieren Sie den Energieverbrauch in unserer kostenlosen Loxone App und erkennen Sie so Energiesparpotenziale! Oder lassen Sie sich mit dem Loxone Cloud Mailer benachrichtigen, wenn ein bestimmter Verbrauchswert erreicht wurde.<\/p>\n<p style=\"text-align: justify\">Verf\u00fcgen Sie \u00fcber eine Photovoltaik-Anlage, k\u00f6nnen Sie den selbst produzierten Strom mithilfe des Z\u00e4hlerinterface IR Air optimal nutzen, um z.B. Ihre Waschmaschine genau dann einzuschalten, wenn gerade eigener Strom produziert wird.<\/p>\n<p style=\"text-align: justify\">Loxone arbeitet an ihrer Software, um das Z\u00e4hlerinterface bei m\u00f6glichst vielen Z\u00e4hlern verwenden zu k\u00f6nnen. Voraussetzung ist die Unterst\u00fctzung Ihres Energielieferanten.<\/p>\n<p><a href=\"http:\/\/www.loxone.com\/enen\/landing-pages\/smart-energy-meter-list.html\">Liste der unterst\u00fctzten Z\u00e4hler &gt;<\/a><\/p>\n<div class=\"nx-heading nx-heading-style-underlined nx-heading-align-left\" style=\"font-size:14px;margin-bottom:20px\"><h6 class=\"nx-heading-inner\"><strong><span style=\"color: #69c350\">Technische Daten<\/span><\/strong><\/h6><\/div>\n<div class=\"nx-list nx-list-style-\">\n<ul>\n<li><i class=\"fa fa-plus\" style=\"color:#69c350\"><\/i> Spannungsversorgung: via Micro USB oder direkt mit 14-24 VDC<\/li>\n<li><i class=\"fa fa-plus\" style=\"color:#69c350\"><\/i> Frequenz: 868MHz (SRD Band Europe)<\/li>\n<li><i class=\"fa fa-plus\" style=\"color:#69c350\"><\/i> Leistungsaufnahme: 90mW bei 5V DC<\/li>\n<li><i class=\"fa fa-plus\" style=\"color:#69c350\"><\/i> Umgebungstemperatur: 0 &#8230;  55\u00b0C<\/li>\n<li><i class=\"fa fa-plus\" style=\"color:#69c350\"><\/i> bequeme Montage durch Magnet<\/li>\n<li><i class=\"fa fa-plus\" style=\"color:#69c350\"><\/i> Abmessungen: \u220534 x 33mm<\/li>\n<li><i class=\"fa fa-plus\" style=\"color:#69c350\"><\/i> Optische Schnittstelle nach IEC 62056-21<\/li>\n<\/ul>\n<\/div>\n<div class=\"nx-heading nx-heading-style-underlined nx-heading-align-left\" style=\"font-size:14px;margin-bottom:20px\"><h6 class=\"nx-heading-inner\"><strong><span style=\"color: #69c350\">Lieferumfang<\/span><\/strong><\/h6><\/div>\n<div class=\"nx-list nx-list-style-\">\n<ul>\n<li><i class=\"fa fa-plus\" style=\"color:#69c350\"><\/i> 1x Loxone Z\u00e4hlerinterface IR Air<\/li>\n<li><i class=\"fa fa-plus\" style=\"color:#69c350\"><\/i> 1x USB Netzteil<\/li>\n<li><i class=\"fa fa-plus\" style=\"color:#69c350\"><\/i> 1x USB A auf Micro B Kabel (Power only)<\/li>\n<\/ul>\n<\/div>\n","protected":false},"excerpt":{"rendered":"<p><\/br>Das Loxone Z\u00e4hlerinterface IR Air erm\u00f6glicht das direkte Auslesen von elektronischen Z\u00e4hlern mit Infrarot-Schnittstelle.<br \/>\n[nx_list icon=\"icon: check\" icon_color=\"#69c350\"]<\/p>\n<ul>\n<li>kommuniziert direkt mit unterschiedlichen Z\u00e4hlern<\/li>\n<li>Eigenverbrauch gezielt optimieren<\/li>\n<li>Stromfresser eliminieren<\/li>\n<li>perfekt in Kombination mit einer PV-Anlage<\/li>\n<li>f\u00fcr weitere Z\u00e4hler in Entwicklung<\/li>\n<\/ul>\n<p>[\/nx_list]<\/p>\n","protected":false},"featured_media":958,"comment_status":"closed","ping_status":"closed","template":"","meta":[],"product_cat":[48,61,44,52,174],"product_tag":[64,86,87,65,176],"_links":{"self":[{"href":"https:\/\/www.logic-home.de\/shop\/wp-json\/wp\/v2\/product\/678"}],"collection":[{"href":"https:\/\/www.logic-home.de\/shop\/wp-json\/wp\/v2\/product"}],"about":[{"href":"https:\/\/www.logic-home.de\/shop\/wp-json\/wp\/v2\/types\/product"}],"replies":[{"embeddable":true,"href":"https:\/\/www.logic-home.de\/shop\/wp-json\/wp\/v2\/comments?post=678"}],"wp:featuredmedia":[{"embeddable":true,"href":"https:\/\/www.logic-home.de\/shop\/wp-json\/wp\/v2\/media\/958"}],"wp:attachment":[{"href":"https:\/\/www.logic-home.de\/shop\/wp-json\/wp\/v2\/media?parent=678"}],"wp:term":[{"taxonomy":"product_cat","embeddable":true,"href":"https:\/\/www.logic-home.de\/shop\/wp-json\/wp\/v2\/product_cat?post=678"},{"taxonomy":"product_tag","embeddable":true,"href":"https:\/\/www.logic-home.de\/shop\/wp-json\/wp\/v2\/product_tag?post=678"}],"curies":[{"name":"wp","href":"https:\/\/api.w.org\/{rel}","templated":true}]}}