{"id":677,"date":"2017-01-01T00:00:39","date_gmt":"2016-12-31T23:00:39","guid":{"rendered":"https:\/\/www.logic-home.de\/shop\/produkt\/import-placeholder-for-924\/"},"modified":"2021-08-03T14:09:30","modified_gmt":"2021-08-03T12:09:30","slug":"modbus-energiezaehler-3-phasig","status":"publish","type":"product","link":"https:\/\/www.logic-home.de\/shop\/produkt\/modbus-energiezaehler-3-phasig\/","title":{"rendered":"Modbus Energiez\u00e4hler 3-phasig"},"content":{"rendered":"<div class=\"nx-spacer\" style=\"height:15px\"><\/div>\n<p style=\"text-align: justify\">Der Modbus Energiez\u00e4hler hilft Ihnen Energie zu sparen und unterst\u00fctzt Ihr Zuhause beim effizienten Ressourceneinsatz. Ihre Vorteile bei der Installation des Modbus Energiez\u00e4hlers in Ihrem Elektroinstallationsverteiler:<\/p>\n<div class=\"nx-list nx-list-style-\">\n<ul>\n<li><i class=\"fa fa-check\" style=\"color:#69c350\"><\/i> <b>Genaue Daten:<\/b> Der Modbus Energiez\u00e4hler liefert Daten wie Energie (total und partiell), Wirkleistung, Spannung und Strom.<\/li>\n<li><i class=\"fa fa-check\" style=\"color:#69c350\"><\/i> <b>3-phasig:<\/b> F\u00fcr die \u00dcberwachung und Auswertung z.B. vom Energieverbrauch und der Stromproduktion in Haushalten.<\/li>\n<li><i class=\"fa fa-check\" style=\"color:#69c350\"><\/i> <b>Bidirektional:<\/b> Der Modbus Energiez\u00e4hler liest aus wie viel Strom produziert oder verbraucht wird.<\/li>\n<li><i class=\"fa fa-check\" style=\"color:#69c350\"><\/i> <b>Einfach integriert:<\/b> Mit der seriellen Modbus-Schnittstelle und der Vorlage in Loxone Config ist der Energiez\u00e4hler einfach in Ihr Zuhause integriert.<\/li>\n<\/ul>\n<\/div>\n<div class=\"nx-heading nx-heading-style-underlined nx-heading-align-left\" style=\"font-size:14px;margin-bottom:20px\"><h6 class=\"nx-heading-inner\"><strong><span style=\"color: #69c350\">Technische Daten<\/span><\/strong><\/h6><\/div>\n<div class=\"nx-list nx-list-style-\">\n<ul>\n<li><i class=\"fa fa-plus\" style=\"color:#69c350\"><\/i> 3-phasiger Energiez\u00e4hler<\/li>\n<li><i class=\"fa fa-plus\" style=\"color:#69c350\"><\/i> Betriebsspannung: 3x 230\/400VAC, 50Hz Toleranz -20% \/  15%<\/li>\n<li><i class=\"fa fa-plus\" style=\"color:#69c350\"><\/i> direkte Messung bis zu 65A<\/li>\n<li><i class=\"fa fa-plus\" style=\"color:#69c350\"><\/i> Anzeige von Energie, Strom und Spannung jeder Phase<\/li>\n<li><i class=\"fa fa-plus\" style=\"color:#69c350\"><\/i> Modbus RTU Interface f\u00fcr die Datenabfrage<\/li>\n<li><i class=\"fa fa-plus\" style=\"color:#69c350\"><\/i> Blindleistung f\u00fcr jede und\/oder alle Phasen<\/li>\n<li><i class=\"fa fa-plus\" style=\"color:#69c350\"><\/i> Genauigkeitsklasse B laut EN50470-3<\/li>\n<li><i class=\"fa fa-plus\" style=\"color:#69c350\"><\/i> Genauigkeitsklasse 1 laut IEC62053-21<\/li>\n<li><i class=\"fa fa-plus\" style=\"color:#69c350\"><\/i> bidirektional<\/li>\n<li><i class=\"fa fa-plus\" style=\"color:#69c350\"><\/i> einfache Einbindung in Loxone Config mittels Vorlage (ab Version 6.3)<\/li>\n<\/ul>\n<\/div>\n<div class=\"nx-heading nx-heading-style-underlined nx-heading-align-left\" style=\"font-size:14px;margin-bottom:20px\"><h6 class=\"nx-heading-inner\"><strong><span style=\"color: #69c350\">Lieferumfang<\/span><\/strong><\/h6><\/div>\n<div class=\"nx-list nx-list-style-\">\n<ul>\n<li><i class=\"fa fa-plus\" style=\"color:#69c350\"><\/i> 1x Modbus Energiez\u00e4hler 3-phasig<\/li>\n<\/ul>\n<\/div>\n","protected":false},"excerpt":{"rendered":"<p><\/br>Der bidirektionale Energiez\u00e4hler mit serieller Modbus-Schnittstelle hilft dir Energie zu sparen und unterst\u00fctzt Ihr Zuhause beim effizienten Ressourceneinsatz.<br \/>\n[nx_list icon=\"icon: check\" icon_color=\"#69c350\"]<\/p>\n<ul>\n<li>genaue Daten wie Energie, Strom, Wirkleistung und Spannung<\/li>\n<li>3-phasiger Z\u00e4hler<\/li>\n<li>einfach ins Loxone Smart Home integriert<\/li>\n<\/ul>\n<p>[\/nx_list]<\/p>\n","protected":false},"featured_media":977,"comment_status":"open","ping_status":"closed","template":"","meta":[],"product_cat":[61,44,174],"product_tag":[86,177,87,175,176],"_links":{"self":[{"href":"https:\/\/www.logic-home.de\/shop\/wp-json\/wp\/v2\/product\/677"}],"collection":[{"href":"https:\/\/www.logic-home.de\/shop\/wp-json\/wp\/v2\/product"}],"about":[{"href":"https:\/\/www.logic-home.de\/shop\/wp-json\/wp\/v2\/types\/product"}],"replies":[{"embeddable":true,"href":"https:\/\/www.logic-home.de\/shop\/wp-json\/wp\/v2\/comments?post=677"}],"wp:featuredmedia":[{"embeddable":true,"href":"https:\/\/www.logic-home.de\/shop\/wp-json\/wp\/v2\/media\/977"}],"wp:attachment":[{"href":"https:\/\/www.logic-home.de\/shop\/wp-json\/wp\/v2\/media?parent=677"}],"wp:term":[{"taxonomy":"product_cat","embeddable":true,"href":"https:\/\/www.logic-home.de\/shop\/wp-json\/wp\/v2\/product_cat?post=677"},{"taxonomy":"product_tag","embeddable":true,"href":"https:\/\/www.logic-home.de\/shop\/wp-json\/wp\/v2\/product_tag?post=677"}],"curies":[{"name":"wp","href":"https:\/\/api.w.org\/{rel}","templated":true}]}}