{"id":674,"date":"2017-01-01T00:00:38","date_gmt":"2016-12-31T23:00:38","guid":{"rendered":"https:\/\/www.logic-home.de\/shop\/produkt\/import-placeholder-for-916\/"},"modified":"2021-08-03T14:11:11","modified_gmt":"2021-08-03T12:11:11","slug":"caller-service-10-jahre","status":"publish","type":"product","link":"https:\/\/www.logic-home.de\/shop\/produkt\/caller-service-10-jahre\/","title":{"rendered":"Caller Service 10 Jahre"},"content":{"rendered":"<div class=\"nx-spacer\" style=\"height:15px\"><\/div>\n<div class=\"nx-heading nx-heading-style-underlined nx-heading-align-left\" style=\"font-size:14px;margin-bottom:20px\"><h6 class=\"nx-heading-inner\"><strong><span style=\"color: #69c350\">Sofort informiert wenn es drauf ankommt<\/span><\/strong><\/h6><\/div>\n<p style=\"text-align: justify\">Mit dem Caller Service bringen Sie Ihrem Miniserver das Telefonieren bei. Sie sind sofort informiert, wenn es darauf ankommt.<\/p>\n<div class=\"nx-heading nx-heading-style-coloredline nx-heading-align-left\" style=\"font-size:14px;margin-bottom:20px\"><h6 class=\"nx-heading-inner\"><strong>Im Alarmfall sofort per Anruf informiert inkl. R\u00fcckkanal<\/strong><\/h6><\/div>\n<p style=\"text-align: justify\">Mit dem Caller Service k\u00f6nnen Sie im Alarmfall automatisch einen Anruf absetzen lassen. Ihr Miniserver kann Sie im Alarmfall per Anruf informieren. Dank R\u00fcckkanal k\u00f6nnen Sie auch sofort reagieren und den Alarm z.B. quittieren.<\/p>\n<div class=\"nx-heading nx-heading-style-coloredline nx-heading-align-left\" style=\"font-size:14px;margin-bottom:20px\"><h6 class=\"nx-heading-inner\"><strong>Automatische Benachrichtigungen individuell einstellen<\/strong><\/h6><\/div>\n<p style=\"text-align: justify\">\u00dcberwachen Sie mit dem Miniserver beliebige Grenzwerte und lassen Sie sich automatisch per Anruf informieren. Ihr Miniserver kann Sie z.B. bei Erreichen einer bestimmten Temperatur anrufen, oder bei schlechter Luftqualit\u00e4t, oder bei Wassereintritt. Ganz wie Sie m\u00f6chten.<\/p>\n<div class=\"nx-heading nx-heading-style-coloredline nx-heading-align-left\" style=\"font-size:14px;margin-bottom:20px\"><h6 class=\"nx-heading-inner\"><strong>Mehr Sicherheit &#8211; Erinnerung per Anruf<\/strong><\/h6><\/div>\n<p style=\"text-align: justify\">Der Caller Service hilft Ihnen dabei, wichtige Aufgaben rund ums Haus nicht zu vergessen. Beispiel: Der Caller Service kann Sie anrufen, falls bei Einbruch der Dunkelheit das Garagentor noch nicht geschlossen ist. Egal, wo sie sich gerade befinden, es fallen weltweit keine Gespr\u00e4chsgeb\u00fchren an! Ohne versteckte Kosten und ohne Abofalle: Ihr Caller Service wird nicht automatisch verl\u00e4ngert.<\/p>\n<div class=\"nx-heading nx-heading-style-underlined nx-heading-align-left\" style=\"font-size:14px;margin-bottom:20px\"><h6 class=\"nx-heading-inner\"><strong><span style=\"color: #69c350\">Lieferumfang<\/span><\/strong><\/h6><\/div>\n<div class=\"nx-list nx-list-style-\">\n<ul>\n<li><i class=\"fa fa-plus\" style=\"color:#69c350\"><\/i> 1x Loxone Caller Service 10 Jahre<\/li>\n<\/ul>\n<\/div>\n<p style=\"text-align: justify\"><b>Voraussetzungen:<\/b> Zur Nutzung des Caller Service muss der Miniserver mit dem Internet verbunden sein, da die Anrufe \u00fcber einen externen Server in unserem Haus erfolgen.<\/p>\n","protected":false},"excerpt":{"rendered":"<p><\/br>Sofort informiert, wenn es drauf ankommt. Mit dem Caller Service k\u00f6nnen Sie im Alarmfall Anrufe absetzen lassen und auch quittieren.<br \/>\n[nx_list icon=\"icon: check\" icon_color=\"#69c350\"]<\/p>\n<ul>\n<li>einfach eingerichtet<\/li>\n<li>erm\u00f6glicht automatische individuelle Benachrichtigungen per Anruf<\/li>\n<li>mehr Sicherheit (Erinnerung, im Alarmfall)<\/li>\n<\/ul>\n<p>[\/nx_list]<\/p>\n","protected":false},"featured_media":1697,"comment_status":"open","ping_status":"closed","template":"","meta":[],"product_cat":[91],"product_tag":[172,171],"_links":{"self":[{"href":"https:\/\/www.logic-home.de\/shop\/wp-json\/wp\/v2\/product\/674"}],"collection":[{"href":"https:\/\/www.logic-home.de\/shop\/wp-json\/wp\/v2\/product"}],"about":[{"href":"https:\/\/www.logic-home.de\/shop\/wp-json\/wp\/v2\/types\/product"}],"replies":[{"embeddable":true,"href":"https:\/\/www.logic-home.de\/shop\/wp-json\/wp\/v2\/comments?post=674"}],"wp:featuredmedia":[{"embeddable":true,"href":"https:\/\/www.logic-home.de\/shop\/wp-json\/wp\/v2\/media\/1697"}],"wp:attachment":[{"href":"https:\/\/www.logic-home.de\/shop\/wp-json\/wp\/v2\/media?parent=674"}],"wp:term":[{"taxonomy":"product_cat","embeddable":true,"href":"https:\/\/www.logic-home.de\/shop\/wp-json\/wp\/v2\/product_cat?post=674"},{"taxonomy":"product_tag","embeddable":true,"href":"https:\/\/www.logic-home.de\/shop\/wp-json\/wp\/v2\/product_tag?post=674"}],"curies":[{"name":"wp","href":"https:\/\/api.w.org\/{rel}","templated":true}]}}