{"id":672,"date":"2017-01-01T00:00:38","date_gmt":"2016-12-31T23:00:38","guid":{"rendered":"https:\/\/www.logic-home.de\/shop\/produkt\/import-placeholder-for-913\/"},"modified":"2021-08-03T14:11:11","modified_gmt":"2021-08-03T12:11:11","slug":"wetter-service-10-jahre","status":"publish","type":"product","link":"https:\/\/www.logic-home.de\/shop\/produkt\/wetter-service-10-jahre\/","title":{"rendered":"Wetter Service 10 Jahre"},"content":{"rendered":"<div class=\"nx-spacer\" style=\"height:15px\"><\/div>\n<div class=\"nx-heading nx-heading-style-underlined nx-heading-align-left\" style=\"font-size:14px;margin-bottom:20px\"><h6 class=\"nx-heading-inner\"><strong><span style=\"color: #69c350\">Exaktes Wetter f\u00fcr Ihr Smart Home<\/span><\/strong><\/h6><\/div>\n<p style=\"text-align: justify\">Holen Sie sich mit dem Loxone Wetter Service pr\u00e4zise Wetterdaten und Prognosen in Ihr Loxone Smart Home. Exakt f\u00fcr Ihren Standort.<\/p>\n<p style=\"text-align: justify\">Der Loxone Wetter Service arbeitet mit geeichten Daten von f\u00fchrenden Wetteranbietern weltweit. Anhand Ihrer Koordinaten werden unter Ber\u00fccksichtigung umliegender Wetterstationen pr\u00e4zise Daten f\u00fcr Ihren Standort errechnet, um punktgenaue Daten und Prognosen zu liefern.<\/p>\n<div class=\"nx-heading nx-heading-style-underlined nx-heading-align-left\" style=\"font-size:14px;margin-bottom:20px\"><h6 class=\"nx-heading-inner\"><strong><span style=\"color: #69c350\">F\u00fcr wetter- und prognosenorietierte Steuerungsaufgaben im Smart Home<\/span><\/strong><\/h6><\/div>\n<div class=\"nx-heading nx-heading-style-coloredline nx-heading-align-left\" style=\"font-size:14px;margin-bottom:20px\"><h6 class=\"nx-heading-inner\"><strong>Automatikbeschattung<\/strong><\/h6><\/div>\n<p style=\"text-align: justify\">Mit den aktuellen Strahlungs- und Bew\u00f6lkungsdaten vom Wetter Service f\u00e4hrt Ihre Beschattung automatisch. Im Sommer sch\u00fctzt die Automatik vor \u00dcberhitzung und im Winter wird die Sonnenenergie optimal genutzt um den Raum zu heizen.<\/p>\n<div class=\"nx-heading nx-heading-style-coloredline nx-heading-align-left\" style=\"font-size:14px;margin-bottom:20px\"><h6 class=\"nx-heading-inner\"><strong>Gartenbew\u00e4sserung<\/strong><\/h6><\/div>\n<p style=\"text-align: justify\">Im Smart Home k\u00f6nnen Sie sich \u00fcber einen saftig gr\u00fcnen Rasen freuen. Mit den zuverl\u00e4ssigen Wetterprognosen steuert der Miniserver Ihre Gartenbew\u00e4sserung. Regen angesagt? Nicht bew\u00e4ssern. Bei Hitze wird bew\u00e4ssert. Auch wenn Sie nicht zuhause sind.<\/p>\n<div class=\"nx-heading nx-heading-style-coloredline nx-heading-align-left\" style=\"font-size:14px;margin-bottom:20px\"><h6 class=\"nx-heading-inner\"><strong>Temperaturregelung<\/strong><\/h6><\/div>\n<p style=\"text-align: justify\">Mit den pr\u00e4zisen Temperaturwerten k\u00f6nnen Sie die Vorlauftemperatur Ihrer Heizung regeln. Gerade in der \u00dcbergangszeit k\u00f6nnen Sie so sicherstellen, dass Ihr Zuhause auf Wohlf\u00fchltemperatur ist.<\/p>\n<div class=\"nx-heading nx-heading-style-coloredline nx-heading-align-left\" style=\"font-size:14px;margin-bottom:20px\"><h6 class=\"nx-heading-inner\"><strong>Individuell<\/strong><\/h6><\/div>\n<p style=\"text-align: justify\">Mit den Wetterdaten k\u00f6nnen Sie individuelle Funktionen realisieren. Lassen Sie sich zB. an kalten Tagen oder bei Regenprognose durch blaues Licht im Eingangsbereich  an die Jacke erinnern.<\/p>\n<div class=\"nx-heading nx-heading-style-underlined nx-heading-align-left\" style=\"font-size:14px;margin-bottom:20px\"><h6 class=\"nx-heading-inner\"><strong><span style=\"color: #69c350\">Voll in die Loxone App integriert<\/span><\/strong><\/h6><\/div>\n<p style=\"text-align: justify\">Der Wetter Service ist selbstverst\u00e4ndlich voll in die Loxone Apps integriert. Aktuelle Wetterdaten und Prognosen stehen Ihnen jederzeit einsehbar auf Ihrem Smartphone \u00fcbersichtlich visualisiert zur Verf\u00fcgung.<\/p>\n<div class=\"nx-heading nx-heading-style-underlined nx-heading-align-left\" style=\"font-size:14px;margin-bottom:20px\"><h6 class=\"nx-heading-inner\"><strong><span style=\"color: #69c350\">Das liefert der Loxone Wetter Service<\/span><\/strong><\/h6><\/div>\n<p style=\"text-align: justify\">Der Loxone Wetter Service liefert st\u00fcndlich aktualisierte Wetterdaten und Prognosen bis zu 66h in die Zukunft oder Prognosen zu einem definierten, k\u00fcnftigen Zeitpunkt \u2013 z.B. morgen um 21:00 Uhr.<\/p>\n<div class=\"nx-heading nx-heading-style-coloredline nx-heading-align-left\" style=\"font-size:14px;margin-bottom:20px\"><h6 class=\"nx-heading-inner\"><strong>Temperatur &amp; gef\u00fchlte Temperatur<\/strong><\/h6><\/div>\n<div class=\"nx-heading nx-heading-style-coloredline nx-heading-align-left\" style=\"font-size:14px;margin-bottom:20px\"><h6 class=\"nx-heading-inner\"><strong>Taupunkt<\/strong><\/h6><\/div>\n<div class=\"nx-heading nx-heading-style-coloredline nx-heading-align-left\" style=\"font-size:14px;margin-bottom:20px\"><h6 class=\"nx-heading-inner\"><strong>Luftdruck<\/strong><\/h6><\/div>\n<div class=\"nx-heading nx-heading-style-coloredline nx-heading-align-left\" style=\"font-size:14px;margin-bottom:20px\"><h6 class=\"nx-heading-inner\"><strong>Niederschlag, Regen, Schnee<\/strong><\/h6><\/div>\n<div class=\"nx-heading nx-heading-style-coloredline nx-heading-align-left\" style=\"font-size:14px;margin-bottom:20px\"><h6 class=\"nx-heading-inner\"><strong>Luftfeuchte<\/strong><\/h6><\/div>\n<div class=\"nx-heading nx-heading-style-coloredline nx-heading-align-left\" style=\"font-size:14px;margin-bottom:20px\"><h6 class=\"nx-heading-inner\"><strong>Strahlung<\/strong><\/h6><\/div>\n<div class=\"nx-heading nx-heading-style-coloredline nx-heading-align-left\" style=\"font-size:14px;margin-bottom:20px\"><h6 class=\"nx-heading-inner\"><strong>Windgeschwindigkeit<\/strong><\/h6><\/div>\n<div class=\"nx-heading nx-heading-style-coloredline nx-heading-align-left\" style=\"font-size:14px;margin-bottom:20px\"><h6 class=\"nx-heading-inner\"><strong>Windrichtung<\/strong><\/h6><\/div>\n<div class=\"nx-heading nx-heading-style-underlined nx-heading-align-left\" style=\"font-size:14px;margin-bottom:20px\"><h6 class=\"nx-heading-inner\"><strong><span style=\"color: #69c350\">Lieferumfang<\/span><\/strong><\/h6><\/div>\n<div class=\"nx-list nx-list-style-\">\n<ul>\n<li><i class=\"fa fa-plus\" style=\"color:#69c350\"><\/i> 1x Loxone Wetter Service 10 Jahre<\/li>\n<\/ul>\n<\/div>\n<p style=\"text-align: justify\"><b>Voraussetzungen:<\/b> Zur Nutzung des Wetter Service muss der Miniserver mit dem Internet verbunden sein, da die Wetterdaten von einem externen Server abgefragt werden.<\/p>\n","protected":false},"excerpt":{"rendered":"<p><\/br>Der Loxone Service liefert pr\u00e4zise Wetter- und Prognosedaten exakt f\u00fcr Ihren Standort auf Ihren Miniserver:<br \/>\n[nx_list icon=\"icon: check\" icon_color=\"#69c350\"]<\/p>\n<ul>\n<li>pr\u00e4zise Wetterdaten, exakt f\u00fcr Ihren Standort errechnet<\/li>\n<li>perfekt f\u00fcr Automatikbeschattung, Temperaturregelung &amp; mehr<\/li>\n<li>zahlreiche Werte, st\u00fcndlich aktualisiert, inkl. Prognosen<\/li>\n<li>direkt in die Loxone Apps integriert<\/li>\n<\/ul>\n<p>[\/nx_list]<\/p>\n","protected":false},"featured_media":1699,"comment_status":"open","ping_status":"closed","template":"","meta":[],"product_cat":[91],"product_tag":[171,103],"_links":{"self":[{"href":"https:\/\/www.logic-home.de\/shop\/wp-json\/wp\/v2\/product\/672"}],"collection":[{"href":"https:\/\/www.logic-home.de\/shop\/wp-json\/wp\/v2\/product"}],"about":[{"href":"https:\/\/www.logic-home.de\/shop\/wp-json\/wp\/v2\/types\/product"}],"replies":[{"embeddable":true,"href":"https:\/\/www.logic-home.de\/shop\/wp-json\/wp\/v2\/comments?post=672"}],"wp:featuredmedia":[{"embeddable":true,"href":"https:\/\/www.logic-home.de\/shop\/wp-json\/wp\/v2\/media\/1699"}],"wp:attachment":[{"href":"https:\/\/www.logic-home.de\/shop\/wp-json\/wp\/v2\/media?parent=672"}],"wp:term":[{"taxonomy":"product_cat","embeddable":true,"href":"https:\/\/www.logic-home.de\/shop\/wp-json\/wp\/v2\/product_cat?post=672"},{"taxonomy":"product_tag","embeddable":true,"href":"https:\/\/www.logic-home.de\/shop\/wp-json\/wp\/v2\/product_tag?post=672"}],"curies":[{"name":"wp","href":"https:\/\/api.w.org\/{rel}","templated":true}]}}