{"id":651,"date":"2017-01-01T00:00:34","date_gmt":"2016-12-31T23:00:34","guid":{"rendered":"https:\/\/www.logic-home.de\/shop\/produkt\/import-placeholder-for-852\/"},"modified":"2021-08-03T14:16:36","modified_gmt":"2021-08-03T12:16:36","slug":"weidmueller-jalousie-anschlussklemmepmak4-50-stk","status":"publish","type":"product","link":"https:\/\/www.logic-home.de\/shop\/produkt\/weidmueller-jalousie-anschlussklemmepmak4-50-stk\/","title":{"rendered":"Weidm\u00fcller Jalousie-Anschlussklemme<\/br>PMAK4 (50 Stk.)"},"content":{"rendered":"<div class=\"nx-spacer\" style=\"height:15px\"><\/div>\n<div class=\"nx-heading nx-heading-style-underlined nx-heading-align-left\" style=\"font-size:14px;margin-bottom:20px\"><h6 class=\"nx-heading-inner\"><strong><span style=\"color: #69c350\">Weidm\u00fcller Jalousie-Anschlussklemme PMAK4 (50 Stk.)<\/span><\/strong><\/h6><\/div>\n<p style=\"text-align: justify\">Ideal zum Anschluss eines Jalousie-, Rohr,- oder Garagenmotors. 2 Richtungen   0-Leiter   Erde. Die Raster f\u00fcr 2,5 und 4 sowie 6 und 10 mm\u00b2 werden in jeweils einer Reihenklemme zusammengefasst. Dadurch werden nur mehr 3 Klemmreihen f\u00fcr die Verdrahtung von f\u00fcnf Rastern bis 16mm2 ben\u00f6tigt. Dank PUSH IN Anschlusstechnik wird die schnelle und komfortable Verdrahtung erm\u00f6glicht.<\/p>\n<p style=\"text-align: justify\">Wir empfehlen den Einsatz von Reihenklemmen im Smart Home Verteiler. Informationen zum Smart Home Verteilerbau finden Sie im <a href=\"http:\/\/www.loxone.com\/blog\/dede\/reihenklemmen-verteilerbau\/\">Loxone Blog<\/a>.<\/p>\n<div class=\"nx-heading nx-heading-style-underlined nx-heading-align-left\" style=\"font-size:14px;margin-bottom:20px\"><h6 class=\"nx-heading-inner\"><strong><span style=\"color: #69c350\">Lieferumfang<\/span><\/strong><\/h6><\/div>\n<div class=\"nx-list nx-list-style-\">\n<ul>\n<li><i class=\"fa fa-plus\" style=\"color:#69c350\"><\/i> 50 Stk. Weidm\u00fcller Jalousieklemme PMAK4<\/li>\n<\/ul>\n<\/div>\n","protected":false},"excerpt":{"rendered":"<p><\/br>Ideal zur Ansteuerung eines Jalousiemotors.<br \/>\n[nx_list icon=\"icon: check\" icon_color=\"#69c350\"]<\/p>\n<ul>\n<li>Verpackungseinheit 50 Stk.<\/li>\n<li>Type: PMAK 4<\/li>\n<li>Hersteller-Artikelnummer: 1221340000<\/li>\n<\/ul>\n<p>[\/nx_list]<\/p>\n","protected":false},"featured_media":1527,"comment_status":"open","ping_status":"closed","template":"","meta":[],"product_cat":[56,59],"product_tag":[159,153,154],"_links":{"self":[{"href":"https:\/\/www.logic-home.de\/shop\/wp-json\/wp\/v2\/product\/651"}],"collection":[{"href":"https:\/\/www.logic-home.de\/shop\/wp-json\/wp\/v2\/product"}],"about":[{"href":"https:\/\/www.logic-home.de\/shop\/wp-json\/wp\/v2\/types\/product"}],"replies":[{"embeddable":true,"href":"https:\/\/www.logic-home.de\/shop\/wp-json\/wp\/v2\/comments?post=651"}],"wp:featuredmedia":[{"embeddable":true,"href":"https:\/\/www.logic-home.de\/shop\/wp-json\/wp\/v2\/media\/1527"}],"wp:attachment":[{"href":"https:\/\/www.logic-home.de\/shop\/wp-json\/wp\/v2\/media?parent=651"}],"wp:term":[{"taxonomy":"product_cat","embeddable":true,"href":"https:\/\/www.logic-home.de\/shop\/wp-json\/wp\/v2\/product_cat?post=651"},{"taxonomy":"product_tag","embeddable":true,"href":"https:\/\/www.logic-home.de\/shop\/wp-json\/wp\/v2\/product_tag?post=651"}],"curies":[{"name":"wp","href":"https:\/\/api.w.org\/{rel}","templated":true}]}}