{"id":648,"date":"2017-01-01T00:00:19","date_gmt":"2016-12-31T23:00:19","guid":{"rendered":"https:\/\/www.logic-home.de\/shop\/produkt\/import-placeholder-for-846\/"},"modified":"2021-08-03T14:16:40","modified_gmt":"2021-08-03T12:16:40","slug":"weidmueller-trennwand-p-reihe10-stk","status":"publish","type":"product","link":"https:\/\/www.logic-home.de\/shop\/produkt\/weidmueller-trennwand-p-reihe10-stk\/","title":{"rendered":"Weidm\u00fcller Trennwand P-Reihe<\/br>(10 Stk.)"},"content":{"rendered":"<div class=\"nx-spacer\" style=\"height:15px\"><\/div>\n<div class=\"nx-heading nx-heading-style-underlined nx-heading-align-left\" style=\"font-size:14px;margin-bottom:20px\"><h6 class=\"nx-heading-inner\"><strong><span style=\"color: #69c350\">Weidm\u00fcller Trennwand P-Reihe (10 Stk.)<\/span><\/strong><\/h6><\/div>\n<p style=\"text-align: justify\">Die Trennw\u00e4nde f\u00fcr die Rangier- und Potentialverteiler trennen die Funktionseinheiten optisch. Die beschrifteten Ausf\u00fchrungen f\u00fcr Trennw\u00e4nde sorgen f\u00fcr eine optimale Orientierung bei Erweiterungs- und Wartungsarbeiten. Einzelne Klemmstellen k\u00f6nnen schnell identifiziert werden.<\/p>\n<p style=\"text-align: justify\">Wir empfehlen den Einsatz von Reihenklemmen im Smart Home Verteiler. Informationen zum Smart Home Verteilerbau finden Sie im <a href=\"http:\/\/www.loxone.com\/blog\/dede\/reihenklemmen-verteilerbau\/\">Loxone Blog<\/a>.<\/p>\n<div class=\"nx-heading nx-heading-style-underlined nx-heading-align-left\" style=\"font-size:14px;margin-bottom:20px\"><h6 class=\"nx-heading-inner\"><strong><span style=\"color: #69c350\">Lieferumfang<\/span><\/strong><\/h6><\/div>\n<div class=\"nx-list nx-list-style-\">\n<ul>\n<li><i class=\"fa fa-plus\" style=\"color:#69c350\"><\/i> 10 Stk. Weidm\u00fcller Trennw\u00e4nde P-Reihe<\/li>\n<\/ul>\n<\/div>\n","protected":false},"excerpt":{"rendered":"<p><\/br>Trennt Potenzial- und Rangierverteiler im Verteiler.<br \/>\n[nx_list icon=\"icon: check\" icon_color=\"#69c350\"]<\/p>\n<ul>\n<li>Verpackungseinheit 10 Stk.<\/li>\n<li>Type: TW PRV8 1-8<\/li>\n<li>Hersteller-Artikelnummer: 1312410000<\/li>\n<\/ul>\n<p>[\/nx_list]<\/p>\n","protected":false},"featured_media":1537,"comment_status":"open","ping_status":"closed","template":"","meta":[],"product_cat":[56,59],"product_tag":[158,159,153,154],"_links":{"self":[{"href":"https:\/\/www.logic-home.de\/shop\/wp-json\/wp\/v2\/product\/648"}],"collection":[{"href":"https:\/\/www.logic-home.de\/shop\/wp-json\/wp\/v2\/product"}],"about":[{"href":"https:\/\/www.logic-home.de\/shop\/wp-json\/wp\/v2\/types\/product"}],"replies":[{"embeddable":true,"href":"https:\/\/www.logic-home.de\/shop\/wp-json\/wp\/v2\/comments?post=648"}],"wp:featuredmedia":[{"embeddable":true,"href":"https:\/\/www.logic-home.de\/shop\/wp-json\/wp\/v2\/media\/1537"}],"wp:attachment":[{"href":"https:\/\/www.logic-home.de\/shop\/wp-json\/wp\/v2\/media?parent=648"}],"wp:term":[{"taxonomy":"product_cat","embeddable":true,"href":"https:\/\/www.logic-home.de\/shop\/wp-json\/wp\/v2\/product_cat?post=648"},{"taxonomy":"product_tag","embeddable":true,"href":"https:\/\/www.logic-home.de\/shop\/wp-json\/wp\/v2\/product_tag?post=648"}],"curies":[{"name":"wp","href":"https:\/\/api.w.org\/{rel}","templated":true}]}}