{"id":641,"date":"2017-01-01T00:00:17","date_gmt":"2016-12-31T23:00:17","guid":{"rendered":"https:\/\/www.logic-home.de\/shop\/produkt\/import-placeholder-for-818\/"},"modified":"2021-08-03T14:17:17","modified_gmt":"2021-08-03T12:17:17","slug":"led-schaltnetzteil-24v-25a","status":"publish","type":"product","link":"https:\/\/www.logic-home.de\/shop\/produkt\/led-schaltnetzteil-24v-25a\/","title":{"rendered":"LED Schaltnetzteil 24V, 2,5A"},"content":{"rendered":"<div class=\"nx-spacer\" style=\"height:15px\"><\/div>\n<p style=\"text-align: justify\">Das LED Schaltnetzteil von Mean Well eignet sich mit einer Ausgangsspannung von 24VDC und einer Leistung von 2,5A perfekt zur Stromversorgung der Loxone LED Spots. Es k\u00f6nnen beispielsweise bis zu 15 LED Spots WW bzw. 11 LED Spots RGBW zeitgleich betrieben werden.<br \/>\nDas nur 32mm tiefe LED Schaltnetzteil l\u00e4sst sich einfach und schnell in Zwischendecken oder hinter W\u00e4nden und M\u00f6bel platzieren. Trotz der hohen Leistungsst\u00e4rke gibt es kein Surren gew\u00e4hrleistet somit einen ger\u00e4uscharmen Betrieb.<\/p>\n<div class=\"nx-heading nx-heading-style-underlined nx-heading-align-left\" style=\"font-size:14px;margin-bottom:20px\"><h6 class=\"nx-heading-inner\"><strong><span style=\"color: #69c350\">Technische Daten<\/span><\/strong><\/h6><\/div>\n<div class=\"nx-list nx-list-style-\">\n<ul>\n<li><i class=\"fa fa-plus\" style=\"color:#69c350\"><\/i> Type: Mean Well LPF-60-24<\/li>\n<li><i class=\"fa fa-plus\" style=\"color:#69c350\"><\/i> Ma\u00dfe (HxBxT): 162,5x43x32mm<\/li>\n<li><i class=\"fa fa-plus\" style=\"color:#69c350\"><\/i> Eingangsspannung: 90..305VAC (47&#8230;63Hz)<\/li>\n<li><i class=\"fa fa-plus\" style=\"color:#69c350\"><\/i> Ausgangsspannung: 24V, 2,5A<\/li>\n<li><i class=\"fa fa-plus\" style=\"color:#69c350\"><\/i> Betriebstemperatur: -40 bis  70\u00b0C<\/li>\n<li><i class=\"fa fa-plus\" style=\"color:#69c350\"><\/i> Schutzart: IP67<\/li>\n<li><i class=\"fa fa-plus\" style=\"color:#69c350\"><\/i> Gewicht: 0,45kg<\/li>\n<\/ul>\n<\/div>\n<div class=\"nx-heading nx-heading-style-underlined nx-heading-align-left\" style=\"font-size:14px;margin-bottom:20px\"><h6 class=\"nx-heading-inner\"><strong><span style=\"color: #69c350\">Lieferumfang<\/span><\/strong><\/h6><\/div>\n<div class=\"nx-list nx-list-style-\">\n<ul>\n<li><i class=\"fa fa-plus\" style=\"color:#69c350\"><\/i> 1x LED-Schaltnetzteil 24V, 2,5A<\/li>\n<\/ul>\n<\/div>\n","protected":false},"excerpt":{"rendered":"<p><\/br>Mit einer Ausgangsspannung von 24V und 2,5A Leistung ist das LED Schaltnetzteil ideal zur Stromversorgung der Loxone LED Spots dimensioniert und kann durch die geringe Einbautiefe einfach in Zwischendecken platziert werden.<br \/>\n[nx_list icon=\"icon: check\" icon_color=\"#69c350\"]<\/p>\n<ul>\n<li>ideal zur Speisung Ihrer LED Leuchtmittel<\/li>\n<li>passt perfekt zu den Loxone LED Spots<\/li>\n<li>nur 32mm Einbautiefe &#8211; einfacher Einbau in Zwischendecken<\/li>\n<li>Weitbereichseingang von 90-305VAC<\/li>\n<li>Ausgangsspannung von 24VDC, 2,5A<\/li>\n<li>ger\u00e4uscharmer Betrieb, kein Surren<\/li>\n<p>hoher Temperaturbereich von -40&#8230; 70\u00b0C<br \/>\nauch f\u00fcr Outdoor Verwendung geeignet\n<\/ul>\n<p>[\/nx_list]<\/p>\n","protected":false},"featured_media":1488,"comment_status":"open","ping_status":"closed","template":"","meta":[],"product_cat":[53,42],"product_tag":[79,111,68,92,150,93],"_links":{"self":[{"href":"https:\/\/www.logic-home.de\/shop\/wp-json\/wp\/v2\/product\/641"}],"collection":[{"href":"https:\/\/www.logic-home.de\/shop\/wp-json\/wp\/v2\/product"}],"about":[{"href":"https:\/\/www.logic-home.de\/shop\/wp-json\/wp\/v2\/types\/product"}],"replies":[{"embeddable":true,"href":"https:\/\/www.logic-home.de\/shop\/wp-json\/wp\/v2\/comments?post=641"}],"wp:featuredmedia":[{"embeddable":true,"href":"https:\/\/www.logic-home.de\/shop\/wp-json\/wp\/v2\/media\/1488"}],"wp:attachment":[{"href":"https:\/\/www.logic-home.de\/shop\/wp-json\/wp\/v2\/media?parent=641"}],"wp:term":[{"taxonomy":"product_cat","embeddable":true,"href":"https:\/\/www.logic-home.de\/shop\/wp-json\/wp\/v2\/product_cat?post=641"},{"taxonomy":"product_tag","embeddable":true,"href":"https:\/\/www.logic-home.de\/shop\/wp-json\/wp\/v2\/product_tag?post=641"}],"curies":[{"name":"wp","href":"https:\/\/api.w.org\/{rel}","templated":true}]}}