{"id":636,"date":"2017-01-01T00:00:16","date_gmt":"2016-12-31T23:00:16","guid":{"rendered":"https:\/\/www.logic-home.de\/shop\/produkt\/import-placeholder-for-798\/"},"modified":"2021-08-03T14:17:17","modified_gmt":"2021-08-03T12:17:17","slug":"netzteil-24v-04a","status":"publish","type":"product","link":"https:\/\/www.logic-home.de\/shop\/produkt\/netzteil-24v-04a\/","title":{"rendered":"Netzteil 24V, 0,4A"},"content":{"rendered":"<div class=\"nx-spacer\" style=\"height:15px\"><\/div>\n<p style=\"text-align: justify\">Neben einer Tiefe von nur 56 mm zeichnet sich das Loxone Netzteil von TDK durch eine einfache Integration in flache Schalt- und Sicherungsschr\u00e4nke aus. Das Hutschienen Netzteil liefert 24V Gleichspannung f\u00fcr die optimale Versorgung der Loxone Steuerungen. Die maximale Ausgangsleistung des Netzteils betr\u00e4gt 0,4A und eignet sich f\u00fcr z.B. zum Anschluss des Loxone Minservers und einer 1-Wire Extension.<\/p>\n<div class=\"nx-heading nx-heading-style-underlined nx-heading-align-left\" style=\"font-size:14px;margin-bottom:20px\"><h6 class=\"nx-heading-inner\"><strong><span style=\"color: #69c350\">Technische Daten<\/span><\/strong><\/h6><\/div>\n<div class=\"nx-list nx-list-style-\">\n<ul>\n<li><i class=\"fa fa-plus\" style=\"color:#69c350\"><\/i> Type: LOX-10-24<\/li>\n<li><i class=\"fa fa-plus\" style=\"color:#69c350\"><\/i> Ma\u00dfe (HxBxT): 18 x 91 x 55,6<\/li>\n<li><i class=\"fa fa-plus\" style=\"color:#69c350\"><\/i> Eingangsspannung: 100-240 VAC<\/li>\n<li><i class=\"fa fa-plus\" style=\"color:#69c350\"><\/i> Ausgangsspannung: 24VDC 10W<\/li>\n<li><i class=\"fa fa-plus\" style=\"color:#69c350\"><\/i> Betriebstemperatur: -40\u00b0C bis  71\u00b0C<\/li>\n<li><i class=\"fa fa-plus\" style=\"color:#69c350\"><\/i> robustes Geh\u00e4use: 1 TE<\/li>\n<li><i class=\"fa fa-plus\" style=\"color:#69c350\"><\/i> Gewicht: 60g<\/li>\n<li><i class=\"fa fa-plus\" style=\"color:#69c350\"><\/i> Parallelbetrieb m\u00f6glich: nein<\/li>\n<\/ul>\n<\/div>\n<div class=\"nx-heading nx-heading-style-underlined nx-heading-align-left\" style=\"font-size:14px;margin-bottom:20px\"><h6 class=\"nx-heading-inner\"><strong><span style=\"color: #69c350\">Lieferumfang<\/span><\/strong><\/h6><\/div>\n<div class=\"nx-list nx-list-style-\">\n<ul>\n<li><i class=\"fa fa-plus\" style=\"color:#69c350\"><\/i> 1x Netzteil 24V, 0,4A<\/li>\n<\/ul>\n<\/div>\n","protected":false},"excerpt":{"rendered":"<p><\/br>Die Hutschienenstromversorgung in robustem Geh\u00e4use und einer Einbautiefe von 56mm.<br \/>\n[nx_list icon=\"icon: check\" icon_color=\"#69c350\"]<\/p>\n<ul>\n<li>Stromversorgung der Loxone Steuerungen<\/li>\n<li>nur 56mm Einbautiefe<\/li>\n<li>Weitbereichseingang von 100-240VAC<\/li>\n<li>Ausgangsspannung von 24VDC 10W m\u00f6glich<\/li>\n<\/ul>\n<p>[\/nx_list]<\/p>\n","protected":false},"featured_media":998,"comment_status":"open","ping_status":"closed","template":"","meta":[],"product_cat":[53],"product_tag":[79,149,150],"_links":{"self":[{"href":"https:\/\/www.logic-home.de\/shop\/wp-json\/wp\/v2\/product\/636"}],"collection":[{"href":"https:\/\/www.logic-home.de\/shop\/wp-json\/wp\/v2\/product"}],"about":[{"href":"https:\/\/www.logic-home.de\/shop\/wp-json\/wp\/v2\/types\/product"}],"replies":[{"embeddable":true,"href":"https:\/\/www.logic-home.de\/shop\/wp-json\/wp\/v2\/comments?post=636"}],"wp:featuredmedia":[{"embeddable":true,"href":"https:\/\/www.logic-home.de\/shop\/wp-json\/wp\/v2\/media\/998"}],"wp:attachment":[{"href":"https:\/\/www.logic-home.de\/shop\/wp-json\/wp\/v2\/media?parent=636"}],"wp:term":[{"taxonomy":"product_cat","embeddable":true,"href":"https:\/\/www.logic-home.de\/shop\/wp-json\/wp\/v2\/product_cat?post=636"},{"taxonomy":"product_tag","embeddable":true,"href":"https:\/\/www.logic-home.de\/shop\/wp-json\/wp\/v2\/product_tag?post=636"}],"curies":[{"name":"wp","href":"https:\/\/api.w.org\/{rel}","templated":true}]}}