{"id":633,"date":"2017-01-01T00:00:16","date_gmt":"2016-12-31T23:00:16","guid":{"rendered":"https:\/\/www.logic-home.de\/shop\/produkt\/import-placeholder-for-790\/"},"modified":"2021-08-03T14:17:17","modified_gmt":"2021-08-03T12:17:17","slug":"aquastar-air","status":"publish","type":"product","link":"https:\/\/www.logic-home.de\/shop\/produkt\/aquastar-air\/","title":{"rendered":"AquaStar Air"},"content":{"rendered":"<div class=\"nx-spacer\" style=\"height:15px\"><\/div>\n<div class=\"nx-heading nx-heading-style-underlined nx-heading-align-left\" style=\"font-size:14px;margin-bottom:20px\"><h6 class=\"nx-heading-inner\"><strong><span style=\"color: #69c350\">Vollautomatische Poolsteuerung f\u00fcr maximalen Komfort<\/span><\/strong><\/h6><\/div>\n<p style=\"text-align: justify\">Das 6-Wege R\u00fccksp\u00fclventil AquaStar Air wird kabellos mit dem Loxone Miniserver oder Loxone Miniserver Go verbunden und so in das Loxone Smart Home integriert. Der Miniserver erm\u00f6glicht als Herzst\u00fcck die einfache Konfiguration, intelligente Steuerung, \u00dcberwachung und Automatisierung des Pools.<br \/>\nDurch die komfortable vollautomatische Steuerung gewinnen Sie mehr Zeit, um Ihren Pool zu genie\u00dfen.<\/p>\n<div class=\"nx-heading nx-heading-style-underlined nx-heading-align-left\" style=\"font-size:14px;margin-bottom:20px\"><h6 class=\"nx-heading-inner\"><strong><span style=\"color: #69c350\">Alles im Blick mit den Loxone Apps<\/span><\/strong><\/h6><\/div>\n<p style=\"text-align: justify\">Egal ob Zuhause \u00fcber den Browser am PC oder via Smartphone von unterwegs, Sie haben Ihren Pool \u00fcberall im Blick. So k\u00f6nnen Sie jederzeit Wassertemperatur, F\u00fcllstand, Filterzeiten, Poolabdeckung, Gegenstromanlage und mehr steuern und \u00fcberwachen.<\/p>\n<div class=\"nx-heading nx-heading-style-underlined nx-heading-align-left\" style=\"font-size:14px;margin-bottom:20px\"><h6 class=\"nx-heading-inner\"><strong><span style=\"color: #69c350\">Beste Wasserqualit\u00e4t ohne Aufwand<\/span><\/strong><\/h6><\/div>\n<p style=\"text-align: justify\">Der Loxone AquaStar Air sorgt mit seiner Funktionalit\u00e4t f\u00fcr beste Wasserqualit\u00e4t Ihres Pools und &#8218;kann&#8216; Filtern, R\u00fccksp\u00fclen, Klarsp\u00fclen, Zirkulieren, Entleeren, Winterposition oder &#8222;Geschlossen&#8220;.<\/p>\n<div class=\"nx-heading nx-heading-style-coloredline nx-heading-align-left\" style=\"font-size:14px;margin-bottom:20px\"><h6 class=\"nx-heading-inner\"><strong>Filtern<\/strong><\/h6><\/div>\n<p style=\"text-align: justify\">Das \u00fcber die Pumpe angesaugte Wasser wird durch den Sand gepumpt, der so die Schmutzteilchen aussiebt. In den Einlauf gelangt dann das ges\u00e4uberte Wasser.<\/p>\n<div class=\"nx-heading nx-heading-style-coloredline nx-heading-align-left\" style=\"font-size:14px;margin-bottom:20px\"><h6 class=\"nx-heading-inner\"><strong>R\u00fccksp\u00fclen<\/strong><\/h6><\/div>\n<p style=\"text-align: justify\">Bei diesem Vorgang wird der Wasserstrom umgekehrt, das Wasser dr\u00fcckt von unten gegen den Sand, wobei sich der Schmutz l\u00f6st und \u00fcber den Abwasseranschluss ausgesp\u00fclt wird.<\/p>\n<div class=\"nx-heading nx-heading-style-coloredline nx-heading-align-left\" style=\"font-size:14px;margin-bottom:20px\"><h6 class=\"nx-heading-inner\"><strong>Klarsp\u00fclen<\/strong><\/h6><\/div>\n<p style=\"text-align: justify\">Wird nach dem R\u00fccksp\u00fclen aktiviert, um zu verhindern, dass der Schmutz wieder in den Pool gelangt. Dabei setzt sich der Sand wieder und ein wenig Wasser wird \u00fcber die Abwasserleitung abgeleitet.<\/p>\n<div class=\"nx-heading nx-heading-style-coloredline nx-heading-align-left\" style=\"font-size:14px;margin-bottom:20px\"><h6 class=\"nx-heading-inner\"><strong>Zirkulieren<\/strong><\/h6><\/div>\n<p style=\"text-align: justify\">Mit Zirkulieren umgeht die Anlage den Filter, pumpt also einfach das Wasser wieder in den Pool.<\/p>\n<div class=\"nx-heading nx-heading-style-coloredline nx-heading-align-left\" style=\"font-size:14px;margin-bottom:20px\"><h6 class=\"nx-heading-inner\"><strong>Entleeren<\/strong><\/h6><\/div>\n<p style=\"text-align: justify\">Entleeren dient dazu, nach Saisonende den Pool auslaufen zu lassen.<\/p>\n<div class=\"nx-heading nx-heading-style-coloredline nx-heading-align-left\" style=\"font-size:14px;margin-bottom:20px\"><h6 class=\"nx-heading-inner\"><strong>Geschlossen<\/strong><\/h6><\/div>\n<p style=\"text-align: justify\">Bei dieser Einstellung sind alle Wege geschlossen.<\/p>\n<div class=\"nx-heading nx-heading-style-underlined nx-heading-align-left\" style=\"font-size:14px;margin-bottom:20px\"><h6 class=\"nx-heading-inner\"><strong><span style=\"color: #69c350\">Wenn es darauf ankommt: flexible Alarmierung z.B. per Anruf<\/span><\/strong><\/h6><\/div>\n<p style=\"text-align: justify\">Lassen Sie sich von Ihrem Loxone Miniserver bei diversen Ereignissen, wie z.B. dem Erreichen von Wartungsintervallen, Grenzwerten, bei offener Poolabdeckung in Ihrer Abwesenheit usw. benachrichtigen. Wie Sie benachrichtigt werden, entscheiden Sie: per E-Mail, Anruf, blinkendes Licht,&#8230;<\/p>\n<div class=\"nx-heading nx-heading-style-underlined nx-heading-align-left\" style=\"font-size:14px;margin-bottom:20px\"><h6 class=\"nx-heading-inner\"><strong><span style=\"color: #69c350\">Sicherheit f\u00fcr alle<\/span><\/strong><\/h6><\/div>\n<p style=\"text-align: justify\">Der Loxone AquaStar Air bietet eine Reihe von Sicherheitsfunktionen:<\/p>\n<div class=\"nx-list nx-list-style-\">\n<ul>\n<li><i class=\"fa fa-check\" style=\"color:#69c350\"><\/i> vollautomatische &amp; intelligente Steuerung und \u00dcberwachung des Pools f\u00fcr maximalen Komfort bei minimalen Zeitaufwand<\/li>\n<li><i class=\"fa fa-check\" style=\"color:#69c350\"><\/i> Alarm bei Fehlfunktionen &amp; Benachrichtung per Anruf oder Mail<\/li>\n<li><i class=\"fa fa-check\" style=\"color:#69c350\"><\/i> sichere Pumpen- &amp; Abflusssteuerung<\/li>\n<li><i class=\"fa fa-check\" style=\"color:#69c350\"><\/i> sichere Ventilbewegung: Bei Bewegung ist das Sicherheitsventil geschlossen und Auslaufen des Pools wird verhindert<\/li>\n<li><i class=\"fa fa-check\" style=\"color:#69c350\"><\/i> Filtern bei aktiver Pumpe im Automatikmodus nicht m\u00f6glich<\/li>\n<li><i class=\"fa fa-check\" style=\"color:#69c350\"><\/i> separat erh\u00e4ltliches Safety Pack Akku-Set f\u00fcr den sicheren Betrieb bei Stromausfall<\/li>\n<\/ul>\n<\/div>\n<div class=\"nx-heading nx-heading-style-underlined nx-heading-align-left\" style=\"font-size:14px;margin-bottom:20px\"><h6 class=\"nx-heading-inner\"><strong><span style=\"color: #69c350\">Zahlreiche Schnittstellen<\/span><\/strong><\/h6><\/div>\n<p style=\"text-align: justify\">Der Loxone AquaStar Air ist mit zahlreichen Schnittstellen f\u00fcr eine umfangreiche Poolsteuerung ausgestattet, damit Sie alles rund um Ihren Pool steuern k\u00f6nnen.<\/p>\n<div class=\"nx-heading nx-heading-style-coloredline nx-heading-align-left\" style=\"font-size:14px;margin-bottom:20px\"><h6 class=\"nx-heading-inner\"><strong>Temperaturmessung<\/strong><\/h6><\/div>\n<p style=\"text-align: justify\">Der AquaStar bietet eine 1-Wire Schnittstelle, bei der Sie zB. kosteng\u00fcnstige 1-Wire Temperaturf\u00fchler anbringen k\u00f6nnen.<\/p>\n<div class=\"nx-heading nx-heading-style-coloredline nx-heading-align-left\" style=\"font-size:14px;margin-bottom:20px\"><h6 class=\"nx-heading-inner\"><strong>Integrierte Ausg\u00e4nge<\/strong><\/h6><\/div>\n<p style=\"text-align: justify\">Zus\u00e4tzlich dienen 3 frei verwendbare Relais Ausg\u00e4nge zur Ansteuerung von Beleuchtung, W\u00e4rmepumpe, Gegenstromanlage,&#8230;<\/p>\n<div class=\"nx-heading nx-heading-style-coloredline nx-heading-align-left\" style=\"font-size:14px;margin-bottom:20px\"><h6 class=\"nx-heading-inner\"><strong>Integrierte Eing\u00e4nge<\/strong><\/h6><\/div>\n<p style=\"text-align: justify\">\u00dcber die 2 frei verwendbaren Analogeing\u00e4nge k\u00f6nnen z.B. Drucksensoren zur F\u00fcllstandsmessung installiert werden.<\/p>\n<div class=\"nx-heading nx-heading-style-coloredline nx-heading-align-left\" style=\"font-size:14px;margin-bottom:20px\"><h6 class=\"nx-heading-inner\"><strong>Filterpumpe und Abflussventil<\/strong><\/h6><\/div>\n<p style=\"text-align: justify\">Der AquaStar Air verf\u00fcgt \u00fcber einen eigenen Anschluss f\u00fcr eine Filterpumpe und einem Sicherheitsventil f\u00fcr den Abfluss.<\/p>\n<div class=\"nx-heading nx-heading-style-underlined nx-heading-align-left\" style=\"font-size:14px;margin-bottom:20px\"><h6 class=\"nx-heading-inner\"><strong><span style=\"color: #69c350\">Einfach erweiterbar<\/span><\/strong><\/h6><\/div>\n<p style=\"text-align: justify\">Mit der Verbindung des Loxone AquaStar Air mit dem Loxone Miniserver k\u00f6nnen Sie nicht nur Ihren Pool automatisieren. Das System kann um zahlreiche Anwendungsgebiete erweitert werden:<\/p>\n<div class=\"nx-heading nx-heading-style-coloredline nx-heading-align-left\" style=\"font-size:14px;margin-bottom:20px\"><h6 class=\"nx-heading-inner\"><strong>Rund um den Pool<\/strong><\/h6><\/div>\n<p style=\"text-align: justify\">Mit dem Loxone Miniserver k\u00f6nnen Sie Ihren Pool weitere M\u00f6glichkeiten erweitern. Integrieren Sie z.B.<br \/>\n<div class=\"nx-list nx-list-style-\">\n<ul>\n<li><i class=\"fa fa-check\" style=\"color:#69c350\"><\/i> Gegenstromanlage,<\/li>\n<li><i class=\"fa fa-check\" style=\"color:#69c350\"><\/i> Pool- &amp; Gartenbeleuchtung,<\/li>\n<li><i class=\"fa fa-check\" style=\"color:#69c350\"><\/i> die Poolabdeckung und vieles mehr<\/li>\n<\/ul>\n<\/div>\neinfach in das bestehende Loxone System.<\/p>\n<div class=\"nx-heading nx-heading-style-coloredline nx-heading-align-left\" style=\"font-size:14px;margin-bottom:20px\"><h6 class=\"nx-heading-inner\"><strong>In Ihrem Zuhause<\/strong><\/h6><\/div>\n<p style=\"text-align: justify\">Der Loxone Miniserver als zentrales, intelligentes Herzst\u00fcck im Loxone Smart Home in Ihrem Zuhause fasst alle Anwendungsgebiete zusammen und \u00fcbernimmt die Steuerung von Beschattung, Beleuchtung, Heizung und mehr.<\/p>\n<div class=\"nx-heading nx-heading-style-underlined nx-heading-align-left\" style=\"font-size:14px;margin-bottom:20px\"><h6 class=\"nx-heading-inner\"><strong><span style=\"color: #69c350\">Einfache Inbetriebnahme<\/span><\/strong><\/h6><\/div>\n<p style=\"text-align: justify\">Dank Loxone Air Technologie k\u00f6nnen Sie den Loxone AquaStar Air einfach in das Loxone Smart Home integrieren und so Ihren Pool vollautomatisch steuern. Die Integration ist problemlos auch bei bestehenden Poolanlagen m\u00f6glich.<br \/>\n4 Schritte zum Smarten Pool:<\/p>\n<div class=\"nx-heading nx-heading-style-coloredline nx-heading-align-left\" style=\"font-size:14px;margin-bottom:20px\"><h6 class=\"nx-heading-inner\"><strong>Montieren<\/strong><\/h6><\/div>\n<p style=\"text-align: justify\">Der Loxone AquaStar kann auf allen bekannten Filtermarken montiert werden, auch nachtr\u00e4glich. Nach Stromversorgung ist dieser betriebsbereit und kann dieser mit dem Loxone Miniserver verbunden werden.<\/p>\n<div class=\"nx-heading nx-heading-style-coloredline nx-heading-align-left\" style=\"font-size:14px;margin-bottom:20px\"><h6 class=\"nx-heading-inner\"><strong>Einlernen<\/strong><\/h6><\/div>\n<p style=\"text-align: justify\">Verbindung und Konfiguration erfolgen mit der kostenlosen Loxone Config Software. Im Suchfenster wird der AquaStar angezeigt und hinzugef\u00fcgt.<\/p>\n<div class=\"nx-heading nx-heading-style-coloredline nx-heading-align-left\" style=\"font-size:14px;margin-bottom:20px\"><h6 class=\"nx-heading-inner\"><strong>Konfigurieren<\/strong><\/h6><\/div>\n<p style=\"text-align: justify\">Der vorgefertigte Softwarebaustein &#8222;Pool&#8220; erm\u00f6glicht die einfache und schnelle Konfiguration von Pumpenlaufzeiten, Schwellwerten, Filterprogrammen, Temperatur\u00fcberwachung und vieles mehr.<\/p>\n<div class=\"nx-heading nx-heading-style-coloredline nx-heading-align-left\" style=\"font-size:14px;margin-bottom:20px\"><h6 class=\"nx-heading-inner\"><strong>Visualisieren<\/strong><\/h6><\/div>\n<p style=\"text-align: justify\">Der Softwarebaustein &#8222;Pool&#8220; verf\u00fcgt auch \u00fcber eine automatisch generierte Visualisierung, mit der Sie Ihren Pool auch aus der Ferne \u00fcberwachen und steuern k\u00f6nnen. Dazu stehen Ihnen kostenlose Apps f\u00fcr iPhone Android und dem Webbrowser zur Verf\u00fcgung.<\/p>\n<div class=\"nx-heading nx-heading-style-underlined nx-heading-align-left\" style=\"font-size:14px;margin-bottom:20px\"><h6 class=\"nx-heading-inner\"><strong><span style=\"color: #69c350\">Passendes Peraqua Zubeh\u00f6r<\/span><\/strong><\/h6><\/div>\n<p style=\"text-align: justify\">Der Loxone AquaStar Air wurde gemeinsam mit Peraqua, dem \u00f6sterreichischen Komplettausstatter f\u00fcr alle Poolarten entwickelt. Dies garantiert h\u00f6chste Kompatibilit\u00e4t zu Peraqua Produkten, wie z.B. dem Ocean V6 Sandfiltern. Peraqua bietet ein umfassendes Sortiment an Zubeh\u00f6r f\u00fcr Ihren Pool.<\/p>\n<div class=\"nx-heading nx-heading-style-underlined nx-heading-align-left\" style=\"font-size:14px;margin-bottom:20px\"><h6 class=\"nx-heading-inner\"><strong><span style=\"color: #69c350\">Technische Daten<\/span><\/strong><\/h6><\/div>\n<div class=\"nx-heading nx-heading-style-coloredline nx-heading-align-left\" style=\"font-size:14px;margin-bottom:20px\"><h6 class=\"nx-heading-inner\"><strong>Merkmale<\/strong><\/h6><\/div>\n<div class=\"nx-list nx-list-style-\">\n<ul>\n<li><i class=\"fa fa-plus\" style=\"color:#69c350\"><\/i> AquaStar 6-Wege R\u00fccksp\u00fclventil f\u00fcr automatisiertes Filtern, R\u00fccksp\u00fclen, Klarsp\u00fclen, Zirkulieren, Entleeren, Winterposition und Geschlossen<\/li>\n<li><i class=\"fa fa-plus\" style=\"color:#69c350\"><\/i> Schutzart IP65<\/li>\n<li><i class=\"fa fa-plus\" style=\"color:#69c350\"><\/i> Elektroantrieb 100 \u2013 240V AC<\/li>\n<li><i class=\"fa fa-plus\" style=\"color:#69c350\"><\/i> Direkter Anschluss fur PRAHER 2 oder 3 Wege EO510 Elektrokugelhahn (z.B. Kanalleitung)<\/li>\n<li><i class=\"fa fa-plus\" style=\"color:#69c350\"><\/i> Nachtr\u00e4gliche Adaptierungsf\u00e4higkeit auf allen bekannten Filtermarken mittels 1\u00bd\u2019\u2019 und 2\u2019\u2019 PRAHER Side Mount oder Top Mount Ventil inkl. PRAHER ABS Verrohrung und Verschraubungen zur schnellen und problemlosen Montage<\/li>\n<li><i class=\"fa fa-plus\" style=\"color:#69c350\"><\/i> Optional per PERAQUA Polyesterfilter Serie Vienna, Salzburg, Innsbruck und Klagenfurt Hochschichtfilter (DIN19643, \u00d6NORM6216) lieferbar (D400 \u2013 D900)<\/li>\n<li><i class=\"fa fa-plus\" style=\"color:#69c350\"><\/i> Serienm\u00e4\u00dfige Handnotbet\u00e4tigung<\/li>\n<li><i class=\"fa fa-plus\" style=\"color:#69c350\"><\/i> Anschluss von AquaStar SafetyPack m\u00f6glich (separat erh\u00e4ltlich)<\/li>\n<li><i class=\"fa fa-plus\" style=\"color:#69c350\"><\/i> Kostenlose Visualisierung durch Loxone Miniserver via iPhone, iPad und Android<\/li>\n<li><i class=\"fa fa-plus\" style=\"color:#69c350\"><\/i> Kostenlose Updates durch Loxone Miniserver<\/li>\n<li><i class=\"fa fa-plus\" style=\"color:#69c350\"><\/i> Erh\u00e4ltlich als 1,5\u201d Side Mount und 2\u201d Side Mount Variante<\/li>\n<\/ul>\n<\/div>\n<div class=\"nx-heading nx-heading-style-coloredline nx-heading-align-left\" style=\"font-size:14px;margin-bottom:20px\"><h6 class=\"nx-heading-inner\"><strong>Schnittstellen<\/strong><\/h6><\/div>\n<div class=\"nx-list nx-list-style-\">\n<ul>\n<li><i class=\"fa fa-plus\" style=\"color:#69c350\"><\/i> 1-Wire Schnittstelle zum Anschluss von 1-Wire Temperatursensoren<\/li>\n<li><i class=\"fa fa-plus\" style=\"color:#69c350\"><\/i> 1 Analogeingang 0,5 \u2013 5V (z.B. Drucksensor f\u00fcr Systemdruck)<\/li>\n<li><i class=\"fa fa-plus\" style=\"color:#69c350\"><\/i> 1 Analogeingang 0 \u2013 10V (z.B. Drucksensor f\u00fcr F\u00fcllstandsmessung)<\/li>\n<li><i class=\"fa fa-plus\" style=\"color:#69c350\"><\/i> 3 Relais 250VAC 5A zur freien Verwendung (z.B. f\u00fcr Gegenstromanlage)<\/li>\n<li><i class=\"fa fa-plus\" style=\"color:#69c350\"><\/i> Loxone Air Technologie zur kabellosen Verbindung zum Loxone Miniserver<\/li>\n<li><i class=\"fa fa-plus\" style=\"color:#69c350\"><\/i> Direkter Pumpenanschluss (250V AC, 8A) mit Sicherheitsschaltung<\/li>\n<li><i class=\"fa fa-plus\" style=\"color:#69c350\"><\/i> Direkter Anschluss von Sicherheitsventil f\u00fcr Abfluss (PRAHER 2 Wege EO510 Elektrokugelhahn)<\/li>\n<\/ul>\n<\/div>\n<div class=\"nx-heading nx-heading-style-underlined nx-heading-align-left\" style=\"font-size:14px;margin-bottom:20px\"><h6 class=\"nx-heading-inner\"><strong><span style=\"color: #69c350\">Lieferumfang<\/span><\/strong><\/h6><\/div>\n<div class=\"nx-list nx-list-style-\">\n<ul>\n<li><i class=\"fa fa-plus\" style=\"color:#69c350\"><\/i> 1x AquaStar Air<\/li>\n<\/ul>\n<\/div>\n","protected":false},"excerpt":{"rendered":"<p><\/br>Der Loxone AquaStar Air ist das modernste 6-Wege R\u00fccksp\u00fclventil der Welt und erm\u00f6glicht in Verbindung mit dem Loxone Miniserver oder Miniserver Go erstmals die vollautomatische und intelligente Poolsteuerung im Loxone Smart Home:<br \/>\n[nx_list icon=\"icon: check\" icon_color=\"#69c350\"]<\/p>\n<ul>\n<li>vollautomatische &amp; intelligente Steuerung und \u00dcberwachung des Pools f\u00fcr maximalen Komfort bei minimalen Zeitaufwand<\/li>\n<li>inklusive zahlreicher Schnittstellen f\u00fcr Temperaturmessung, Filterpumpe, Poolabdeckung, Gegenstromanlage und mehr<\/li>\n<li>Steuerung und \u00dcberwachung auch aus der Ferne mit den kostenlosen Loxone Apps<\/li>\n<li>einfache Inbetriebnahme binnen Minuten durch vorgefertigten Softwarebaustein<\/li>\n<li>flexibel &amp; zukunftssicher dank integrierter Loxone Air Funktechnologie<\/li>\n<li>f\u00fcr eine regelm\u00e4\u00dfige &amp; automatische Poolfilterrreinigung f\u00fcr beste Wasserqualit\u00e4t<\/li>\n<\/ul>\n<p>[\/nx_list]<\/p>\n","protected":false},"featured_media":768,"comment_status":"open","ping_status":"closed","template":"","meta":[],"product_cat":[48,60,52],"product_tag":[64,65,146],"_links":{"self":[{"href":"https:\/\/www.logic-home.de\/shop\/wp-json\/wp\/v2\/product\/633"}],"collection":[{"href":"https:\/\/www.logic-home.de\/shop\/wp-json\/wp\/v2\/product"}],"about":[{"href":"https:\/\/www.logic-home.de\/shop\/wp-json\/wp\/v2\/types\/product"}],"replies":[{"embeddable":true,"href":"https:\/\/www.logic-home.de\/shop\/wp-json\/wp\/v2\/comments?post=633"}],"wp:featuredmedia":[{"embeddable":true,"href":"https:\/\/www.logic-home.de\/shop\/wp-json\/wp\/v2\/media\/768"}],"wp:attachment":[{"href":"https:\/\/www.logic-home.de\/shop\/wp-json\/wp\/v2\/media?parent=633"}],"wp:term":[{"taxonomy":"product_cat","embeddable":true,"href":"https:\/\/www.logic-home.de\/shop\/wp-json\/wp\/v2\/product_cat?post=633"},{"taxonomy":"product_tag","embeddable":true,"href":"https:\/\/www.logic-home.de\/shop\/wp-json\/wp\/v2\/product_tag?post=633"}],"curies":[{"name":"wp","href":"https:\/\/api.w.org\/{rel}","templated":true}]}}