{"id":632,"date":"2017-01-01T00:00:15","date_gmt":"2016-12-31T23:00:15","guid":{"rendered":"https:\/\/www.logic-home.de\/shop\/produkt\/import-placeholder-for-786\/"},"modified":"2021-08-03T14:17:18","modified_gmt":"2021-08-03T12:17:18","slug":"temperatur-feuchtefuehler-sauna","status":"publish","type":"product","link":"https:\/\/www.logic-home.de\/shop\/produkt\/temperatur-feuchtefuehler-sauna\/","title":{"rendered":"Temperatur &amp; Feuchtef\u00fchler Sauna"},"content":{"rendered":"<div class=\"nx-spacer\" style=\"height:15px\"><\/div>\n<p style=\"text-align: justify\">Durch die Temperaturbest\u00e4ndigkeit von -30\u00b0C bis 120\u00b0C eignet sich der Temperatur-&amp; Feuchtef\u00fchler vor allem f\u00fcr Messungen in Saunen oder R\u00e4umlichkeiten im Hochtemperaturbereich. Der Messf\u00fchler aus hochwertigem Edelstahl besitzt einen vernickelten Sinterbronze Schutzfilter. Der F\u00fchlerkopf selbst ist druckdicht vergossen und kann dadurch auch bei Druckdifferenzen und h\u00f6heren Str\u00f6mungsgeschwindigkeiten, beispielsweise in L\u00fcftungskan\u00e4len, betrieben werden.<\/p>\n<p style=\"text-align: justify\">Mit einem integrierten 0-10V Messumformer kann der F\u00fchler an jedem Ger\u00e4t angeschlossen werden, welches ein 0-10V Standardsignal auslesen kann.<\/p>\n<div class=\"nx-list nx-list-style-\">\n<ul>\n<li><i class=\"fa fa-check\" style=\"color:#69c350\"><\/i> Geeignet zum Dauereinsatz am Loxone Miniserver bzw. an der Extension<\/li>\n<li><i class=\"fa fa-check\" style=\"color:#69c350\"><\/i> Geeignet f\u00fcr alle Ger\u00e4te, die ein 0-10V Standardsignal verarbeiten k\u00f6nnen<\/li>\n<\/ul>\n<\/div>\n<div class=\"nx-heading nx-heading-style-underlined nx-heading-align-left\" style=\"font-size:14px;margin-bottom:20px\"><h6 class=\"nx-heading-inner\"><strong><span style=\"color: #69c350\">Technische Daten<\/span><\/strong><\/h6><\/div>\n<div class=\"nx-list nx-list-style-\">\n<ul>\n<li><i class=\"fa fa-plus\" style=\"color:#69c350\"><\/i> Feuchtemessung<br \/>\nStandardsignal: 0-10V<br \/>\nMessbereich: 0 \u2013 100% r.F.<br \/>\nGenauigkeit:  \/- 2% r.F. (von 25%-90% r.F.)<br \/>\nSensorelement: Kombi-Sensor (Feuchte und Temp)<\/li>\n<li><i class=\"fa fa-plus\" style=\"color:#69c350\"><\/i> Temperaturmessung<br \/>\nStandardsignal: 0-10V<br \/>\nMessbereich: -30\u00b0C bis  120\u00b0C<br \/>\nGenauigkeit:  \/- 0,5\u00b0C<\/li>\n<li><i class=\"fa fa-plus\" style=\"color:#69c350\"><\/i> Allgemein<br \/>\nCE-Konformit\u00e4t: 89\/336\/EWG EMV<br \/>\nSt\u00f6raussendung: EN 61000-6-3:2001<br \/>\nGeh\u00e4use: Elektronik Polyamid GK30<br \/>\nAnschluss: Schraubklemmen 1,5mm\u00b2<br \/>\nAnschlusskabel: 2000mm (SILIKON)<br \/>\nSchutzfilter: Sinterbronze vernickelt<br \/>\nBetriebsspannung: 15-36 VDC \/ 24 VAC<br \/>\n\u00dcberspannungsschutz: Varistor<\/li>\n<\/ul>\n<\/div>\n<div class=\"nx-heading nx-heading-style-underlined nx-heading-align-left\" style=\"font-size:14px;margin-bottom:20px\"><h6 class=\"nx-heading-inner\"><strong><span style=\"color: #69c350\">Lieferumfang<\/span><\/strong><\/h6><\/div>\n<div class=\"nx-list nx-list-style-\">\n<ul>\n<li><i class=\"fa fa-plus\" style=\"color:#69c350\"><\/i> 1x Temperatur-\/Feuchtef\u00fchler<\/li>\n<li><i class=\"fa fa-plus\" style=\"color:#69c350\"><\/i> 1x Datenblatt<\/li>\n<\/ul>\n<\/div>\n","protected":false},"excerpt":{"rendered":"<p><\/br>Messen Sie Temperatur und Feuchte in Ihrer Sauna oder in anderen R\u00e4umlichkeiten im Hochtemperaturbereich.<br \/>\n[nx_list icon=\"icon: check\" icon_color=\"#69c350\"]<\/p>\n<ul>\n<li>Temperaturbest\u00e4ndig (-30\u00b0C bis 120\u00b0C)<\/li>\n<li>F\u00fchler aus hochwertigem Edelstahl<\/li>\n<li>geeignet f\u00fcr Ger\u00e4te, die ein 0-10V Standardsignal verarbeiten k\u00f6nnen<\/li>\n<\/ul>\n<p>[\/nx_list]<\/p>\n","protected":false},"featured_media":1085,"comment_status":"open","ping_status":"closed","template":"","meta":[],"product_cat":[57,47,60,98],"product_tag":[99,76,148,78,102],"_links":{"self":[{"href":"https:\/\/www.logic-home.de\/shop\/wp-json\/wp\/v2\/product\/632"}],"collection":[{"href":"https:\/\/www.logic-home.de\/shop\/wp-json\/wp\/v2\/product"}],"about":[{"href":"https:\/\/www.logic-home.de\/shop\/wp-json\/wp\/v2\/types\/product"}],"replies":[{"embeddable":true,"href":"https:\/\/www.logic-home.de\/shop\/wp-json\/wp\/v2\/comments?post=632"}],"wp:featuredmedia":[{"embeddable":true,"href":"https:\/\/www.logic-home.de\/shop\/wp-json\/wp\/v2\/media\/1085"}],"wp:attachment":[{"href":"https:\/\/www.logic-home.de\/shop\/wp-json\/wp\/v2\/media?parent=632"}],"wp:term":[{"taxonomy":"product_cat","embeddable":true,"href":"https:\/\/www.logic-home.de\/shop\/wp-json\/wp\/v2\/product_cat?post=632"},{"taxonomy":"product_tag","embeddable":true,"href":"https:\/\/www.logic-home.de\/shop\/wp-json\/wp\/v2\/product_tag?post=632"}],"curies":[{"name":"wp","href":"https:\/\/api.w.org\/{rel}","templated":true}]}}