{"id":625,"date":"2017-01-01T00:00:13","date_gmt":"2016-12-31T23:00:13","guid":{"rendered":"https:\/\/www.logic-home.de\/shop\/produkt\/import-placeholder-for-773\/"},"modified":"2021-08-03T14:17:18","modified_gmt":"2021-08-03T12:17:18","slug":"1-wire-huelsen-temperaturfuehler","status":"publish","type":"product","link":"https:\/\/www.logic-home.de\/shop\/produkt\/1-wire-huelsen-temperaturfuehler\/","title":{"rendered":"1-Wire H\u00fclsen Temperaturf\u00fchler"},"content":{"rendered":"<div class=\"nx-spacer\" style=\"height:15px\"><\/div>\n<p style=\"text-align: justify\">Der 1-Wire Temperatursensor eignet sich zur pr\u00e4zisen Erfassung der Temperatur im Au\u00dfenbereich. Der wasserfeste Sensor kann auch als Anlegef\u00fchler verwendet werden. Der 1-Wire Temperatursensor kann an jedes 1-Wire Ger\u00e4t angeschlossen werden und eignet sich so optimal f\u00fcr folgende Einsatzbereiche:<\/p>\n<div class=\"nx-list nx-list-style-\">\n<ul>\n<li><i class=\"fa fa-check\" style=\"color:#69c350\"><\/i> Pr\u00e4zise Erfassung der Temperatur im Au\u00dfenbereich<\/li>\n<li><i class=\"fa fa-check\" style=\"color:#69c350\"><\/i> Einsatz auch in fl\u00fcssigen Medien <\/li>\n<li><i class=\"fa fa-check\" style=\"color:#69c350\"><\/i> Temperaturaufzeichnungen mittels Anschluss an ein 1-Wire Ger\u00e4t<\/li>\n<li><i class=\"fa fa-check\" style=\"color:#69c350\"><\/i> Geeignet zum Dauereinsatz an der Loxone 1-Wire Extension<\/li>\n<li><i class=\"fa fa-check\" style=\"color:#69c350\"><\/i> Geeignet zum Einsatz an jedem 1-Wire Ger\u00e4t<\/li>\n<li><i class=\"fa fa-check\" style=\"color:#69c350\"><\/i> Seriennummer und Anschlussbeschreibung sind mittels Etikett am Sensor angebracht.<\/li>\n<\/ul>\n<\/div>\n<div class=\"nx-heading nx-heading-style-underlined nx-heading-align-left\" style=\"font-size:14px;margin-bottom:20px\"><h6 class=\"nx-heading-inner\"><strong><span style=\"color: #69c350\">Technische Daten<\/span><\/strong><\/h6><\/div>\n<div class=\"nx-list nx-list-style-\">\n<ul>\n<li><i class=\"fa fa-plus\" style=\"color:#69c350\"><\/i> Kann von der Datenleitung mit Strom versorgt werden<\/li>\n<li><i class=\"fa fa-plus\" style=\"color:#69c350\"><\/i> Durchmesser H\u00fclse: 6mm<\/li>\n<li><i class=\"fa fa-plus\" style=\"color:#69c350\"><\/i> Genauigkeit:  \/- 0,5\u00b0C (bei -10&#8230; 85\u00b0C)<\/li>\n<li><i class=\"fa fa-plus\" style=\"color:#69c350\"><\/i> Messbereich: -55&#8230;125\u00b0C<\/li>\n<li><i class=\"fa fa-plus\" style=\"color:#69c350\"><\/i> Das Kabel h\u00e4lt Temperaturen bis 180\u00b0C stand und besteht aus hochwertigem Silikon.<\/li>\n<\/ul>\n<\/div>\nKeine Instandhaltung notwendig. Reinigung mit einem trockenen Tuch.<br \/>\n<div class=\"nx-heading nx-heading-style-underlined nx-heading-align-left\" style=\"font-size:14px;margin-bottom:20px\"><h6 class=\"nx-heading-inner\"><strong><span style=\"color: #69c350\">Lieferumfang<\/span><\/strong><\/h6><\/div>\n<div class=\"nx-list nx-list-style-\">\n<ul>\n<li><i class=\"fa fa-plus\" style=\"color:#69c350\"><\/i> 1x 2m 1-Wire Temperaturf\u00fchler in wasserfester H\u00fclse<\/li>\n<li><i class=\"fa fa-plus\" style=\"color:#69c350\"><\/i> 1x Rohrschelle zur Rohrmontage<\/li>\n<\/ul>\n<\/div>\n","protected":false},"excerpt":{"rendered":"<p><\/br>Pr\u00e4ziser und wasserfester Temperaturf\u00fchler zum Anschluss an die Loxone 1-Wire Extension.<br \/>\n[nx_list icon=\"icon: check\" icon_color=\"#69c350\"]<\/p>\n<ul>\n<li>erfasst pr\u00e4zise Temperatur<\/li>\n<li>f\u00fcr den Einsatz im Au\u00dfenbereich und in fl\u00fcssigen Medien<\/li>\n<li>als Anlegef\u00fchler geeignet<\/li>\n<li>sehr g\u00fcnstig<\/li>\n<\/ul>\n<p>[\/nx_list]<\/p>\n","protected":false},"featured_media":761,"comment_status":"open","ping_status":"closed","template":"","meta":[],"product_cat":[57,47,60,98],"product_tag":[111,76,146,78,102],"_links":{"self":[{"href":"https:\/\/www.logic-home.de\/shop\/wp-json\/wp\/v2\/product\/625"}],"collection":[{"href":"https:\/\/www.logic-home.de\/shop\/wp-json\/wp\/v2\/product"}],"about":[{"href":"https:\/\/www.logic-home.de\/shop\/wp-json\/wp\/v2\/types\/product"}],"replies":[{"embeddable":true,"href":"https:\/\/www.logic-home.de\/shop\/wp-json\/wp\/v2\/comments?post=625"}],"wp:featuredmedia":[{"embeddable":true,"href":"https:\/\/www.logic-home.de\/shop\/wp-json\/wp\/v2\/media\/761"}],"wp:attachment":[{"href":"https:\/\/www.logic-home.de\/shop\/wp-json\/wp\/v2\/media?parent=625"}],"wp:term":[{"taxonomy":"product_cat","embeddable":true,"href":"https:\/\/www.logic-home.de\/shop\/wp-json\/wp\/v2\/product_cat?post=625"},{"taxonomy":"product_tag","embeddable":true,"href":"https:\/\/www.logic-home.de\/shop\/wp-json\/wp\/v2\/product_tag?post=625"}],"curies":[{"name":"wp","href":"https:\/\/api.w.org\/{rel}","templated":true}]}}