{"id":606,"date":"2017-04-19T00:00:48","date_gmt":"2017-04-18T22:00:48","guid":{"rendered":"https:\/\/www.logic-home.de\/shop\/produkt\/import-placeholder-for-673\/"},"modified":"2021-08-03T09:44:55","modified_gmt":"2021-08-03T07:44:55","slug":"fenstergriff-air","status":"publish","type":"product","link":"https:\/\/www.logic-home.de\/shop\/produkt\/fenstergriff-air\/","title":{"rendered":"Fenstergriff Air"},"content":{"rendered":"<div class=\"nx-spacer\" style=\"height:15px\"><\/div>\n<div class=\"nx-heading nx-heading-style-underlined nx-heading-align-left\" style=\"font-size:14px;margin-bottom:20px\"><h6 class=\"nx-heading-inner\"><strong><span style=\"color: #69c350\">Sicherheit und Zuverl\u00e4ssigkeit in einem Griff integriert<\/span><\/strong><\/h6><\/div>\n<p style=\"text-align: justify\">Haben Sie nicht auch manchmal das Gef\u00fchl zu Hause irgendetwas vergessen zu haben? Dank dem neuen Fenstergriff Air brauchen Sie sich zumindest keine Sorgen mehr zu machen, ob Sie vor dem Verlassen des Hauses alle Fenster geschlossen haben. Durch die innovative Loxone Air Technologie erfasst der Fenstergriff Air den aktuellen Status Ihrer Fenster, sowie Glasbruch durch Ersch\u00fctterung \u2013 und das ganz ohne Verkabelungsaufwand. Nahtlos ins Loxone Smart Home integriert sorgt er somit f\u00fcr mehr Sicherheit in Ihrem Zuhause.<\/p>\n<div class=\"nx-heading nx-heading-style-underlined nx-heading-align-left\" style=\"font-size:14px;margin-bottom:20px\"><h6 class=\"nx-heading-inner\"><strong><span style=\"color: #69c350\">Alles im Griff, immer und \u00fcberall<\/span><\/strong><\/h6><\/div>\n<p style=\"text-align: justify\">Sie kennen bestimmt dieses Situation bei der Sie von zu Hause wegfahren, der Wetterbericht Regen voraussagt und Sie intensiv \u00fcberlegen m\u00fcssen, ob Sie auch tats\u00e4chlich alle Fenster im Haus geschlossen haben. Diese Zeiten sind nun vorbei. Dank dem Fenstergriff Air haben Sie sofort Gewissheit \u00fcber den aktuellen \u00d6ffnungsstand Ihrer Fenster, egal wo Sie sich gerade befinden.<\/p>\n<div class=\"nx-heading nx-heading-style-coloredline nx-heading-align-left\" style=\"font-size:14px;margin-bottom:20px\"><h6 class=\"nx-heading-inner\"><strong>Sicherheit hat oberste Priorit\u00e4t<\/strong><\/h6><\/div>\n<p style=\"text-align: justify\">Die h\u00e4ufigsten Einbr\u00fcche werden durch Glasbruch verursacht. Dank integriertem Ersch\u00fctterungssensor werden Ersch\u00fctterungen am Glas zuverl\u00e4ssig erfasst. Zus\u00e4tzlich informiert Sie Ihr Zuhause unmittelbar \u00fcber den Vorfall.<\/p>\n<div class=\"nx-heading nx-heading-style-coloredline nx-heading-align-left\" style=\"font-size:14px;margin-bottom:20px\"><h6 class=\"nx-heading-inner\"><strong>Immer und \u00fcberall im Blick<\/strong><\/h6><\/div>\n<p style=\"text-align: justify\">Durch die Erkennung der drei Griffpositionen (geschlossen, ge\u00f6ffnet &amp; gekippt) behalten Sie stets den \u00dcberblick \u00fcber Ihre Fenster und k\u00f6nnen somit auch via App von der Ferne darauf einsehen.<\/p>\n<div class=\"nx-heading nx-heading-style-coloredline nx-heading-align-left\" style=\"font-size:14px;margin-bottom:20px\"><h6 class=\"nx-heading-inner\"><strong>Intelligent Heizkosten sparen<\/strong><\/h6><\/div>\n<p style=\"text-align: justify\">Registriert der Fenstergriff ein offenes Fenster, f\u00e4hrt das Loxone Smart Home die Heizung im jeweiligen Raum auf Wunsch runter. So heizen Sie Ihr Geld nie wieder aus dem Fenster.<\/p>\n<div class=\"nx-heading nx-heading-style-underlined nx-heading-align-left\" style=\"font-size:14px;margin-bottom:20px\"><h6 class=\"nx-heading-inner\"><strong><span style=\"color: #69c350\">Einfache Montage, schickes Design<\/span><\/strong><\/h6><\/div>\n<p style=\"text-align: justify\">Von der ersten Skizze bis hin zum letzten Schliff \u2013 der Fenstergriff Air wurde unter h\u00f6chster Pr\u00e4zision entwickelt und schm\u00fcckt mit seinem schicken Edelstahl-Design jedes Fenster.<\/p>\n<div class=\"nx-heading nx-heading-style-coloredline nx-heading-align-left\" style=\"font-size:14px;margin-bottom:20px\"><h6 class=\"nx-heading-inner\"><strong>Langlebiger Batteriebetrieb<\/strong><\/h6><\/div>\n<p style=\"text-align: justify\">Batteriebetrieben \u00fcber 2 AA Batterien mit einer erwarteten Lebensdauer von mehr als 2 Jahren.<\/p>\n<div class=\"nx-heading nx-heading-style-coloredline nx-heading-align-left\" style=\"font-size:14px;margin-bottom:20px\"><h6 class=\"nx-heading-inner\"><strong>Innovative Air Technologie<\/strong><\/h6><\/div>\n<p style=\"text-align: justify\">Dank der Loxone eigenen Funktechnologie einfach ins Loxone Smart Home integriert.<\/p>\n<div class=\"nx-heading nx-heading-style-coloredline nx-heading-align-left\" style=\"font-size:14px;margin-bottom:20px\"><h6 class=\"nx-heading-inner\"><strong>Einfache Montage<\/strong><\/h6><\/div>\n<p style=\"text-align: justify\">Der Fenstergriff Air ist in weniger als 5 Minuten installiert und kann sofort in Betrieb genommen werden.<\/p>\n<div class=\"nx-heading nx-heading-style-underlined nx-heading-align-left\" style=\"font-size:14px;margin-bottom:20px\"><h6 class=\"nx-heading-inner\"><strong><span style=\"color: #69c350\">Technische Daten<\/span><\/strong><\/h6><\/div>\n<div class=\"nx-list nx-list-style-\">\n<ul>\n<li><i class=\"fa fa-plus\" style=\"color:#69c350\"><\/i> Rastung: 4x 90\u00b0 Kugel-Rastung<\/li>\n<li><i class=\"fa fa-plus\" style=\"color:#69c350\"><\/i> Vierkantstift: 7mm, L\u00e4nge variabel 32-43mm<\/li>\n<li><i class=\"fa fa-plus\" style=\"color:#69c350\"><\/i> Nockendurchmesser: 10mm<\/li>\n<li><i class=\"fa fa-plus\" style=\"color:#69c350\"><\/i> Rosettenma\u00dfe: 144x36x27mm (HxBxT)<\/li>\n<li><i class=\"fa fa-plus\" style=\"color:#69c350\"><\/i> Schrauben: 3x M5 x 40\/50\/60<\/li>\n<li><i class=\"fa fa-plus\" style=\"color:#69c350\"><\/i> Spannungsversorgung: 2x 1.5V AA Batterie<\/li>\n<li><i class=\"fa fa-plus\" style=\"color:#69c350\"><\/i> Erwartete Batterielebensdauer in normalem Betrieb: 2 Jahre<\/li>\n<li><i class=\"fa fa-plus\" style=\"color:#69c350\"><\/i> Frequenz: 868MHz (SRD Band Europe), 915MHz (ISM Band Regio 2)<\/li>\n<li><i class=\"fa fa-plus\" style=\"color:#69c350\"><\/i> Schutzklasse: IP20<\/li>\n<li><i class=\"fa fa-plus\" style=\"color:#69c350\"><\/i> Betriebstemperatur: 0&#8230;50\u00b0C<\/li>\n<li><i class=\"fa fa-plus\" style=\"color:#69c350\"><\/i> Status LED: zweifarbig<\/li>\n<\/ul>\n<\/div>\n<div class=\"nx-heading nx-heading-style-underlined nx-heading-align-left\" style=\"font-size:14px;margin-bottom:20px\"><h6 class=\"nx-heading-inner\"><strong><span style=\"color: #69c350\">Lieferumfang<\/span><\/strong><\/h6><\/div>\n<div class=\"nx-list nx-list-style-\">\n<ul>\n<li><i class=\"fa fa-plus\" style=\"color:#69c350\"><\/i> 1x Fenstergriff Air<\/li>\n<li><i class=\"fa fa-plus\" style=\"color:#69c350\"><\/i> 2x AA Batterie<\/li>\n<li><i class=\"fa fa-plus\" style=\"color:#69c350\"><\/i> 3x M5 Schrauben 40\/50\/60mm<\/li>\n<li><i class=\"fa fa-plus\" style=\"color:#69c350\"><\/i> 1x Inbusschl\u00fcssel<\/li>\n<li><i class=\"fa fa-plus\" style=\"color:#69c350\"><\/i> 1x Produktinformation<\/li>\n<\/ul>\n<\/div>\n","protected":false},"excerpt":{"rendered":"<p><\/br>Der batteriebetriebene Fenstergriff Air erkennt schnell und zuverl\u00e4ssig ge\u00f6ffnete, geschlossene oder gekippte Fenster und l\u00e4sst sich ganz einfach im Loxone Smart Home integrieren. Zus\u00e4tzlich erkennt er anhand eines Ersch\u00fctterungssensors, ob jemand gewaltsam ins Haus eindringen will und die Bewohner werden sofort \u00fcber die App, per Mail oder akustischen Alarm informiert.<br \/>\n[nx_list icon=\"icon: check\" icon_color=\"#69c350\"]<\/p>\n<ul>\n<li>erkennt ge\u00f6ffnete, geschlossene oder gekippte Fenster<\/li>\n<li>erfasst Glasbruch durch Ersch\u00fctterung<\/li>\n<li>schickes Design dank Edelstahloptik<\/li>\n<li>installiert in unter 5 Minuten<\/li>\n<li>Batteriebetrieb mit bis zu 2 Jahren Lebensdauer<\/li>\n<li>sorgt f\u00fcr mehr Sicherheit in Ihrem Smart Home<\/li>\n<\/ul>\n<p>[\/nx_list]<\/p>\n","protected":false},"featured_media":824,"comment_status":"open","ping_status":"closed","template":"","meta":[],"product_cat":[48,57,47,62,40,44,52],"product_tag":[64,74,86,126,76,127,65,78],"_links":{"self":[{"href":"https:\/\/www.logic-home.de\/shop\/wp-json\/wp\/v2\/product\/606"}],"collection":[{"href":"https:\/\/www.logic-home.de\/shop\/wp-json\/wp\/v2\/product"}],"about":[{"href":"https:\/\/www.logic-home.de\/shop\/wp-json\/wp\/v2\/types\/product"}],"replies":[{"embeddable":true,"href":"https:\/\/www.logic-home.de\/shop\/wp-json\/wp\/v2\/comments?post=606"}],"wp:featuredmedia":[{"embeddable":true,"href":"https:\/\/www.logic-home.de\/shop\/wp-json\/wp\/v2\/media\/824"}],"wp:attachment":[{"href":"https:\/\/www.logic-home.de\/shop\/wp-json\/wp\/v2\/media?parent=606"}],"wp:term":[{"taxonomy":"product_cat","embeddable":true,"href":"https:\/\/www.logic-home.de\/shop\/wp-json\/wp\/v2\/product_cat?post=606"},{"taxonomy":"product_tag","embeddable":true,"href":"https:\/\/www.logic-home.de\/shop\/wp-json\/wp\/v2\/product_tag?post=606"}],"curies":[{"name":"wp","href":"https:\/\/api.w.org\/{rel}","templated":true}]}}