{"id":604,"date":"2017-01-01T00:00:48","date_gmt":"2016-12-31T23:00:48","guid":{"rendered":"https:\/\/www.logic-home.de\/shop\/produkt\/import-placeholder-for-663\/"},"modified":"2021-08-03T09:51:25","modified_gmt":"2021-08-03T07:51:25","slug":"tuer-und-fensterkontakt","status":"publish","type":"product","link":"https:\/\/www.logic-home.de\/shop\/produkt\/tuer-und-fensterkontakt\/","title":{"rendered":"T\u00fcr- und Fensterkontakt"},"content":{"rendered":"<div class=\"nx-spacer\" style=\"height:15px\"><\/div>\n<div class=\"nx-heading nx-heading-style-underlined nx-heading-align-left\" style=\"font-size:14px;margin-bottom:20px\"><h6 class=\"nx-heading-inner\"><strong><span style=\"color: #69c350\">Auf oder zu<\/span><\/strong><\/h6><\/div>\n<p style=\"text-align: justify\">Mit dem T\u00fcr- und Fensterkontakt werden offene Fenster und T\u00fcren im Smart Home schnell erkannt. Die Vorteile: mehr Sicherheit und Energie sparen.<\/p>\n<p>Bei anliegendem Magneten = Kontakt geschlossen<br \/>\nBei Entfernung des Magneten = Kontakt ge\u00f6ffnet<\/p>\n<div class=\"nx-heading nx-heading-style-underlined nx-heading-align-left\" style=\"font-size:14px;margin-bottom:20px\"><h6 class=\"nx-heading-inner\"><strong><span style=\"color: #69c350\">Gut bewacht<\/span><\/strong><\/h6><\/div>\n<p style=\"text-align: justify\">Ist das Fenster und somit der Kontakt ge\u00f6ffnet, hilft das Smart Home w\u00e4hrend des L\u00fcftens durch Absenkung der Temperatur Kosten zu sparen.<\/p>\n<p style=\"text-align: justify\">In Kombination mit dem Loxone Miniserver und dem Loxone Caller Service sorgt der T\u00fcr- und Fensterkontakt f\u00fcr mehr Sicherheit. Wird \u00fcber ge\u00f6ffnete T\u00fcren oder Fenster eingebrochen, werden Sie \u00fcber einen Anruf auf Ihr Smartphone alarmiert.<\/p>\n<div class=\"nx-heading nx-heading-style-underlined nx-heading-align-left\" style=\"font-size:14px;margin-bottom:20px\"><h6 class=\"nx-heading-inner\"><strong><span style=\"color: #69c350\">Einfache Montage<\/span><\/strong><\/h6><\/div>\n<p style=\"text-align: justify\">Eine Montage ist wahlweise durch Klebestreifen und\/oder Schrauben m\u00f6glich. Der Reedkontakt wird am Fenster- oder T\u00fcrrahmen angebracht, der Magnet am beweglichen Teil des Fensters bzw. T\u00fcrblatt. Zwischen dem fixen T\u00fcr- bzw. Fensterkontakt und dem Magneten ist ein max. Abstand von 2,5 cm m\u00f6glich.<\/p>\n<div class=\"nx-heading nx-heading-style-underlined nx-heading-align-left\" style=\"font-size:14px;margin-bottom:20px\"><h6 class=\"nx-heading-inner\"><strong><span style=\"color: #69c350\">Technische Daten<\/span><\/strong><\/h6><\/div>\n<div class=\"nx-list nx-list-style-\">\n<ul>\n<li><i class=\"fa fa-plus\" style=\"color:#69c350\"><\/i> Anschluss an einem digitalen Eingang<\/li>\n<li><i class=\"fa fa-plus\" style=\"color:#69c350\"><\/i> Max. Schaltspannung: 100V<\/li>\n<li><i class=\"fa fa-plus\" style=\"color:#69c350\"><\/i> Max. Schaltstrom: 0,5A<\/li>\n<li><i class=\"fa fa-plus\" style=\"color:#69c350\"><\/i> Max. Schaltleistung: 10W<\/li>\n<li><i class=\"fa fa-plus\" style=\"color:#69c350\"><\/i> Abmessungen: 35 (B) x 15 (H) x 8 (T) mm<\/li>\n<li><i class=\"fa fa-plus\" style=\"color:#69c350\"><\/i> Anschlusskabel: 3m L\u00e4nge<\/li>\n<li><i class=\"fa fa-plus\" style=\"color:#69c350\"><\/i> max. L\u00e4nge Kabel der Digitalen Eing\u00e4nge: 100m<\/li>\n<li><i class=\"fa fa-plus\" style=\"color:#69c350\"><\/i> Schaltschwellen<br \/>\nLogisch High: 24V &#8211; 9.7V<br \/>\nUndefiniert: 9.7V &#8211; 7.1V<br \/>\nLogisch Low: 7.1 &#8211; 0V<\/li>\n<\/ul>\n<\/div>\n<div class=\"nx-heading nx-heading-style-underlined nx-heading-align-left\" style=\"font-size:14px;margin-bottom:20px\"><h6 class=\"nx-heading-inner\"><strong><span style=\"color: #69c350\">Lieferumfang<\/span><\/strong><\/h6><\/div>\n<div class=\"nx-list nx-list-style-\">\n<ul>\n<li><i class=\"fa fa-plus\" style=\"color:#69c350\"><\/i> 1 x T\u00fcr- und Fensterkontakt mit Klebefolie und Anschlusskabel<\/li>\n<li><i class=\"fa fa-plus\" style=\"color:#69c350\"><\/i> 4 x Schrauben<\/li>\n<\/ul>\n<\/div>\n","protected":false},"excerpt":{"rendered":"<p><\/br>Der T\u00fcr- und Fensterkontakt registriert das \u00d6ffnen und Schlie\u00dfen von Fenstern und T\u00fcren (Haust\u00fcr, Garagentor, Saunat\u00fcr,&#8230;).<br \/>\n[nx_list icon=\"icon: check\" icon_color=\"#69c350\"]<\/p>\n<ul>\n<li>f\u00fcr mehr Sicherheit<\/li>\n<li>sparen Sie Energie<\/li>\n<li>einfach befestigt<\/li>\n<\/ul>\n<p>[\/nx_list]<\/p>\n","protected":false},"featured_media":1130,"comment_status":"open","ping_status":"closed","template":"","meta":[],"product_cat":[57,47,62,40,44],"product_tag":[74,86,126,76,127,78,128],"_links":{"self":[{"href":"https:\/\/www.logic-home.de\/shop\/wp-json\/wp\/v2\/product\/604"}],"collection":[{"href":"https:\/\/www.logic-home.de\/shop\/wp-json\/wp\/v2\/product"}],"about":[{"href":"https:\/\/www.logic-home.de\/shop\/wp-json\/wp\/v2\/types\/product"}],"replies":[{"embeddable":true,"href":"https:\/\/www.logic-home.de\/shop\/wp-json\/wp\/v2\/comments?post=604"}],"wp:featuredmedia":[{"embeddable":true,"href":"https:\/\/www.logic-home.de\/shop\/wp-json\/wp\/v2\/media\/1130"}],"wp:attachment":[{"href":"https:\/\/www.logic-home.de\/shop\/wp-json\/wp\/v2\/media?parent=604"}],"wp:term":[{"taxonomy":"product_cat","embeddable":true,"href":"https:\/\/www.logic-home.de\/shop\/wp-json\/wp\/v2\/product_cat?post=604"},{"taxonomy":"product_tag","embeddable":true,"href":"https:\/\/www.logic-home.de\/shop\/wp-json\/wp\/v2\/product_tag?post=604"}],"curies":[{"name":"wp","href":"https:\/\/api.w.org\/{rel}","templated":true}]}}