{"id":603,"date":"2017-01-01T00:00:48","date_gmt":"2016-12-31T23:00:48","guid":{"rendered":"https:\/\/www.logic-home.de\/shop\/produkt\/import-placeholder-for-657\/"},"modified":"2021-08-03T09:51:24","modified_gmt":"2021-08-03T07:51:24","slug":"rauchmelder-air","status":"publish","type":"product","link":"https:\/\/www.logic-home.de\/shop\/produkt\/rauchmelder-air\/","title":{"rendered":"Rauchmelder Air"},"content":{"rendered":"<div class=\"nx-spacer\" style=\"height:15px\"><\/div>\n<div class=\"nx-heading nx-heading-style-underlined nx-heading-align-left\" style=\"font-size:14px;margin-bottom:20px\"><h6 class=\"nx-heading-inner\"><strong><span style=\"color: #69c350;\">Inetlligentes Rauchmess-System<\/span><\/strong><\/h6><\/div>\n<p style=\"text-align: justify;\">Der Rauchmelder Air detektiert \u00fcber sein professionelles Rauchmesssystem mit 16-fach Messung sicher und verl\u00e4sslich Rauch und l\u00f6st im Ernstfall einen Alarm aus. Die intelligente Rauchmessung ber\u00fccksichtigt auch Temperaturschwankungen.<\/p>\n<div class=\"nx-heading nx-heading-style-underlined nx-heading-align-left\" style=\"font-size:14px;margin-bottom:20px\"><h6 class=\"nx-heading-inner\"><strong><span style=\"color: #69c350;\">Verl\u00e4sslich im Ernstfall<\/span><\/strong><\/h6><\/div>\n<p style=\"text-align: justify;\">Die Alarmierung des Stand Alone Rauchwarnmelders erfolgt \u00fcber einen lauten akustischen Alarm. Zus\u00e4tzlich blinkt die LED Lampe am Rauchmelder rot. Der Rauchmelder arbeitet autark. Das hei\u00dft, eine Alarmierung ist selbst bei Stromausfall gew\u00e4hrleistet.<\/p>\n<div class=\"nx-heading nx-heading-style-underlined nx-heading-align-left\" style=\"font-size:14px;margin-bottom:20px\"><h6 class=\"nx-heading-inner\"><strong><span style=\"color: #69c350;\">Perfekt integrierbar, aber selbstst\u00e4ndig<\/span><\/strong><\/h6><\/div>\n<p style=\"text-align: justify;\">Dank integriertem Loxone Air Modul kann der Rauchwarnmelder in das Loxone System eingebunden werden. Im Alarmfall wird \u00fcber die Loxone Air Technologie ein Signal an den Miniserver geschickt, der mit zus\u00e4tzlichen Alarmierungsfunktionen reagieren kann. Jalousien rauf, Notlicht an, Anruf.<\/p>\n<div class=\"nx-heading nx-heading-style-underlined nx-heading-align-left\" style=\"font-size:14px;margin-bottom:20px\"><h6 class=\"nx-heading-inner\"><strong><span style=\"color: #69c350;\">Batteriestatus<\/span><\/strong><\/h6><\/div>\n<p style=\"text-align: justify;\">Im Lieferumfang des Rauchmelders ist eine Langzeitbatterie enthalten. Der Batteriestatus wird t\u00e4glich an den Miniserver geschickt und kann so jederzeit in der Visualisierung eingesehen werden. N\u00e4hert sich die Lebenszeit der Batterie dem Ende, k\u00f6nnen Sie sich verl\u00e4sslich \u00fcber den Miniserver informieren lassen \u2013 per Anruf \u00fcber unseren Cloud Caller, per Mail \u00fcber unseren Cloud Mailer oder mit blinkendem Licht \u2013 wie Sie es m\u00f6gen.<\/p>\n<div class=\"nx-heading nx-heading-style-underlined nx-heading-align-left\" style=\"font-size:14px;margin-bottom:20px\"><h6 class=\"nx-heading-inner\"><strong><span style=\"color: #69c350;\">Rauchmelder retten Leben<\/span><\/strong><\/h6><\/div>\n<p style=\"text-align: justify;\">Seit einigen Jahren herrscht in weiten Teilen Deutschlands Rauchmelderpflicht. Diese sieht unvernetzte Rauchmelder zumindest in Neubauten \u2013 in Aufenthaltsr\u00e4umen, Schlafr\u00e4umen, Kinderzimmern und Fluren, die als Rettungsweg nach au\u00dfen dienen \u2013 vor.<\/p>\n<p style=\"text-align: justify;\">\u00fcr bestehende Wohnungen gelten verschiedene \u00dcbergangsregelungen. Die Rauchwarnmelder m\u00fcssen so eingebaut werden, dass Brandrauch fr\u00fchzeitig erkannt und gemeldet wird.<\/p>\n<div class=\"nx-heading nx-heading-style-underlined nx-heading-align-left\" style=\"font-size:14px;margin-bottom:20px\"><h6 class=\"nx-heading-inner\"><strong><span style=\"color: #69c350;\">Technische Daten<\/span><\/strong><\/h6><\/div>\n<div class=\"nx-list nx-list-style-\">\n<ul>\n<li><i class=\"fa fa-plus\" style=\"color:#69c350\"><\/i> Detektionsprinzip: Tyndall-Effekt (optisch)<\/li>\n<li><i class=\"fa fa-plus\" style=\"color:#69c350\"><\/i> Alarmanzeige: Alarmanzeige: optisch (LED rot) und akustisch Signalton &gt; 85dB(A)\/3m<\/li>\n<li><i class=\"fa fa-plus\" style=\"color:#69c350\"><\/i> Betriebsspannung: 9VDC<\/li>\n<li><i class=\"fa fa-plus\" style=\"color:#69c350\"><\/i> Batterietyp &amp; -laufzeit: 9V Blockbatterie, Laufzeit min. 4 Jahre<\/li>\n<li><i class=\"fa fa-plus\" style=\"color:#69c350\"><\/i> Betriebstemperatur: -10\u00b0C&#8230; 60\u00b0C<\/li>\n<li><i class=\"fa fa-plus\" style=\"color:#69c350\"><\/i> Luftfeuchtigkeit: 93% RH \/- 2% RH<\/li>\n<li><i class=\"fa fa-plus\" style=\"color:#69c350\"><\/i> Max. \u00dcberwachungsfl\u00e4che: 60m2 bis 6m H\u00f6he<\/li>\n<li><i class=\"fa fa-plus\" style=\"color:#69c350\"><\/i> Luftgeschwindigkeit: max. 20m\/s<\/li>\n<li><i class=\"fa fa-plus\" style=\"color:#69c350\"><\/i> Ansprechempfindlichkeit: 0,15dB\/m typisch<\/li>\n<li><i class=\"fa fa-plus\" style=\"color:#69c350\"><\/i> Schutzklasse: IP40<\/li>\n<li><i class=\"fa fa-plus\" style=\"color:#69c350\"><\/i> Geh\u00e4usematerial \/ Farbe: ABS \/ wei\u00df<\/li>\n<li><i class=\"fa fa-plus\" style=\"color:#69c350\"><\/i> Abmessungen (H x DM): 56mm inklusive Sockel x 110mm<\/li>\n<li><i class=\"fa fa-plus\" style=\"color:#69c350\"><\/i> Gewicht: ca. 0,18kg<\/li>\n<\/ul>\n<\/div>\n<div class=\"nx-heading nx-heading-style-underlined nx-heading-align-left\" style=\"font-size:14px;margin-bottom:20px\"><h6 class=\"nx-heading-inner\"><strong><span style=\"color: #69c350;\">Lieferumfang<\/span><\/strong><\/h6><\/div>\n<div class=\"nx-list nx-list-style-\">\n<ul>\n<li><i class=\"fa fa-plus\" style=\"color:#69c350\"><\/i> 1x Rauchmelder Air<\/li>\n<li><i class=\"fa fa-plus\" style=\"color:#69c350\"><\/i> 1x Gepr\u00fcfte 9V Blockbatterie<\/li>\n<li><i class=\"fa fa-plus\" style=\"color:#69c350\"><\/i> 1x D\u00fcbel Schrauben zur Montage<\/li>\n<\/ul>\n<\/div>\n","protected":false},"excerpt":{"rendered":"<p>Der neue Rauchmelder mit integrierter Air Technologie sorgt f\u00fcr mehr Sicherheit in Ihrem Zuhause.<br \/>\n[nx_list icon=\"icon: check\" icon_color=\"#69c350\"]<\/p>\n<ul>\n<li>optisches Detektionsprinzip<\/li>\n<li>akustischer Alarm<\/li>\n<li>zur Brandfr\u00fcherkennung<\/li>\n<li>arbeitet autark<\/li>\n<li>mit Loxone Air Modul zur Integration ins Loxone Smart Home<\/li>\n<li>inkl. Langzeitbatterie<\/li>\n<\/ul>\n<p>[\/nx_list]<\/p>\n","protected":false},"featured_media":1015,"comment_status":"open","ping_status":"closed","template":"","meta":[],"product_cat":[48,57,40,52],"product_tag":[64,74,130,65,131,78],"_links":{"self":[{"href":"https:\/\/www.logic-home.de\/shop\/wp-json\/wp\/v2\/product\/603"}],"collection":[{"href":"https:\/\/www.logic-home.de\/shop\/wp-json\/wp\/v2\/product"}],"about":[{"href":"https:\/\/www.logic-home.de\/shop\/wp-json\/wp\/v2\/types\/product"}],"replies":[{"embeddable":true,"href":"https:\/\/www.logic-home.de\/shop\/wp-json\/wp\/v2\/comments?post=603"}],"wp:featuredmedia":[{"embeddable":true,"href":"https:\/\/www.logic-home.de\/shop\/wp-json\/wp\/v2\/media\/1015"}],"wp:attachment":[{"href":"https:\/\/www.logic-home.de\/shop\/wp-json\/wp\/v2\/media?parent=603"}],"wp:term":[{"taxonomy":"product_cat","embeddable":true,"href":"https:\/\/www.logic-home.de\/shop\/wp-json\/wp\/v2\/product_cat?post=603"},{"taxonomy":"product_tag","embeddable":true,"href":"https:\/\/www.logic-home.de\/shop\/wp-json\/wp\/v2\/product_tag?post=603"}],"curies":[{"name":"wp","href":"https:\/\/api.w.org\/{rel}","templated":true}]}}