{"id":602,"date":"2017-01-01T00:00:48","date_gmt":"2016-12-31T23:00:48","guid":{"rendered":"https:\/\/www.logic-home.de\/shop\/produkt\/import-placeholder-for-647\/"},"modified":"2021-08-03T09:51:25","modified_gmt":"2021-08-03T07:51:25","slug":"wassersensor-air","status":"publish","type":"product","link":"https:\/\/www.logic-home.de\/shop\/produkt\/wassersensor-air\/","title":{"rendered":"Wassersensor Air"},"content":{"rendered":"<div class=\"nx-spacer\" style=\"height:15px\"><\/div>\n<div class=\"nx-heading nx-heading-style-underlined nx-heading-align-left\" style=\"font-size:14px;margin-bottom:20px\"><h6 class=\"nx-heading-inner\"><strong><span style=\"color: #69c350\">Bringen Sie Ihre Sch\u00e4fchen ins Trockene<\/span><\/strong><\/h6><\/div>\n<p style=\"text-align: justify\">Der Loxone Wassersensor Air erkennt austretendes Wasser schnell und zuverl\u00e4ssig. Via Smartphone, Mail, Audiosystem&#8230; informiert Sie der Miniserver im Notfall bevor gr\u00f6\u00dfere Sch\u00e4den entstehen.<\/p>\n<div class=\"nx-heading nx-heading-style-underlined nx-heading-align-left\" style=\"font-size:14px;margin-bottom:20px\"><h6 class=\"nx-heading-inner\"><strong><span style=\"color: #69c350\">Idealer Schutz vor Wassersch\u00e4den<\/span><\/strong><\/h6><\/div>\n<div class=\"nx-heading nx-heading-style-coloredline nx-heading-align-left\" style=\"font-size:14px;margin-bottom:20px\"><h6 class=\"nx-heading-inner\"><strong>Rechtzeitig informiert<\/strong><\/h6><\/div>\n<p style=\"text-align: justify\">Ob Zuhause oder unterwegs, via Smartphone, Mail, Audiosystem&#8230; Der Miniserver informiert Sie sofort \u00fcber austretendes Wasser. Das l\u00e4sst Ihnen die Zeit zu reagieren und gr\u00f6\u00dfere Wassersch\u00e4den zu verhindern.<\/p>\n<div class=\"nx-heading nx-heading-style-coloredline nx-heading-align-left\" style=\"font-size:14px;margin-bottom:20px\"><h6 class=\"nx-heading-inner\"><strong>Innovative Air Technologie<\/strong><\/h6><\/div>\n<p style=\"text-align: justify\">Ausgestattet mit unserer hauseigenen Funktechnologie l\u00e4sst sich der Loxone Wassersensor Air einfach ins Loxone Smart Home integrieren und detektiert zuverl\u00e4ssig Wasserlecks.<\/p>\n<div class=\"nx-heading nx-heading-style-coloredline nx-heading-align-left\" style=\"font-size:14px;margin-bottom:20px\"><h6 class=\"nx-heading-inner\"><strong>Zus\u00e4tzliche Taste<\/strong><\/h6><\/div>\n<p style=\"text-align: justify\">In geschlossenem Zustand fungiert der Schieber als Taste, die f\u00fcr eine beliebige Funktion im Smart Home verwendet werden kann<\/p>\n<div class=\"nx-heading nx-heading-style-coloredline nx-heading-align-left\" style=\"font-size:14px;margin-bottom:20px\"><h6 class=\"nx-heading-inner\"><strong>Einfache Montage<\/strong><\/h6><\/div>\n<p style=\"text-align: justify\">Der kleine Sensor l\u00e4sst sich \u00fcberall anbringen. Platzieren Sie ihn einfach so auf dem Boden, dass die beiden Messingstifte bei einem Leck mit Wasser in Kontakt kommen<\/p>\n<div class=\"nx-heading nx-heading-style-underlined nx-heading-align-left\" style=\"font-size:14px;margin-bottom:20px\"><h6 class=\"nx-heading-inner\"><strong><span style=\"color: #69c350\">Technische Daten<\/span><\/strong><\/h6><\/div>\n<div class=\"nx-list nx-list-style-\">\n<ul>\n<li><i class=\"fa fa-plus\" style=\"color:#69c350\"><\/i> Stromversorgung: 1x CR2032 Knopfbatterie<\/li>\n<li><i class=\"fa fa-plus\" style=\"color:#69c350\"><\/i> Erwartete Batterielebensdauer in normalem Betrieb: 2 Jahre<\/li>\n<li><i class=\"fa fa-plus\" style=\"color:#69c350\"><\/i> Frequenz: 868MHz (SRD Band Europe), 915MHz (ISM Band Region 2)<\/li>\n<li><i class=\"fa fa-plus\" style=\"color:#69c350\"><\/i> Schutzklasse: IP20<\/li>\n<li><i class=\"fa fa-plus\" style=\"color:#69c350\"><\/i> Betriebstemperatur: 0&#8230;55\u00b0C<\/li>\n<li><i class=\"fa fa-plus\" style=\"color:#69c350\"><\/i> Status LED: zweif\u00e4rbig<\/li>\n<li><i class=\"fa fa-plus\" style=\"color:#69c350\"><\/i> Abmessung HxBxL: 13,5&#215;28,5x75mm<\/li>\n<\/ul>\n<\/div>\n<p style=\"text-align: justify\"><b>Achtung:<\/b> Stand der Wassersensor Air einmal komplett unter Wasser ist er funktionsunt\u00fcchtig und muss durch einen neuen Sensor ersetzt werden. Durch Ber\u00fchrung der beiden Kontakte mit einem nassen Finger kann der Sensor getestet werden.<\/p>\n<div class=\"nx-heading nx-heading-style-underlined nx-heading-align-left\" style=\"font-size:14px;margin-bottom:20px\"><h6 class=\"nx-heading-inner\"><strong><span style=\"color: #69c350\">Lieferumfang<\/span><\/strong><\/h6><\/div>\n<div class=\"nx-list nx-list-style-\">\n<ul>\n<li><i class=\"fa fa-plus\" style=\"color:#69c350\"><\/i> 1x Wassersensor Air<\/li>\n<li><i class=\"fa fa-plus\" style=\"color:#69c350\"><\/i> 2x AA-Batterie<\/li>\n<li><i class=\"fa fa-plus\" style=\"color:#69c350\"><\/i> 1x Produktinformation<\/li>\n<\/ul>\n<\/div>\n","protected":false},"excerpt":{"rendered":"<p><\/br>Der batteriebetriebene Wassersensor warnt sofort vor eintretendem Wasser und hilft so, gr\u00f6ssere Wassersch\u00e4den zu verhindern. Dank Loxone Air Technologie ist der kleine Sensor \u00fcberall platzierbar.<br \/>\n[nx_list icon=\"icon: check\" icon_color=\"#69c350\"]<\/p>\n<ul>\n<li>Warnt sofort bei Wassereintritt<\/li>\n<li>Perfekt f\u00fcr Waschraum, Keller, etc.<\/li>\n<li>Batteriebetrieb mit bis zu 2 Jahren Lebensdauer<\/li>\n<li>\u00dcberall platzierbar dank innovativer Loxone Air Technologie<\/li>\n<li>Benachrichtigung \u00fcber Smartphone, Mail, Audiosystem&#8230;<\/li>\n<li>Einfachste Montage<\/li>\n<\/ul>\n<p>[\/nx_list]<\/p>\n","protected":false},"featured_media":1147,"comment_status":"open","ping_status":"closed","template":"","meta":[],"product_cat":[48,57,40,52,98],"product_tag":[64,74,99,65,78,129],"_links":{"self":[{"href":"https:\/\/www.logic-home.de\/shop\/wp-json\/wp\/v2\/product\/602"}],"collection":[{"href":"https:\/\/www.logic-home.de\/shop\/wp-json\/wp\/v2\/product"}],"about":[{"href":"https:\/\/www.logic-home.de\/shop\/wp-json\/wp\/v2\/types\/product"}],"replies":[{"embeddable":true,"href":"https:\/\/www.logic-home.de\/shop\/wp-json\/wp\/v2\/comments?post=602"}],"wp:featuredmedia":[{"embeddable":true,"href":"https:\/\/www.logic-home.de\/shop\/wp-json\/wp\/v2\/media\/1147"}],"wp:attachment":[{"href":"https:\/\/www.logic-home.de\/shop\/wp-json\/wp\/v2\/media?parent=602"}],"wp:term":[{"taxonomy":"product_cat","embeddable":true,"href":"https:\/\/www.logic-home.de\/shop\/wp-json\/wp\/v2\/product_cat?post=602"},{"taxonomy":"product_tag","embeddable":true,"href":"https:\/\/www.logic-home.de\/shop\/wp-json\/wp\/v2\/product_tag?post=602"}],"curies":[{"name":"wp","href":"https:\/\/api.w.org\/{rel}","templated":true}]}}