{"id":579,"date":"2017-01-01T00:00:28","date_gmt":"2016-12-31T23:00:28","guid":{"rendered":"https:\/\/www.logic-home.de\/shop\/produkt\/import-placeholder-for-576\/"},"modified":"2021-08-03T14:16:37","modified_gmt":"2021-08-03T12:16:37","slug":"led-streifen-rgbw-zubehoer-set","status":"publish","type":"product","link":"https:\/\/www.logic-home.de\/shop\/produkt\/led-streifen-rgbw-zubehoer-set\/","title":{"rendered":"LED Streifen RGBW Zubeh\u00f6r-Set"},"content":{"rendered":"<div class=\"nx-spacer\" style=\"height:15px\"><\/div>\n<p style=\"text-align: justify\">Das LED Streifen Zubeh\u00f6r-Set bietet f\u00fcr die jeweilige Einbauvariante die passende L\u00f6sung:<\/p>\n<div class=\"nx-list nx-list-style-\">\n<ul>\n<li><i class=\"fa fa-check\" style=\"color:#69c350\"><\/i> <b>Verbindungsklemmen:<\/b> Verbinden Sie zwei RGBW LED Streifen in beliebiger L\u00e4nge ganz ohne L\u00f6ten! So k\u00f6nnen Sie auch gek\u00fcrzte LED Streifen einfach wieder zusammenf\u00fcgen.<\/li>\n<li><i class=\"fa fa-check\" style=\"color:#69c350\"><\/i> <b>Eckverbinder:<\/b> Mit einer \u00dcberbr\u00fcckungsl\u00e4nge von 15 cm legen Sie mithilfe von Eckverbindern Ihre LED Streifen um die Ecke, zB zur Hintergrundbeleuchtung Ihres TV-Ger\u00e4ts.<\/li>\n<li><i class=\"fa fa-check\" style=\"color:#69c350\"><\/i> <b>Anfangsverbinder:<\/b> Verbinden Sie mit dem Anfangsverbinder Ihren RGBW LED Streifen mit dem RGBW 24V Dimmer Air oder DMX.<\/li>\n<\/ul>\n<\/div>\n<p style=\"text-align: justify\">Beachten Sie, dass max. 10 m RGBW LED Streifen am St\u00fcck verbunden werden d\u00fcrfen.<\/p>\n<div class=\"nx-heading nx-heading-style-underlined nx-heading-align-left\" style=\"font-size:14px;margin-bottom:20px\"><h6 class=\"nx-heading-inner\"><strong><span style=\"color: #69c350\">Technische Daten<\/span><\/strong><\/h6><\/div>\n<div class=\"nx-list nx-list-style-\">\n<ul>\n<li><i class=\"fa fa-plus\" style=\"color:#69c350\"><\/i> 5x Verbindungsklemmen<\/li>\n<li><i class=\"fa fa-plus\" style=\"color:#69c350\"><\/i> 5x Eckverbinder: 15 cm Kabel zwischen 2 Schnellverbindern<\/li>\n<li><i class=\"fa fa-plus\" style=\"color:#69c350\"><\/i> 5x Anfangsverbinder: LED Streifen Schnellverbinder mit 15 cm Kabel<\/li>\n<li><i class=\"fa fa-plus\" style=\"color:#69c350\"><\/i> Breite: 17 mm<\/li>\n<\/li>\n<\/ul>\n<\/div>\n<div class=\"nx-heading nx-heading-style-underlined nx-heading-align-left\" style=\"font-size:14px;margin-bottom:20px\"><h6 class=\"nx-heading-inner\"><strong><span style=\"color: #69c350\">Lieferumfang<\/span><\/strong><\/h6><\/div>\n<div class=\"nx-list nx-list-style-\">\n<ul>\n<li><i class=\"fa fa-plus\" style=\"color:#69c350\"><\/i> 5x Verbindungsklemmen<\/li>\n<li><i class=\"fa fa-plus\" style=\"color:#69c350\"><\/i> 5x Eckverbinder<\/li>\n<li><i class=\"fa fa-plus\" style=\"color:#69c350\"><\/i> 5x Anfangsverbinder<\/li>\n<\/ul>\n<\/div>\n","protected":false},"excerpt":{"rendered":"<p><\/br>Vergessen Sie m\u00fchsames L\u00f6ten &#8211; mit den Schnellverbindern des LED Streifen Zubeh\u00f6r-Set wird der Anschluss und das Verl\u00e4ngern von RGBW LED Streifen einfach und zeitsparend.<br \/>\n[nx_list icon=\"icon: check\" icon_color=\"#69c350\"]<\/p>\n<ul>\n<li>Zubeh\u00f6r-Set f\u00fcr RGBW LED Streifen<\/li>\n<li>f\u00fcr eine zeitsparende und einfache Installation<\/li>\n<li>einbaufertig &#8211; kein L\u00f6ten mehr notwendig<\/li>\n<li>5x Verbindungsklemmen zur einfachen Verbindung von 2 LED Streifen<\/li>\n<li>5x Eckverbinder f\u00fcr LED Streifen um die Ecke<\/li>\n<li>5x Anfangsverbinder f\u00fcr den Anschluss am RGBW 24V Dimmer Air oder DMX<\/li>\n<\/ul>\n<p>[\/nx_list]<\/p>\n","protected":false},"featured_media":883,"comment_status":"open","ping_status":"closed","template":"","meta":[],"product_cat":[42],"product_tag":[68,92,80],"_links":{"self":[{"href":"https:\/\/www.logic-home.de\/shop\/wp-json\/wp\/v2\/product\/579"}],"collection":[{"href":"https:\/\/www.logic-home.de\/shop\/wp-json\/wp\/v2\/product"}],"about":[{"href":"https:\/\/www.logic-home.de\/shop\/wp-json\/wp\/v2\/types\/product"}],"replies":[{"embeddable":true,"href":"https:\/\/www.logic-home.de\/shop\/wp-json\/wp\/v2\/comments?post=579"}],"wp:featuredmedia":[{"embeddable":true,"href":"https:\/\/www.logic-home.de\/shop\/wp-json\/wp\/v2\/media\/883"}],"wp:attachment":[{"href":"https:\/\/www.logic-home.de\/shop\/wp-json\/wp\/v2\/media?parent=579"}],"wp:term":[{"taxonomy":"product_cat","embeddable":true,"href":"https:\/\/www.logic-home.de\/shop\/wp-json\/wp\/v2\/product_cat?post=579"},{"taxonomy":"product_tag","embeddable":true,"href":"https:\/\/www.logic-home.de\/shop\/wp-json\/wp\/v2\/product_tag?post=579"}],"curies":[{"name":"wp","href":"https:\/\/api.w.org\/{rel}","templated":true}]}}