{"id":575,"date":"2017-01-01T00:00:28","date_gmt":"2016-12-31T23:00:28","guid":{"rendered":"https:\/\/www.logic-home.de\/shop\/produkt\/import-placeholder-for-569\/"},"modified":"2021-08-03T14:16:37","modified_gmt":"2021-08-03T12:16:37","slug":"led-streifen-warmweiss-5m","status":"publish","type":"product","link":"https:\/\/www.logic-home.de\/shop\/produkt\/led-streifen-warmweiss-5m\/","title":{"rendered":"LED Streifen warmwei\u00df 5m"},"content":{"rendered":"<div class=\"nx-spacer\" style=\"height:15px\"><\/div>\n<p style=\"text-align: justify\">Der LED Strip warmwei\u00df eignet sich optimal zur Realisierung von unterschiedlichen Farblichtszenen in warmen Wei\u00df-T\u00f6nen zur Indirektbeleuchtung in Ihrem Zuhause. Unsere LED Strips sind leuchtstark, energiesparend und zeichnen sich aus durch:<\/p>\n<div class=\"nx-list nx-list-style-\">\n<ul>\n<li><i class=\"fa fa-check\" style=\"color:#69c350\"><\/i> 300 qualitativ hochwertige LED Chips auf 5 Meter und geringer Abstand zwischen den LED Chips. Im Vergleich dazu erzeugen minderwertige LED Strips aufgrund von nur halb so vielen LED Chips unsch\u00f6ne Lichtkegel.<\/li>\n<li><i class=\"fa fa-check\" style=\"color:#69c350\"><\/i> Klebestreifen an der Unterseite der LED Streifen f\u00fcr eine einfache Befestigung<\/li>\n<li><i class=\"fa fa-check\" style=\"color:#69c350\"><\/i> hochwertige und langlebige Leiterbahnen f\u00fcr erh\u00f6hte Knicksicherheit und zur Vermeidung von W\u00e4rmeentwicklung<\/li>\n<li><i class=\"fa fa-check\" style=\"color:#69c350\"><\/i> wine best\u00e4ndige und geruchsneutrale Beschichtung f\u00fcr den fortlaufenden Erhalt der Schutzklasse (bei IP 65 und IP 68)<\/li>\n<li><i class=\"fa fa-check\" style=\"color:#69c350\"><\/i> die M\u00f6glichkeit den LED Strip warmwei\u00df im Abstand von 6 LEDs (ca. 10 cm) zu teilen und zu verl\u00e4ngern.<\/li>\n<\/ul>\n<\/div>\n<p style=\"text-align: justify\">Hinweis: Durch die direkte Verbindung von zwei LED Streifen entsteht ein st\u00e4rkerer Stromfluss, welcher die Streifen erhitzt und das Altern beschleunigt.<\/p>\n<div class=\"nx-heading nx-heading-style-coloredline nx-heading-align-left\" style=\"font-size:14px;margin-bottom:20px\"><h6 class=\"nx-heading-inner\"><strong>Ansteuerung mit Loxone<\/strong><\/h6><\/div>\n<p style=\"text-align: justify\">Zur Versorgung des LED Strip warmwei\u00df k\u00f6nnen Sie ein beliebiges 24V Netzteil und den RGBW 24V Dimmer DMX, RGBW 24 V Dimmer Air oder die Multi Extension Air verwenden. Der RGBW 24V Dimmer DMX kann per DMX-Extension bzw. der RGBW 24V Dimmer Air oder die Multi Extension Air per Air Base Extension angesteuert werden.<\/p>\n<div class=\"nx-heading nx-heading-style-underlined nx-heading-align-left\" style=\"font-size:14px;margin-bottom:20px\"><h6 class=\"nx-heading-inner\"><strong><span style=\"color: #69c350\">Technische Daten<\/span><\/strong><\/h6><\/div>\n<div class=\"nx-list nx-list-style-\">\n<ul>\n<li><i class=\"fa fa-plus\" style=\"color:#69c350\"><\/i> Gr\u00f6\u00dfe<br \/>\nIP20: 5000&#215;10,5x2mm<br \/>\nIP65: 5000&#215;10,5x3mm<br \/>\nIP68: 5000&#215;15,5x5mm<\/li>\n<li><i class=\"fa fa-plus\" style=\"color:#69c350\"><\/i> Betriebsspannung: 24VDC<\/li>\n<li><i class=\"fa fa-plus\" style=\"color:#69c350\"><\/i> Abstrahlwinkel: 120\u00b0<\/li>\n<li><i class=\"fa fa-plus\" style=\"color:#69c350\"><\/i> K\u00fcrzbar: alle 6 LEDs\/10cm<\/li>\n<li><i class=\"fa fa-plus\" style=\"color:#69c350\"><\/i> Leistungsaufnahme 5m: Streifen 50W<\/li>\n<li><i class=\"fa fa-plus\" style=\"color:#69c350\"><\/i> Helligkeit in Lumen 5m Streifen: 5.500&#8230;6.000Lm<\/li>\n<li><i class=\"fa fa-plus\" style=\"color:#69c350\"><\/i> Farbtemperatur Warmwei\u00df: 3300K  \/-200K<\/li>\n<li><i class=\"fa fa-plus\" style=\"color:#69c350\"><\/i> Betriebstemperatur -25\u2026 60\u00b0C<\/li>\n<li><i class=\"fa fa-plus\" style=\"color:#69c350\"><\/i> CRI: WW 80 <\/li>\n<li><i class=\"fa fa-plus\" style=\"color:#69c350\"><\/i> 300 qualitative SMD LED Chips (60 LEDs\/m)<\/li>\n<li><i class=\"fa fa-plus\" style=\"color:#69c350\"><\/i> ausreichend dimensionierte Leiterbahnen<\/li>\n<li><i class=\"fa fa-plus\" style=\"color:#69c350\"><\/i> langlebige, geruchs-neutrale Beschichtung (Bei IP65 und IP68)<\/li>\n<li><i class=\"fa fa-plus\" style=\"color:#69c350\"><\/i> Klebestreifen an der Unterseite zur Befestigung<\/li>\n<li><i class=\"fa fa-plus\" style=\"color:#69c350\"><\/i> Zubeh\u00f6r zur einfachen Verbindung einzelner LED Streifenanteile bzw. das Legen um Ecken,&#8230;<br \/>\n<\/br><a href=\"https:\/\/www.logic-home.de\/shop\/wp-content\/uploads\/datasheets\/LED Streifen WW.pdf\" target=\"_blank\" rel=\"noopener noreferrer\">Datenblatt ><\/a><\/li>\n<\/ul>\n<\/div>\n<div class=\"nx-heading nx-heading-style-underlined nx-heading-align-left\" style=\"font-size:14px;margin-bottom:20px\"><h6 class=\"nx-heading-inner\"><strong><span style=\"color: #69c350\">Lieferumfang<\/span><\/strong><\/h6><\/div>\n<div class=\"nx-list nx-list-style-\">\n<ul>\n<li><i class=\"fa fa-plus\" style=\"color:#69c350\"><\/i> 1 x LED Strip warmwei\u00df 5m<\/li>\n<li><i class=\"fa fa-plus\" style=\"color:#69c350\"><\/i> 1x Zubeh\u00f6rset bestehend aus Schnellverbindern f\u00fcr LED Streifen (Nicht bei IP68 inkludiert)<\/li>\n<\/ul>\n<\/div>\n","protected":false},"excerpt":{"rendered":"<p><\/br>LED-Strip mit 300 warmwei\u00dfen LEDs f\u00fcr die optimale Indirektbeleuchtung. Der Streifen kann geteilt oder verl\u00e4ngert werden.<br \/>\n[nx_list icon=\"icon: check\" icon_color=\"#69c350\"]<\/p>\n<ul>\n<li>f\u00fcr Lichtszenen in warmen Wei\u00df-T\u00f6nen<\/li>\n<li>leuchtstark &amp; energiesparend<\/li>\n<li>300 qualitative LED Chips auf 5m<\/li>\n<li>energiesparend<\/li>\n<\/ul>\n<p>[\/nx_list]<\/p>\n","protected":false},"featured_media":887,"comment_status":"open","ping_status":"closed","template":"","meta":[],"product_cat":[42],"product_tag":[68,92,94],"_links":{"self":[{"href":"https:\/\/www.logic-home.de\/shop\/wp-json\/wp\/v2\/product\/575"}],"collection":[{"href":"https:\/\/www.logic-home.de\/shop\/wp-json\/wp\/v2\/product"}],"about":[{"href":"https:\/\/www.logic-home.de\/shop\/wp-json\/wp\/v2\/types\/product"}],"replies":[{"embeddable":true,"href":"https:\/\/www.logic-home.de\/shop\/wp-json\/wp\/v2\/comments?post=575"}],"wp:featuredmedia":[{"embeddable":true,"href":"https:\/\/www.logic-home.de\/shop\/wp-json\/wp\/v2\/media\/887"}],"wp:attachment":[{"href":"https:\/\/www.logic-home.de\/shop\/wp-json\/wp\/v2\/media?parent=575"}],"wp:term":[{"taxonomy":"product_cat","embeddable":true,"href":"https:\/\/www.logic-home.de\/shop\/wp-json\/wp\/v2\/product_cat?post=575"},{"taxonomy":"product_tag","embeddable":true,"href":"https:\/\/www.logic-home.de\/shop\/wp-json\/wp\/v2\/product_tag?post=575"}],"curies":[{"name":"wp","href":"https:\/\/api.w.org\/{rel}","templated":true}]}}