{"id":571,"date":"2017-01-01T00:00:27","date_gmt":"2016-12-31T23:00:27","guid":{"rendered":"https:\/\/www.logic-home.de\/shop\/produkt\/import-placeholder-for-564\/"},"modified":"2021-08-03T14:16:38","modified_gmt":"2021-08-03T12:16:38","slug":"led-streifen-rgbw-5m","status":"publish","type":"product","link":"https:\/\/www.logic-home.de\/shop\/produkt\/led-streifen-rgbw-5m\/","title":{"rendered":"LED Streifen RGBW 5m"},"content":{"rendered":"<div class=\"nx-spacer\" style=\"height:15px\"><\/div>\n<div class=\"nx-heading nx-heading-style-underlined nx-heading-align-left\" style=\"font-size:14px;margin-bottom:20px\"><h6 class=\"nx-heading-inner\"><strong><span style=\"color: #69c350\">Einzigartige Farbakzente mit RGBW Streifen<\/span><\/strong><\/h6><\/div>\n<p style=\"text-align: justify\">Setzen Sie einzigartige Farbakzente mit RGBW LED Beleuchtung in Ihrem Eigenheim. Egal ob drinnen oder drau\u00dfen, in der Indirektbeleuchtung ist Farbbeleuchtung ein echter Hingucker. Bringen Sie LED Streifen z.B. in Regalen, Vitrinen, Kleiderschr\u00e4nken, hinter TV-B\u00e4nken, am Bettgestell, an den Treppenstufen und an Sockel- bzw. Deckenleisten an oder h\u00fcbschen Sie Ihren Au\u00dfenbereich, mit Streifen an Dachschr\u00e4gen, Blument\u00f6pfen usw. auf.<\/p>\n<div class=\"nx-heading nx-heading-style-coloredline nx-heading-align-left\" style=\"font-size:14px;margin-bottom:20px\"><h6 class=\"nx-heading-inner\"><strong>M\u00e4chtig viel Farbe<\/strong><\/h6><\/div>\n<p style=\"text-align: justify\">Der RGBW LED Streifen bietet 300 kombinierte RGB und Warmwei\u00df LED Chips (statt der abwechselnden RGB und Warmwei\u00df Chips) auf 5 Meter L\u00e4nge garantieren satte Farben.<\/p>\n<div class=\"nx-heading nx-heading-style-coloredline nx-heading-align-left\" style=\"font-size:14px;margin-bottom:20px\"><h6 class=\"nx-heading-inner\"><strong>M\u00e4chtig viel Licht<\/strong><\/h6><\/div>\n<p style=\"text-align: justify\">Selbst bei Indirektbeleuchtung haben RGBW LED Streifen eine ordentliche Leuchtkraft. Unser neuer LED Streifen weist bei 5 Metern folgende Lumen-Werte auf:<\/p>\n<p>Rot 600 \u2013 800 Lm<br \/>\nGr\u00fcn 650 \u2013 1.100Lm<br \/>\nBlau 300 \u2013 550 Lm<br \/>\nWarmwei\u00df 1.600 \u2013 2.000 Lm<\/p>\n<div class=\"nx-heading nx-heading-style-underlined nx-heading-align-left\" style=\"font-size:14px;margin-bottom:20px\"><h6 class=\"nx-heading-inner\"><strong><span style=\"color: #69c350\">Niedriger Verbrauch<\/span><\/strong><\/h6><\/div>\n<p style=\"text-align: justify\">Durch die neuen Chips verbraucht der RGBW LED Streifen weniger Energie. Bei 5 Metern L\u00e4nge und voller Leuchtkraft auf allen Kan\u00e4len sind das lediglich 86 Watt, unser Vorg\u00e4nger brauchte im Vergleich 101 Watt.<\/p>\n<div class=\"nx-heading nx-heading-style-underlined nx-heading-align-left\" style=\"font-size:14px;margin-bottom:20px\"><h6 class=\"nx-heading-inner\"><strong><span style=\"color: #69c350\">Einfache Montage<\/span><\/strong><\/h6><\/div>\n<p style=\"text-align: justify\">M\u00fchsames L\u00f6ten war gestern. Den RGBW LED Streifen inklusive zwei Eckverbindern und zwei Verbindern zum Verl\u00e4ngern. Die Kabel sind au\u00dferdem mit Adernendh\u00fclsen versehen, was nochmals Zeit bei der Montage spart. Und der Streifen l\u00e4sst sich alle 10cm bzw. 6 LEDs k\u00fcrzen.<\/p>\n<div class=\"nx-heading nx-heading-style-underlined nx-heading-align-left\" style=\"font-size:14px;margin-bottom:20px\"><h6 class=\"nx-heading-inner\"><strong><span style=\"color: #69c350\">Typen von RGBW LED Streifen<\/span><\/strong><\/h6><\/div>\n<p style=\"text-align: justify\">Den RGBW LED Streifen gibt es f\u00fcr die unterschiedlichen Einsatzgebiete:<\/p>\n<div class=\"nx-heading nx-heading-style-coloredline nx-heading-align-left\" style=\"font-size:14px;margin-bottom:20px\"><h6 class=\"nx-heading-inner\"><strong>Ber\u00fchrungssicher \u2013 IP 20<\/strong><\/h6><\/div>\n<p style=\"text-align: justify\">Optimal f\u00fcr den Einsatz in Wohnr\u00e4umen<\/p>\n<div class=\"nx-heading nx-heading-style-coloredline nx-heading-align-left\" style=\"font-size:14px;margin-bottom:20px\"><h6 class=\"nx-heading-inner\"><strong>Spritzwasserfest \u2013 IP 65<\/strong><\/h6><\/div>\n<p style=\"text-align: justify\">Zum Einsatz in Feuchtr\u00e4umen geeignet<\/p>\n<div class=\"nx-heading nx-heading-style-coloredline nx-heading-align-left\" style=\"font-size:14px;margin-bottom:20px\"><h6 class=\"nx-heading-inner\"><strong>Wasserfest \u2013 IP 68<\/strong><\/h6><\/div>\n<p style=\"text-align: justify\">Optimal f\u00fcr den Einsatz im Au\u00dfenbereich<\/p>\n<div class=\"nx-heading nx-heading-style-underlined nx-heading-align-left\" style=\"font-size:14px;margin-bottom:20px\"><h6 class=\"nx-heading-inner\"><strong><span style=\"color: #69c350\">Technische Daten<\/span><\/strong><\/h6><\/div>\n<div class=\"nx-list nx-list-style-\">\n<ul>\n<li><i class=\"fa fa-plus\" style=\"color:#69c350\"><\/i> Gr\u00f6\u00dfe<br \/>\nIP20: 5000x12x2mm<br \/>\nIP65: 5000x12x3mm<br \/>\nIP68: 5000x17x5mm<\/li>\n<li><i class=\"fa fa-plus\" style=\"color:#69c350\"><\/i> Betriebsspannung: 24VDC<\/li>\n<li><i class=\"fa fa-plus\" style=\"color:#69c350\"><\/i> Abstrahlwinkel: 120\u00b0<\/li>\n<li><i class=\"fa fa-plus\" style=\"color:#69c350\"><\/i> K\u00fcrzbar: alle 6 LEDs\/10cm<\/li>\n<li><i class=\"fa fa-plus\" style=\"color:#69c350\"><\/i> Leistungsaufnahme je Kanal und 5m Streifen: Rot: 20W, Gr\u00fcn: 23W, Blau: 21W, Warmwei\u00df: 22W, Gesamt max. 86W<\/li>\n<li><i class=\"fa fa-plus\" style=\"color:#69c350\"><\/i> Helligkeit in Lumen je Kanal und 5m Streifen: Rot: 600&#8230;800Lm, Gr\u00fcn: 650&#8230;1.100Lm, Blau: 300&#8230;550Lm, Warmwei\u00df: 1.600&#8230;2.000Lm<\/li>\n<li><i class=\"fa fa-plus\" style=\"color:#69c350\"><\/i> Farbtemperatur Warmwei\u00df: 3300K  \/-200K<\/li>\n<li><i class=\"fa fa-plus\" style=\"color:#69c350\"><\/i> CRI: WW 80 <\/li>\n<li><i class=\"fa fa-plus\" style=\"color:#69c350\"><\/i> 300 qualitative SMD LED Chips (60 LEDs\/m)<\/li>\n<li><i class=\"fa fa-plus\" style=\"color:#69c350\"><\/i> ausreichend dimensionierte Leiterbahnen<\/li>\n<li><i class=\"fa fa-plus\" style=\"color:#69c350\"><\/i> langlebige, geruchs-neutrale Beschichtung (Bei IP65 und IP68)<\/li>\n<li><i class=\"fa fa-plus\" style=\"color:#69c350\"><\/i> Klebestreifen an der Unterseite zur Befestigung<\/li>\n<li><i class=\"fa fa-plus\" style=\"color:#69c350\"><\/i> Zubeh\u00f6r zur einfachen Verbindung einzelner LED Streifenanteile bzw. das Legen um Ecken,&#8230;<br \/>\n<\/br><a href=\"https:\/\/www.logic-home.de\/shop\/wp-content\/uploads\/datasheets\/LED Streifen RGBW.pdf\" target=\"_blank\" rel=\"noopener noreferrer\">Datenblatt ><\/a><\/li>\n<\/ul>\n<\/div>\n<div class=\"nx-heading nx-heading-style-underlined nx-heading-align-left\" style=\"font-size:14px;margin-bottom:20px\"><h6 class=\"nx-heading-inner\"><strong><span style=\"color: #69c350\">Lieferumfang<\/span><\/strong><\/h6><\/div>\n<div class=\"nx-list nx-list-style-\">\n<ul>\n<li><i class=\"fa fa-plus\" style=\"color:#69c350\"><\/i> 1x 5m RGBW LED Streifen<\/li>\n<li><i class=\"fa fa-plus\" style=\"color:#69c350\"><\/i> 2x Verbindungsklemmen<\/li>\n<li><i class=\"fa fa-plus\" style=\"color:#69c350\"><\/i> 2x Eckverbinder: 15cm Kabel zwischen 2 Verbindungsklemmen (nicht bei IP68 inkludiert)<\/li>\n<\/ul>\n<\/div>\n","protected":false},"excerpt":{"rendered":"<p><\/br>Hochwertige RGBW LED Streifen f\u00fcr farbige Akzente und Leuchtkraft zur optimalen und langlebigen Beleuchtung in Ihrem Heim.<br \/>\n[nx_list icon=\"icon: check\" icon_color=\"#69c350\"]<\/p>\n<ul>\n<li>f\u00fcr Farblichtszenen zur Indirektbeleuchtung<\/li>\n<li>hohe Leuchtkraft<\/li>\n<li>300 LEDs auf 5m<\/li>\n<li>energiesparend<\/li>\n<\/ul>\n<p>[\/nx_list]<\/p>\n","protected":false},"featured_media":882,"comment_status":"open","ping_status":"closed","template":"","meta":[],"product_cat":[42],"product_tag":[68,92,80],"_links":{"self":[{"href":"https:\/\/www.logic-home.de\/shop\/wp-json\/wp\/v2\/product\/571"}],"collection":[{"href":"https:\/\/www.logic-home.de\/shop\/wp-json\/wp\/v2\/product"}],"about":[{"href":"https:\/\/www.logic-home.de\/shop\/wp-json\/wp\/v2\/types\/product"}],"replies":[{"embeddable":true,"href":"https:\/\/www.logic-home.de\/shop\/wp-json\/wp\/v2\/comments?post=571"}],"wp:featuredmedia":[{"embeddable":true,"href":"https:\/\/www.logic-home.de\/shop\/wp-json\/wp\/v2\/media\/882"}],"wp:attachment":[{"href":"https:\/\/www.logic-home.de\/shop\/wp-json\/wp\/v2\/media?parent=571"}],"wp:term":[{"taxonomy":"product_cat","embeddable":true,"href":"https:\/\/www.logic-home.de\/shop\/wp-json\/wp\/v2\/product_cat?post=571"},{"taxonomy":"product_tag","embeddable":true,"href":"https:\/\/www.logic-home.de\/shop\/wp-json\/wp\/v2\/product_tag?post=571"}],"curies":[{"name":"wp","href":"https:\/\/api.w.org\/{rel}","templated":true}]}}