{"id":569,"date":"2017-01-01T00:00:27","date_gmt":"2016-12-31T23:00:27","guid":{"rendered":"https:\/\/www.logic-home.de\/shop\/produkt\/import-placeholder-for-555\/"},"modified":"2021-08-03T14:16:38","modified_gmt":"2021-08-03T12:16:38","slug":"1-wire-temperaturfuehler-set","status":"publish","type":"product","link":"https:\/\/www.logic-home.de\/shop\/produkt\/1-wire-temperaturfuehler-set\/","title":{"rendered":"1-Wire Temperaturf\u00fchler Set"},"content":{"rendered":"<div class=\"nx-spacer\" style=\"height:15px\"><\/div>\n<p style=\"text-align: justify\">Das 1-Wire Temperatursensor Set besteht aus 5 Temperatursensoren und eignet sich zur pr\u00e4zisen Erfassung der Temperatur in Wohnr\u00e4umen und B\u00fcros. Der Sensor hat die Gr\u00f6\u00dfe einer 2\u20ac M\u00fcnze und kann somit \u00fcberall untergebracht werden.<\/p>\n<p style=\"text-align: justify\">Der 1-Wire Temperatursensor kann an jedes 1-Wire Ger\u00e4t angeschlossen werden und eignet sich so optimal f\u00fcr folgende Einsatzbereiche:<\/p>\n<div class=\"nx-list nx-list-style-\">\n<ul>\n<li><i class=\"fa fa-check\" style=\"color:#69c350\"><\/i> Pr\u00e4zise Erfassung der Temperatur in Wohnr\u00e4umen und B\u00fcros<\/li>\n<li><i class=\"fa fa-check\" style=\"color:#69c350\"><\/i> Temperaturaufzeichnungen mittels Anschluss an ein 1-Wire Ger\u00e4t<\/li>\n<li><i class=\"fa fa-check\" style=\"color:#69c350\"><\/i> Geeignet zum Dauereinsatz an der Loxone 1-Wire Extension<\/li>\n<li><i class=\"fa fa-check\" style=\"color:#69c350\"><\/i> Geeignet zum Einsatz an jedem 1-Wire Ger\u00e4t<\/li>\n<\/ul>\n<\/div>\n<p style=\"text-align: justify\">Der Sensor l\u00e4sst sich sehr schnell mittels Klemme und doppelseitigem Klebeband montieren &#8211; kein L\u00f6ten und kein Schrauben notwendig. Kabel anstecken, ankleben und los messen.<\/p>\n<div class=\"nx-heading nx-heading-style-underlined nx-heading-align-left\" style=\"font-size:14px;margin-bottom:20px\"><h6 class=\"nx-heading-inner\"><strong><span style=\"color: #69c350\">Technische Daten<\/span><\/strong><\/h6><\/div>\n<div class=\"nx-list nx-list-style-\">\n<ul>\n<li><i class=\"fa fa-plus\" style=\"color:#69c350\"><\/i> Kann von der Datenleitung mit Strom versorgt werden<\/li>\n<li><i class=\"fa fa-plus\" style=\"color:#69c350\"><\/i> Klemmen zur einfachen Montage<\/li>\n<li><i class=\"fa fa-plus\" style=\"color:#69c350\"><\/i> doppeltes Klebeband zur Befestigung<\/li>\n<li><i class=\"fa fa-plus\" style=\"color:#69c350\"><\/i> Genauigkeit:  \/- 0,5\u00b0C (bei -10&#8230; 85\u00b0C)<\/li>\n<li><i class=\"fa fa-plus\" style=\"color:#69c350\"><\/i> Messbereich: -55&#8230;125\u00b0C<\/li>\n<\/ul>\n<\/div>\nKeine Instandhaltung notwendig. Reinigung mit einem trockenen Tuch.<br \/>\n<div class=\"nx-heading nx-heading-style-underlined nx-heading-align-left\" style=\"font-size:14px;margin-bottom:20px\"><h6 class=\"nx-heading-inner\"><strong><span style=\"color: #69c350\">Lieferumfang<\/span><\/strong><\/h6><\/div>\n<div class=\"nx-list nx-list-style-\">\n<ul>\n<li><i class=\"fa fa-plus\" style=\"color:#69c350\"><\/i> 5 x 1-Wire Temperatursensor DS18B20Z <\/li>\n<\/ul>\n<\/div>\n","protected":false},"excerpt":{"rendered":"<p><\/br>Pr\u00e4ziser Temperatursensor DS18B20Z  zum Anschluss an 1-Wire Ger\u00e4te. Der kleine Sensor kann \u00fcberall untergebracht werden.<br \/>\n[nx_list icon=\"icon: check\" icon_color=\"#69c350\"]<\/p>\n<ul>\n<li>pr\u00e4zise Temperaturerfassung<\/li>\n<li>schnelle Montage mittels doppelseitigem Klebeband<\/li>\n<li>im 5er Set<\/li>\n<\/ul>\n<p>[\/nx_list]<\/p>\n","protected":false},"featured_media":763,"comment_status":"open","ping_status":"closed","template":"","meta":[],"product_cat":[57,47,98],"product_tag":[76,78,102],"_links":{"self":[{"href":"https:\/\/www.logic-home.de\/shop\/wp-json\/wp\/v2\/product\/569"}],"collection":[{"href":"https:\/\/www.logic-home.de\/shop\/wp-json\/wp\/v2\/product"}],"about":[{"href":"https:\/\/www.logic-home.de\/shop\/wp-json\/wp\/v2\/types\/product"}],"replies":[{"embeddable":true,"href":"https:\/\/www.logic-home.de\/shop\/wp-json\/wp\/v2\/comments?post=569"}],"wp:featuredmedia":[{"embeddable":true,"href":"https:\/\/www.logic-home.de\/shop\/wp-json\/wp\/v2\/media\/763"}],"wp:attachment":[{"href":"https:\/\/www.logic-home.de\/shop\/wp-json\/wp\/v2\/media?parent=569"}],"wp:term":[{"taxonomy":"product_cat","embeddable":true,"href":"https:\/\/www.logic-home.de\/shop\/wp-json\/wp\/v2\/product_cat?post=569"},{"taxonomy":"product_tag","embeddable":true,"href":"https:\/\/www.logic-home.de\/shop\/wp-json\/wp\/v2\/product_tag?post=569"}],"curies":[{"name":"wp","href":"https:\/\/api.w.org\/{rel}","templated":true}]}}