{"id":558,"date":"2017-01-01T00:00:08","date_gmt":"2016-12-31T23:00:08","guid":{"rendered":"https:\/\/www.logic-home.de\/shop\/produkt\/import-placeholder-for-518\/"},"modified":"2021-08-03T14:17:19","modified_gmt":"2021-08-03T12:17:19","slug":"loxone-touch-tree","status":"publish","type":"product","link":"https:\/\/www.logic-home.de\/shop\/produkt\/loxone-touch-tree\/","title":{"rendered":"Loxone Touch Tree"},"content":{"rendered":"<div class=\"nx-spacer\" style=\"height:15px\"><\/div>\n<div class=\"nx-heading nx-heading-style-underlined nx-heading-align-left\" style=\"font-size:14px;margin-bottom:20px\"><h6 class=\"nx-heading-inner\"><strong><span style=\"color: #69c350\">Das wichtigste Bedienelement<\/span><\/strong><\/h6><\/div>\n<p style=\"text-align: justify\">Der Taster bleibt auch im Smart Home das wichtigste Bedienelement. Dank dem durchdachten Tastenkonzept ben\u00f6tigen Sie lediglich einen Loxone Touch in jedem Raum um Licht, Beschattung, Musik und Zentralfunktionen im gesamten Smart Home einfach zu bedienen.<\/p>\n<div class=\"nx-heading nx-heading-style-underlined nx-heading-align-left\" style=\"font-size:14px;margin-bottom:20px\"><h6 class=\"nx-heading-inner\"><strong><span style=\"color: #69c350\">5 Tastpunkte<\/span><\/strong><\/h6><\/div>\n<p style=\"text-align: justify\">Mit dem Loxone Touch wurde ein kompaktes Bedienelement mit insgesamt f\u00fcnf Tastpunkten entwickelt. Ein gro\u00dfer Tastpunkt, mit dem Sie nach unserem empfohlenen Tasterkonzept z.B. Beleuchtung und vier kleine z.B. f\u00fcr Jalousien und Musik, steuern k\u00f6nnen.<\/p>\n<div class=\"nx-heading nx-heading-style-coloredline nx-heading-align-left\" style=\"font-size:14px;margin-bottom:20px\"><h6 class=\"nx-heading-inner\"><strong>Doppel- &amp; Dreifachklick<\/strong><\/h6><\/div>\n<p style=\"text-align: justify\">Wie gewohnt, funktionieren auch Doppel- und Dreifachklick mit Ihrem Touch.<\/p>\n<div class=\"nx-heading nx-heading-style-underlined nx-heading-align-left\" style=\"font-size:14px;margin-bottom:20px\"><h6 class=\"nx-heading-inner\"><strong><span style=\"color: #69c350\">Hand drauf &#8211; so ber\u00fchrungssicher ist der Touch<\/span><\/strong><\/h6><\/div>\n<p style=\"text-align: justify\">Bei gleichzeitigem Ber\u00fchren mehrerer Tastpunkte bzw. wenn Sie mit Ihrer Handfl\u00e4che den Touch ber\u00fchren, greift automatisch nur die mittelgro\u00dfe Schaltfl\u00e4che und schaltet z.B. Licht. Dank Facettenschliff k\u00f6nnen die einzelnen Tasten leicht voneinander unterschieden werden.<\/p>\n<div class=\"nx-heading nx-heading-style-underlined nx-heading-align-left\" style=\"font-size:14px;margin-bottom:20px\"><h6 class=\"nx-heading-inner\"><strong><span style=\"color: #69c350\">Mit Temperatur- und Feuchtigkeitsf\u00fchler<\/span><\/strong><\/h6><\/div>\n<p style=\"text-align: justify\">Der Loxone Touch Air und Tree sind zus\u00e4tzlich mit einem Temperatur- und einem Feuchtigkeitssensor ausgestattet. Das macht unser Bedienelement zum Multitalent. Sie und Ihr Loxone Smart Home wissen immer \u00fcber Temperatur und Feuchtigkeit in Ihren R\u00e4umen Bescheid und Ihr Smart Home reagiert automatisch.<\/p>\n<div class=\"nx-heading nx-heading-style-underlined nx-heading-align-left\" style=\"font-size:14px;margin-bottom:20px\"><h6 class=\"nx-heading-inner\"><strong><span style=\"color: #69c350\">Einfach in Ihr Loxone Smart Home integriert<\/span><\/strong><\/h6><\/div>\n<p style=\"text-align: justify\">Der Loxone Touch ist dank Loxone Tree Technologie einfach in Ihr Loxone Smart Home integriert.<\/p>\n<div class=\"nx-heading nx-heading-style-coloredline nx-heading-align-left\" style=\"font-size:14px;margin-bottom:20px\"><h6 class=\"nx-heading-inner\"><strong>1. Stromversorgung<\/strong><\/h6><\/div>\n<p style=\"text-align: justify\">Wir empfehlen f\u00fcr die Stromversorgung der Sensorik ein eigenes Netzteil.<\/p>\n<div class=\"nx-heading nx-heading-style-coloredline nx-heading-align-left\" style=\"font-size:14px;margin-bottom:20px\"><h6 class=\"nx-heading-inner\"><strong>Suchen und einlernen<\/strong><\/h6><\/div>\n<p style=\"text-align: justify\">\u00d6ffnen Sie Loxone Config und verbinden Sie sich mit dem Loxone Miniserver. Klicken Sie auf die Tree Extension und suchen Sie im Tree Monitor nach dem Loxone Touch. Anklicken, benennen, einf\u00fcgen.<\/p>\n<div class=\"nx-heading nx-heading-style-coloredline nx-heading-align-left\" style=\"font-size:14px;margin-bottom:20px\"><h6 class=\"nx-heading-inner\"><strong>Konfigurieren<\/strong><\/h6><\/div>\n<p style=\"text-align: justify\">Licht, Beschattung, Musik \u2013 Konfigurieren Sie den Loxone Touch nach Ihren W\u00fcnschen oder orientieren Sie sich an unserer Tasterempfehlung. F\u00fcr die einheitliche Bedienung eines jeden Raumes.<\/p>\n<div class=\"nx-heading nx-heading-style-underlined nx-heading-align-left\" style=\"font-size:14px;margin-bottom:20px\"><h6 class=\"nx-heading-inner\"><strong><span style=\"color: #69c350\">Passt zu vielen Schalterprogrammen<\/span><\/strong><\/h6><\/div>\n<p style=\"text-align: justify\">Mit einer Abmessung von 55 x 55 mm und seiner matt-wei\u00dfen Oberfl\u00e4che passt der Loxone Touch zu vielen g\u00e4ngigen Schalterprogrammen, wie zB Gira e2!<\/p>\n<div class=\"nx-heading nx-heading-style-underlined nx-heading-align-left\" style=\"font-size:14px;margin-bottom:20px\"><h6 class=\"nx-heading-inner\"><strong><span style=\"color: #69c350\">Zeitlos und exklusiv: Touch pure<\/span><\/strong><\/h6><\/div>\n<p style=\"text-align: justify\">Sorgen Sie f\u00fcr mehr Exklusivit\u00e4t in Ihrem Eigenheim. Der Design Touch Taster, Loxone Touch pure, besticht mit seinem zeitlosem Design und facettenreicher Funktionalit\u00e4t. Der exklusive Loxone Touch pure verf\u00fcgt \u00fcber ein integriertes Backlight zur Effektbeleuchtung und Orientierung.<\/p>\n<div class=\"nx-heading nx-heading-style-underlined nx-heading-align-left\" style=\"font-size:14px;margin-bottom:20px\"><h6 class=\"nx-heading-inner\"><strong><span style=\"color: #69c350\">Technische Daten<\/span><\/strong><\/h6><\/div>\n<div class=\"nx-list nx-list-style-\">\n<ul>\n<li><i class=\"fa fa-plus\" style=\"color:#69c350\"><\/i> Einsatzgebiet: Neubau<\/li>\n<li><i class=\"fa fa-plus\" style=\"color:#69c350\"><\/i> Versorgung: 24VDC (min. 9VDC max. 28VDC)<\/li>\n<li><i class=\"fa fa-plus\" style=\"color:#69c350\"><\/i> Verbrauch: 24VDC ~115mW<\/li>\n<li><i class=\"fa fa-plus\" style=\"color:#69c350\"><\/i> Temperatur &amp; Feuchtigkeitssensor: ja<\/li>\n<li><i class=\"fa fa-plus\" style=\"color:#69c350\"><\/i> Temperatursensor: nach Band Gap Prinzip<\/li>\n<li><i class=\"fa fa-plus\" style=\"color:#69c350\"><\/i> Feuchtigkeitssensor: auf kapazitiver Basis*<\/li>\n<li><i class=\"fa fa-plus\" style=\"color:#69c350\"><\/i> 5 Tastpunkte: ja<\/li>\n<li><i class=\"fa fa-plus\" style=\"color:#69c350\"><\/i> Klickfeedback: optional<\/li>\n<li><i class=\"fa fa-plus\" style=\"color:#69c350\"><\/i> Passend zum Schalterprogramm: ja<\/li>\n<li><i class=\"fa fa-plus\" style=\"color:#69c350\"><\/i> Touch Technologie: ja<\/li>\n<li><i class=\"fa fa-plus\" style=\"color:#69c350\"><\/i> Schutzklasse: IP20<\/li>\n<li><i class=\"fa fa-plus\" style=\"color:#69c350\"><\/i> Betriebstemperatur: 0&#8230;55\u00b0C<\/li>\n<li><i class=\"fa fa-plus\" style=\"color:#69c350\"><\/i> Innenabmessung: 55x55mm<\/li>\n<\/ul>\n<\/div>\n<p style=\"text-align: justify\">Bei der Verwendung von anderen Schalterprogrammen ist zu beachten, dass es sich bei dem Loxone Touch um eine matt wei\u00dfe Oberfl\u00e4che handelt. Es kann ggf. Farbunterschiede bei der Verwendung von anderen Rahmen geben. Wir empfehlen Ihnen daher matt wei\u00dfe Rahmen zu verwenden.<\/p>\n<p style=\"text-align: justify\">*Bitte beachten Sie ebenfalls, dass es durch die geschlossene Geh\u00e4useform bei der Messung der Umgebungsfeuchtigkeit mit dem Loxone Touch zu Verz\u00f6gerungen kommt. F\u00fcr die schnelle Erfassung von \u00c4nderungen in der Umgebungsfeuchtigkeit (wie z.B. zur L\u00fcftungssteuerung im Bad) empfehlen wir einen Sensor mit offener Geh\u00e4useform wie den Loxone Temperature &amp; Humidity Sensor Air.<\/p>\n<div class=\"nx-heading nx-heading-style-underlined nx-heading-align-left\" style=\"font-size:14px;margin-bottom:20px\"><h6 class=\"nx-heading-inner\"><strong><span style=\"color: #69c350\">Lieferumfang<\/span><\/strong><\/h6><\/div>\n<div class=\"nx-list nx-list-style-\">\n<ul>\n<li><i class=\"fa fa-plus\" style=\"color:#69c350\"><\/i> 1x Loxone Touch Tree<\/li>\n<li><i class=\"fa fa-plus\" style=\"color:#69c350\"><\/i> 1x 1-fach Rahmen<\/li>\n<\/ul>\n<\/div><div class=\"nx-spacer\" style=\"height:20px\"><\/div>\n","protected":false},"excerpt":{"rendered":"<p>Das wichtigste Bedienelement in Ihrem Smart Home: Der Loxone Touch vereint 5 Tastpunkte in einem kompakten Bedienelement und macht die Bedienung des Smart Homes kinderleicht.<br \/>\n[nx_list icon=\"icon: check\" icon_color=\"#69c350\"]<\/p>\n<ul>\n<li>zur einfachen Bedienung von Licht, Beschattung, Musik,&#8230;<\/li>\n<li>ber\u00fchrungssensible Touchoberfl\u00e4che mit 5 Tastpunkten<\/li>\n<li>integrierter Temperatur- und Feuchtigkeitssensor<\/li>\n<li>schnelle Verkabelung und Konfiguration<\/li>\n<li>voll updatef\u00e4hig dank kostenloser Updates<\/li>\n<li>Klick-Feedback (optional)<\/li>\n<li>einfach integrierbar<\/li>\n<li>inklusive passendem 1-fach Rahmen<\/li>\n<\/ul>\n<p>[\/nx_list]<\/p>\n","protected":false},"featured_media":1123,"comment_status":"open","ping_status":"closed","template":"","meta":[],"product_cat":[50,57,42,43,51],"product_tag":[68,83,99,72,102,67],"_links":{"self":[{"href":"https:\/\/www.logic-home.de\/shop\/wp-json\/wp\/v2\/product\/558"}],"collection":[{"href":"https:\/\/www.logic-home.de\/shop\/wp-json\/wp\/v2\/product"}],"about":[{"href":"https:\/\/www.logic-home.de\/shop\/wp-json\/wp\/v2\/types\/product"}],"replies":[{"embeddable":true,"href":"https:\/\/www.logic-home.de\/shop\/wp-json\/wp\/v2\/comments?post=558"}],"wp:featuredmedia":[{"embeddable":true,"href":"https:\/\/www.logic-home.de\/shop\/wp-json\/wp\/v2\/media\/1123"}],"wp:attachment":[{"href":"https:\/\/www.logic-home.de\/shop\/wp-json\/wp\/v2\/media?parent=558"}],"wp:term":[{"taxonomy":"product_cat","embeddable":true,"href":"https:\/\/www.logic-home.de\/shop\/wp-json\/wp\/v2\/product_cat?post=558"},{"taxonomy":"product_tag","embeddable":true,"href":"https:\/\/www.logic-home.de\/shop\/wp-json\/wp\/v2\/product_tag?post=558"}],"curies":[{"name":"wp","href":"https:\/\/api.w.org\/{rel}","templated":true}]}}