{"id":539,"date":"2017-01-01T00:00:05","date_gmt":"2016-12-31T23:00:05","guid":{"rendered":"https:\/\/www.logic-home.de\/shop\/produkt\/import-placeholder-for-445\/"},"modified":"2021-08-03T14:17:19","modified_gmt":"2021-08-03T12:17:19","slug":"nano-io-air","status":"publish","type":"product","link":"https:\/\/www.logic-home.de\/shop\/produkt\/nano-io-air\/","title":{"rendered":"Nano IO Air"},"content":{"rendered":"<div class=\"nx-spacer\" style=\"height:15px\"><\/div>\n<div class=\"nx-heading nx-heading-style-underlined nx-heading-align-left\" style=\"font-size:14px;margin-bottom:20px\"><h6 class=\"nx-heading-inner\"><strong><span style=\"color: #69c350\">Zur Integration von Beschattung, Beleuchtung und Co.<\/span><\/strong><\/h6><\/div>\n<p style=\"text-align: justify\">Zwei leistungsstarke 5A Relais erm\u00f6glichen die nachtr\u00e4gliche Integration von Beschattung und Beleuchtung in Ihr Loxone Smart Home. Dank integrierter Loxone Air Funktechnologie ist die Nano IO Air ohne gro\u00dfen Verkabelungsaufwand von Ihrem Loxone Partner schnell in Ihr Smart Home integriert! Perfekt f\u00fcr Nachr\u00fcster.<\/p>\n<div class=\"nx-heading nx-heading-style-underlined nx-heading-align-left\" style=\"font-size:14px;margin-bottom:20px\"><h6 class=\"nx-heading-inner\"><strong><span style=\"color: #69c350\">Integrierte Eing\u00e4nge f\u00fcr Taster und Co.<\/span><\/strong><\/h6><\/div>\n<p style=\"text-align: justify\">Gleich sechs integrierte digitale Eing\u00e4nge schaffen gen\u00fcgend M\u00f6glichkeiten zur Integration von Taster, bestehende Schalter, T\u00fcrkontakte, Wassersensor und sonstigen digitalen Sensoren, die \u00fcber den 24V Spannungsausgang versorgt werden.<\/p>\n<div class=\"nx-heading nx-heading-style-underlined nx-heading-align-left\" style=\"font-size:14px;margin-bottom:20px\"><h6 class=\"nx-heading-inner\"><strong><span style=\"color: #69c350\">Passt perfekt in die Unterputzdose<\/span><\/strong><\/h6><\/div>\n<p style=\"text-align: justify\">Mit den Abmessungen von 53 x 53 x31 mm ist die Nano IO Air ein kompaktes Unterputzmodul und passt in g\u00e4ngige Unterputzdosenformate.<\/p>\n<div class=\"nx-heading nx-heading-style-underlined nx-heading-align-left\" style=\"font-size:14px;margin-bottom:20px\"><h6 class=\"nx-heading-inner\"><strong><span style=\"color: #69c350\">Loxone Touch passend f\u00fcr den Nano IO Air<\/span><\/strong><\/h6><\/div>\n<p style=\"text-align: justify\">Der Loxone Touch for Nano ist das Taster-Aufsteckmodul f\u00fcr die Nano IO Air. Mit kapazitiver Oberfl\u00e4che, f\u00fcnf Tastpunkten und Klick-Feedback ist der Touch Taster das Smart Home Bedienelement 2.0 und als Zubeh\u00f6r erh\u00e4ltlich.<\/p>\n<div class=\"nx-heading nx-heading-style-underlined nx-heading-align-left\" style=\"font-size:14px;margin-bottom:20px\"><h6 class=\"nx-heading-inner\"><strong><span style=\"color: #69c350\">Zertifiziert und gepr\u00fcft<\/span><\/strong><\/h6><\/div>\n<p style=\"text-align: justify\">Der Nano IO Air wurde \u2013 wie unsere anderen Produkte \u2013 unter der Einhaltung der CE Normen entwickelt. Damit erf\u00fcllt er h\u00f6chste Sicherheitsstandards. Weil Sicherheit Gr\u00f6\u00dfe braucht, hat das Hardware-Development bei der Entwicklung de vielseitigen Unterputzmoduls in den kompakten Dimensionen eine wahre Meisterleistung vollbracht. Weil uns Ihre Sicherheit am Herzen liegt.<\/p>\n<div class=\"nx-heading nx-heading-style-underlined nx-heading-align-left\" style=\"font-size:14px;margin-bottom:20px\"><h6 class=\"nx-heading-inner\"><strong><span style=\"color: #69c350\">Niedriger Energieverbrauch<\/span><\/strong><\/h6><\/div>\n<p style=\"text-align: justify\">Alle Loxone Air Produkte sind auf niedrigen Eigenverbrauch hin optimiert. Im Standby-Betrieb betr\u00e4gt der Verbrauch der Nano IO Air nur 0,5 W.<\/p>\n<div class=\"nx-heading nx-heading-style-underlined nx-heading-align-left\" style=\"font-size:14px;margin-bottom:20px\"><h6 class=\"nx-heading-inner\"><strong><span style=\"color: #69c350\">Technische Daten<\/span><\/strong><\/h6><\/div>\n<div class=\"nx-list nx-list-style-\">\n<ul>\n<li><i class=\"fa fa-plus\" style=\"color:#69c350\"><\/i> Stromversorgung: 110-230V~, 50\/60Hz, 10A max<\/li>\n<li><i class=\"fa fa-plus\" style=\"color:#69c350\"><\/i> Digitale Ausg\u00e4nge: 2 digitale Ausg\u00e4nge (Schaltspannung) 5A at cos\u03c6=1<\/li>\n<li><i class=\"fa fa-plus\" style=\"color:#69c350\"><\/i> Digitale Eing\u00e4nge: 6 digitale Eing\u00e4nge 24VDC (SELV)<\/li>\n<li><i class=\"fa fa-plus\" style=\"color:#69c350\"><\/i> Frequenz: 868MHz (SRD Band Europa), 915MHz (ISM Band Region 2)<\/li>\n<li><i class=\"fa fa-plus\" style=\"color:#69c350\"><\/i> Stromverbrauch: typ. 0.5 W<\/li>\n<li><i class=\"fa fa-plus\" style=\"color:#69c350\"><\/i> Abmessungen: 53 x 53 x 31mm<\/li>\n<li><i class=\"fa fa-plus\" style=\"color:#69c350\"><\/i> Umgebungstemperatur: 0&#8230;35\u00b0C<\/li>\n<li><i class=\"fa fa-plus\" style=\"color:#69c350\"><\/i> Max. relative Feuchtigkeit: 95% (nicht-kondensierend)<\/li>\n<li><i class=\"fa fa-plus\" style=\"color:#69c350\"><\/i> Schutzklasse: IP20<\/li>\n<li><i class=\"fa fa-plus\" style=\"color:#69c350\"><\/i> Wirkungsweise: Typ 1 (EN60730-1<\/li>\n<li><i class=\"fa fa-plus\" style=\"color:#69c350\"><\/i> Bemessungssto\u00dfspannung: 2,5kV (EN60730-1, max. H\u00f6he 2000m)<\/li>\n<li><i class=\"fa fa-plus\" style=\"color:#69c350\"><\/i> Verschmutzungsgrad: 2<\/li>\n<li><i class=\"fa fa-plus\" style=\"color:#69c350\"><\/i> 24VDC Ausgang f\u00fcr Sensoren (LPS), max. 1W<\/li>\n<li><i class=\"fa fa-plus\" style=\"color:#69c350\"><\/i> basierend auf Loxone Air Technologie<\/li>\n<li><i class=\"fa fa-plus\" style=\"color:#69c350\"><\/i> Onboard Mikroprozessor<\/li>\n<\/ul>\n<\/div>\n<div class=\"nx-heading nx-heading-style-underlined nx-heading-align-left\" style=\"font-size:14px;margin-bottom:20px\"><h6 class=\"nx-heading-inner\"><strong><span style=\"color: #69c350\">Lieferumfang<\/span><\/strong><\/h6><\/div>\n<div class=\"nx-list nx-list-style-\">\n<ul>\n<li><i class=\"fa fa-plus\" style=\"color:#69c350\"><\/i> 1x Nano IO Air<\/li>\n<\/ul>\n<\/div><div class=\"nx-spacer\" style=\"height:20px\"><\/div>\n","protected":false},"excerpt":{"rendered":"<p><\/br>Mit dem Loxone Nano IO Air k\u00f6nnen Sie Licht, Beschattung, Taster und mehr in Ihrem Zuhause nachr\u00fcsten. Dazu bietet das Unterputzmodul zwei leistungsstarke 5A Relais und sechs digitale Eing\u00e4nge.<br \/>\n[nx_list icon=\"icon: check\" icon_color=\"#69c350\"]<\/p>\n<ul>\n<li>Licht, Beschattung, Taster und mehr nachr\u00fcsten<\/li>\n<li>2 leistungsstarke 5A Relais<\/li>\n<li>6 digitale Eing\u00e4nge<\/li>\n<li>CE zertifiziert und gepr\u00fcft<\/li>\n<li>Loxone Air &#8211; perfekt f\u00fcr Nachr\u00fcster<\/li>\n<\/ul>\n<p>[\/nx_list]<\/p>\n","protected":false},"featured_media":993,"comment_status":"open","ping_status":"closed","template":"","meta":[],"product_cat":[48,39,42,43,52],"product_tag":[64,68,83,65],"_links":{"self":[{"href":"https:\/\/www.logic-home.de\/shop\/wp-json\/wp\/v2\/product\/539"}],"collection":[{"href":"https:\/\/www.logic-home.de\/shop\/wp-json\/wp\/v2\/product"}],"about":[{"href":"https:\/\/www.logic-home.de\/shop\/wp-json\/wp\/v2\/types\/product"}],"replies":[{"embeddable":true,"href":"https:\/\/www.logic-home.de\/shop\/wp-json\/wp\/v2\/comments?post=539"}],"wp:featuredmedia":[{"embeddable":true,"href":"https:\/\/www.logic-home.de\/shop\/wp-json\/wp\/v2\/media\/993"}],"wp:attachment":[{"href":"https:\/\/www.logic-home.de\/shop\/wp-json\/wp\/v2\/media?parent=539"}],"wp:term":[{"taxonomy":"product_cat","embeddable":true,"href":"https:\/\/www.logic-home.de\/shop\/wp-json\/wp\/v2\/product_cat?post=539"},{"taxonomy":"product_tag","embeddable":true,"href":"https:\/\/www.logic-home.de\/shop\/wp-json\/wp\/v2\/product_tag?post=539"}],"curies":[{"name":"wp","href":"https:\/\/api.w.org\/{rel}","templated":true}]}}