{"id":536,"date":"2017-01-01T00:00:04","date_gmt":"2016-12-31T23:00:04","guid":{"rendered":"https:\/\/www.logic-home.de\/shop\/produkt\/import-placeholder-for-427\/"},"modified":"2021-08-03T14:18:15","modified_gmt":"2021-08-03T12:18:15","slug":"loxone-speaker-einbaubox","status":"publish","type":"product","link":"https:\/\/www.logic-home.de\/shop\/produkt\/loxone-speaker-einbaubox\/","title":{"rendered":"Loxone Speaker Einbaubox"},"content":{"rendered":"<div class=\"nx-spacer\" style=\"height:15px\"><\/div>\n<p style=\"text-align: justify\">Sorgen Sie w\u00e4hrend der Bauphase f\u00fcr Ihr Multiroom-Audio-System vor: mit der Einbau-Box f\u00fcr den Loxone Speaker. Ihre Vorteile beim Einsatz der Einbaubox:<\/p>\n<div class=\"nx-heading nx-heading-style-coloredline nx-heading-align-left\" style=\"font-size:14px;margin-bottom:20px\"><h6 class=\"nx-heading-inner\"><strong>Einfach ausrichten<\/strong><\/h6><\/div>\n<p style=\"text-align: justify\">Mit der Transparenz der Einbau-Box ist das Ausrichten und die Montage \u00fcbersichtlich und einfach.<\/p>\n<div class=\"nx-heading nx-heading-style-coloredline nx-heading-align-left\" style=\"font-size:14px;margin-bottom:20px\"><h6 class=\"nx-heading-inner\"><strong>Stabil einbauen<\/strong><\/h6><\/div>\n<p style=\"text-align: justify\">Dank zwei Zwischenringen und einem Abstand von 30 mm, kann ausreichend Beton die Einbaubox umschlie\u00dfen. F\u00fcr eine hohe Einbaustabilit\u00e4t ist gesorgt.<\/p>\n<div class=\"nx-heading nx-heading-style-coloredline nx-heading-align-left\" style=\"font-size:14px;margin-bottom:20px\"><h6 class=\"nx-heading-inner\"><strong>F\u00fcr Sichtbeton oder verkleideten Beton<\/strong><\/h6><\/div>\n<p style=\"text-align: justify\">Sie planen in Ihrem Heim eine Decke aus Sichtbeton? Bei einer Ortbetondecke empfehlen wir die beigelegten N\u00e4gel durch die mittig vorgestanzten L\u00f6cher zu befestigen. Beim Einsatz von verkleidetem Beton k\u00f6nnen Sie die vier au\u00dfenliegenden L\u00f6cher verwenden.<\/p>\n<div class=\"nx-heading nx-heading-style-coloredline nx-heading-align-left\" style=\"font-size:14px;margin-bottom:20px\"><h6 class=\"nx-heading-inner\"><strong>F\u00fcr Ort- und Fertigbeton<\/strong><\/h6><\/div>\n<p style=\"text-align: justify\">Egal ob Sie Ihre Decke vor Ort auf der Baustelle betonieren oder Ihre Decke fertig geliefert bekommen &#8211; die Loxone Speaker Einbaubox ist die ideale L\u00f6sung. Mit der mitgelieferten Holzplatte wird eine stabile Montage f\u00fcr das Betonieren erm\u00f6glicht.<\/p>\n<p><\/b>Wichtig:<\/b> Denken Sie an die Leerverrohrung hin zur Loxone Speaker Einbaubox.<\/p>\n<div class=\"nx-heading nx-heading-style-underlined nx-heading-align-left\" style=\"font-size:14px;margin-bottom:20px\"><h6 class=\"nx-heading-inner\"><strong><span style=\"color: #69c350\">Technische Daten<\/span><\/strong><\/h6><\/div>\n<div class=\"nx-list nx-list-style-\">\n<ul>\n<li><i class=\"fa fa-plus\" style=\"color:#69c350\"><\/i> Durchmesser Auslass: 210 mm (rund)<\/li>\n<li><i class=\"fa fa-plus\" style=\"color:#69c350\"><\/i> Einbautiefe: 110 mm (bei 2 Zwischenringen)<\/li>\n<li><i class=\"fa fa-plus\" style=\"color:#69c350\"><\/i> Rohreinf\u00fchrungen: 2x M20, 2x M25<\/li>\n<li><i class=\"fa fa-plus\" style=\"color:#69c350\"><\/i> Material: Polycarbonat, halogenfrei<\/li>\n<li><i class=\"fa fa-plus\" style=\"color:#69c350\"><\/i> Abmessungen: 310 x 310 mm<\/li>\n<\/ul>\n<\/div>\n<div class=\"nx-heading nx-heading-style-underlined nx-heading-align-left\" style=\"font-size:14px;margin-bottom:20px\"><h6 class=\"nx-heading-inner\"><strong><span style=\"color: #69c350\">Lieferumfang<\/span><\/strong><\/h6><\/div>\n<div class=\"nx-list nx-list-style-\">\n<ul>\n<li><i class=\"fa fa-plus\" style=\"color:#69c350\"><\/i> 1x Loxone Speaker Einbaubox<\/li>\n<li><i class=\"fa fa-plus\" style=\"color:#69c350\"><\/i> 4x N\u00e4gel<\/li>\n<\/ul>\n<\/div>\n","protected":false},"excerpt":{"rendered":"<p><\/br>Die Einbaubox eignet sich mit einer Einbautiefe von 110 mm perfekt f\u00fcr die Installation des Loxone Speakers in Betondecken.<br \/>\n[nx_list icon=\"icon: check\" icon_color=\"#69c350\"]<\/p>\n<ul>\n<li>f\u00fcr den Decken- und Wandeinbau<\/li>\n<li>210 mm Durchmesser passend f\u00fcr den Loxone Speaker<\/li>\n<li>geringe Einbautiefe (110 mm)<\/li>\n<li>sehr gute Resonanz (7,2 Liter)<\/li>\n<li>transparente Box f\u00fcr die einfache Montage und Ausrichtung<\/li>\n<\/ul>\n<p>[\/nx_list]<\/p>\n","protected":false},"featured_media":938,"comment_status":"open","ping_status":"closed","template":"","meta":[],"product_cat":[36,51],"product_tag":[71,88,72],"_links":{"self":[{"href":"https:\/\/www.logic-home.de\/shop\/wp-json\/wp\/v2\/product\/536"}],"collection":[{"href":"https:\/\/www.logic-home.de\/shop\/wp-json\/wp\/v2\/product"}],"about":[{"href":"https:\/\/www.logic-home.de\/shop\/wp-json\/wp\/v2\/types\/product"}],"replies":[{"embeddable":true,"href":"https:\/\/www.logic-home.de\/shop\/wp-json\/wp\/v2\/comments?post=536"}],"wp:featuredmedia":[{"embeddable":true,"href":"https:\/\/www.logic-home.de\/shop\/wp-json\/wp\/v2\/media\/938"}],"wp:attachment":[{"href":"https:\/\/www.logic-home.de\/shop\/wp-json\/wp\/v2\/media?parent=536"}],"wp:term":[{"taxonomy":"product_cat","embeddable":true,"href":"https:\/\/www.logic-home.de\/shop\/wp-json\/wp\/v2\/product_cat?post=536"},{"taxonomy":"product_tag","embeddable":true,"href":"https:\/\/www.logic-home.de\/shop\/wp-json\/wp\/v2\/product_tag?post=536"}],"curies":[{"name":"wp","href":"https:\/\/api.w.org\/{rel}","templated":true}]}}