{"id":535,"date":"2017-01-01T00:00:04","date_gmt":"2016-12-31T23:00:04","guid":{"rendered":"https:\/\/www.logic-home.de\/shop\/produkt\/import-placeholder-for-419\/"},"modified":"2021-08-03T14:18:15","modified_gmt":"2021-08-03T12:18:15","slug":"loxone-wall-speaker","status":"publish","type":"product","link":"https:\/\/www.logic-home.de\/shop\/produkt\/loxone-wall-speaker\/","title":{"rendered":"Loxone Wall Speaker"},"content":{"rendered":"<div class=\"nx-spacer\" style=\"height:15px\"><\/div>\n<div class=\"nx-heading nx-heading-style-underlined nx-heading-align-left\" style=\"font-size:14px;margin-bottom:20px\"><h6 class=\"nx-heading-inner\"><strong><span style=\"color: #69c350\">Perfekter Klang<\/span><\/strong><\/h6><\/div>\n<p style=\"text-align: justify\">Der passive Wandlautsprecher ist mit zwei Woofern und einem Tweeter im High-End Chassis ausgestattet und perfekt abgestimmt. Der Aufbau unterst\u00fctzt die Klangeigenschaften des Wall Speakers perfekt. St\u00f6rende Nebenger\u00e4usche durch schwingendes Plastikgeh\u00e4use gibt es somit nicht.<\/p>\n<div class=\"nx-heading nx-heading-style-underlined nx-heading-align-left\" style=\"font-size:14px;margin-bottom:20px\"><h6 class=\"nx-heading-inner\"><strong><span style=\"color: #69c350\">Massiver Aufbau<\/span><\/strong><\/h6><\/div>\n<p style=\"text-align: justify\">Das PVC beschichtete Holz-Chassis sorgt nicht nur f\u00fcr einen sicheren Stand bei der Verwendung als Regal- oder Tischlautsprecher, es beeinflusst auch die Soundqualit\u00e4t positiv. Stattliche 3,4 Kilogramm schwer \u2013 dem gibt es nichts mehr hinzuzuf\u00fcgen.<\/p>\n<div class=\"nx-heading nx-heading-style-underlined nx-heading-align-left\" style=\"font-size:14px;margin-bottom:20px\"><h6 class=\"nx-heading-inner\"><strong><span style=\"color: #69c350\">Schlicht im Design<\/span><\/strong><\/h6><\/div>\n<p style=\"text-align: justify\">Der Wandlautsprecher passt sich perfekt in sein Umfeld ein. Er h\u00e4lt sich optisch dezent im Hintergrund, \u00fcberzeugt mit seinen Klangeigenschaften. Die Abdeckung ist einfach abzunehmen \u2013 f\u00fcr alle die nicht nur h\u00f6ren, sondern auch &#8217;sehen&#8216; wollen, was er kann.<\/p>\n<div class=\"nx-heading nx-heading-style-underlined nx-heading-align-left\" style=\"font-size:14px;margin-bottom:20px\"><h6 class=\"nx-heading-inner\"><strong><span style=\"color: #69c350\">Klingt \u00fcberall gut<\/span><\/strong><\/h6><\/div>\n<p style=\"text-align: justify\">Der Wall Speaker ist f\u00fcr die einfache Befestigung an der Wand konzipiert, er kann aber auch problemlos \u00fcberall anders platziert werden. Im Regal, im Arbeitszimmer, in der K\u00fcche&#8230; Der Wall Speaker klingt \u00fcberall gut.<\/p>\n<div class=\"nx-heading nx-heading-style-underlined nx-heading-align-left\" style=\"font-size:14px;margin-bottom:20px\"><h6 class=\"nx-heading-inner\"><strong><span style=\"color: #69c350\">Einfach an der Wand montiert<\/span><\/strong><\/h6><\/div>\n<p style=\"text-align: justify\">Der Wall Speaker wird mit einer Schablone ausgeliefert, mit der Sie ganz einfach die exakten Bohrl\u00f6cher an der Wand einzeichnen und setzen k\u00f6nnen.<\/p>\n<div class=\"nx-heading nx-heading-style-underlined nx-heading-align-left\" style=\"font-size:14px;margin-bottom:20px\"><h6 class=\"nx-heading-inner\"><strong><span style=\"color: #69c350\">Perfekter Stereosound<\/span><\/strong><\/h6><\/div>\n<p style=\"text-align: justify\">F\u00fcr den perfekten Stereosound in Ihrem Zuhause, kombinieren Sie zwei Wall Speaker. Mit zwei Wandlautsprechern als Schallquellen entsteht der r\u00e4umliche Schalleindruck.<\/p>\n<div class=\"nx-heading nx-heading-style-underlined nx-heading-align-left\" style=\"font-size:14px;margin-bottom:20px\"><h6 class=\"nx-heading-inner\"><strong><span style=\"color: #69c350\">Technische Daten<\/span><\/strong><\/h6><\/div>\n<div class=\"nx-list nx-list-style-\">\n<ul>\n<li><i class=\"fa fa-plus\" style=\"color:#69c350\"><\/i> Max. Belastbarkeit: 50W<\/li>\n<li><i class=\"fa fa-plus\" style=\"color:#69c350\"><\/i> Impendanz: 80hm<\/li>\n<li><i class=\"fa fa-plus\" style=\"color:#69c350\"><\/i> Max. Lautst\u00e4rke: 86dB<\/li>\n<li><i class=\"fa fa-plus\" style=\"color:#69c350\"><\/i> Frequenz: 20&#8230;20.000Hz<\/li>\n<li><i class=\"fa fa-plus\" style=\"color:#69c350\"><\/i> Gewicht: 3,4kg<\/li>\n<li><i class=\"fa fa-plus\" style=\"color:#69c350\"><\/i> Abmessungen: 440 x 180 x 80mm<\/li>\n<\/ul>\n<\/div>\n<div class=\"nx-heading nx-heading-style-underlined nx-heading-align-left\" style=\"font-size:14px;margin-bottom:20px\"><h6 class=\"nx-heading-inner\"><strong><span style=\"color: #69c350\">Lieferumfang<\/span><\/strong><\/h6><\/div>\n<div class=\"nx-list nx-list-style-\">\n<ul>\n<li><i class=\"fa fa-plus\" style=\"color:#69c350\"><\/i> 1x Loxone Wall Speaker<\/li>\n<li><i class=\"fa fa-plus\" style=\"color:#69c350\"><\/i> 1x Montage Schablone<\/li>\n<li><i class=\"fa fa-plus\" style=\"color:#69c350\"><\/i> 2x Schrauben   D\u00fcbel<\/li>\n<\/ul>\n<\/div>\n","protected":false},"excerpt":{"rendered":"<p><\/br>Der Loxone Wandlautsprecher \u00fcberzeugt mit massiver Bauweise, schlichtem Design und perfektem Klang. Egal ob an der Wand oder auf dem Regal &#8211; der Wall Speaker klingt gut. Perfekt auch f\u00fcr Nachr\u00fcster.<br \/>\n[nx_list icon=\"icon: check\" icon_color=\"#69c350\"]<\/p>\n<ul>\n<li>perfekter Klang (2 Woofer, 1 Tweeter)<\/li>\n<li>massives Chassis<\/li>\n<li>schlichtes Design<\/li>\n<li>einfache Montage<\/li>\n<li>abnehmbare Frontabdeckung<\/li>\n<li>perfekter Stereoklang mit 2 Wall Speaker<\/li>\n<li>\u00fcberall platzierbar<\/li>\n<\/ul>\n<p>[\/nx_list]<\/p>\n","protected":false},"featured_media":951,"comment_status":"open","ping_status":"closed","template":"","meta":[],"product_cat":[36,51,52],"product_tag":[71,88,72,65],"_links":{"self":[{"href":"https:\/\/www.logic-home.de\/shop\/wp-json\/wp\/v2\/product\/535"}],"collection":[{"href":"https:\/\/www.logic-home.de\/shop\/wp-json\/wp\/v2\/product"}],"about":[{"href":"https:\/\/www.logic-home.de\/shop\/wp-json\/wp\/v2\/types\/product"}],"replies":[{"embeddable":true,"href":"https:\/\/www.logic-home.de\/shop\/wp-json\/wp\/v2\/comments?post=535"}],"wp:featuredmedia":[{"embeddable":true,"href":"https:\/\/www.logic-home.de\/shop\/wp-json\/wp\/v2\/media\/951"}],"wp:attachment":[{"href":"https:\/\/www.logic-home.de\/shop\/wp-json\/wp\/v2\/media?parent=535"}],"wp:term":[{"taxonomy":"product_cat","embeddable":true,"href":"https:\/\/www.logic-home.de\/shop\/wp-json\/wp\/v2\/product_cat?post=535"},{"taxonomy":"product_tag","embeddable":true,"href":"https:\/\/www.logic-home.de\/shop\/wp-json\/wp\/v2\/product_tag?post=535"}],"curies":[{"name":"wp","href":"https:\/\/api.w.org\/{rel}","templated":true}]}}