{"id":534,"date":"2017-01-01T00:00:04","date_gmt":"2016-12-31T23:00:04","guid":{"rendered":"https:\/\/www.logic-home.de\/shop\/produkt\/import-placeholder-for-414\/"},"modified":"2021-08-03T14:18:15","modified_gmt":"2021-08-03T12:18:15","slug":"loxone-speaker","status":"publish","type":"product","link":"https:\/\/www.logic-home.de\/shop\/produkt\/loxone-speaker\/","title":{"rendered":"Loxone Speaker"},"content":{"rendered":"<div class=\"nx-spacer\" style=\"height:15px\"><\/div>\n<div class=\"nx-heading nx-heading-style-underlined nx-heading-align-left\" style=\"font-size:14px;margin-bottom:20px\"><h6 class=\"nx-heading-inner\"><strong><span style=\"color: #69c350\">Die Highlights des Loxone Speakers<\/span><\/strong><\/h6><\/div>\n<div class=\"nx-heading nx-heading-style-coloredline nx-heading-align-left\" style=\"font-size:14px;margin-bottom:20px\"><h6 class=\"nx-heading-inner\"><strong>Dezentes Aussehen<\/strong><\/h6><\/div>\n<p style=\"text-align: justify\">Der Deckenlautsprecher ist mit den 3mm Slimline Gittern besonders unauff\u00e4llig, perfekt f\u00fcr jedes Zuhause.<\/p>\n<div class=\"nx-heading nx-heading-style-coloredline nx-heading-align-left\" style=\"font-size:14px;margin-bottom:20px\"><h6 class=\"nx-heading-inner\"><strong>Feinster Sound<\/strong><\/h6><\/div>\n<p style=\"text-align: justify\">Ob f\u00fcr dezente Hintergrundbeschallung oder im Partyeinsatz \u2013 die Loxone Speaker sorgen f\u00fcr feinsten Sound in jeder Situation.<\/p>\n<div class=\"nx-heading nx-heading-style-coloredline nx-heading-align-left\" style=\"font-size:14px;margin-bottom:20px\"><h6 class=\"nx-heading-inner\"><strong>Perfekte Kombination<\/strong><\/h6><\/div>\n<p style=\"text-align: justify\">Speziell f\u00fcr den Einsatz im Multiroom Audio System konzipiert, ist der Deckenlautsprecher die perfekte Erg\u00e4nzung f\u00fcr Ihr Smart Home.<\/p>\n<div class=\"nx-heading nx-heading-style-underlined nx-heading-align-left\" style=\"font-size:14px;margin-bottom:20px\"><h6 class=\"nx-heading-inner\"><strong><span style=\"color: #69c350\">Universell &#8211; einfach &#8211; individuell<\/span><\/strong><\/h6><\/div>\n<div class=\"nx-heading nx-heading-style-coloredline nx-heading-align-left\" style=\"font-size:14px;margin-bottom:20px\"><h6 class=\"nx-heading-inner\"><strong>Magnetisch haftende Frontabdeckungen<\/strong><\/h6><\/div>\n<p style=\"text-align: justify\">Die Frontabdeckung des Deckenlautsprechers ist magnetisch, so kann sie ganz m\u00fchelos angebracht und wieder abgenommen werden.<\/p>\n<div class=\"nx-heading nx-heading-style-coloredline nx-heading-align-left\" style=\"font-size:14px;margin-bottom:20px\"><h6 class=\"nx-heading-inner\"><strong>Beliebig mit Ihrer Wunschfarbe einf\u00e4rben<\/strong><\/h6><\/div>\n<p style=\"text-align: justify\">Die Abdeckungen f\u00fcr den Loxone Speaker sind bewusst in wei\u00df gehalten. Sie k\u00f6nnen die Frontgitter je nach Wandfarbe oder mit Ihrer Wunschfarbe einf\u00e4rben!<\/p>\n<div class=\"nx-heading nx-heading-style-underlined nx-heading-align-left\" style=\"font-size:14px;margin-bottom:20px\"><h6 class=\"nx-heading-inner\"><strong><span style=\"color: #69c350\">Perfekter Sound<\/span><\/strong><\/h6><\/div>\n<p style=\"text-align: justify\">Eigenschaften wie hohe Magnetkraft, geringer Luftspalt, hocheffiziente Doppelschwingspule, sehr steife Membrane, effiziente Gummi Sicke und beschichtete Seidenkalotten-Hocht\u00f6ner, sowie eine hochwertige Passivweiche bringen die beste Performance im Multiroom Einsatz als Deckenlautsprecher \u2013 egal bei welcher Lautst\u00e4rke.<\/p>\n<div class=\"nx-heading nx-heading-style-underlined nx-heading-align-left\" style=\"font-size:14px;margin-bottom:20px\"><h6 class=\"nx-heading-inner\"><strong><span style=\"color: #69c350\">Einfache Montage &#8211; Spezialklammern machen es m\u00f6glich<\/span><\/strong><\/h6><\/div>\n<p style=\"text-align: justify\">F\u00fcr den einfachen Wand- bzw. Deckeneinbau wurde der Deckenlautsprecher mit Spezialklammern ausgestattet. Die Klammern lassen sich je nach Wanddicke verstellen und befestigen den Lautsprecher einfach und sicher.<\/p>\n<div class=\"nx-heading nx-heading-style-underlined nx-heading-align-left\" style=\"font-size:14px;margin-bottom:20px\"><h6 class=\"nx-heading-inner\"><strong><span style=\"color: #69c350\">Single Stereo vs. High Power Mono Betrieb<\/span><\/strong><\/h6><\/div>\n<p style=\"text-align: justify\">Eine Besonderheit des Loxone Speakers ist die Einsatzm\u00f6glichkeit als High Power Mono oder als Single Stereo Lautsprecher. Ein Umschaltknopf am Lautsprecher macht\u2019s m\u00f6glich.<br \/>\nJe nach Raumgr\u00f6\u00dfe setzen Sie einen Lautsprecher im Single Stereo bzw. zwei oder vier,&#8230; im High Power Mono-Betrieb ein.<\/p>\n<div class=\"nx-heading nx-heading-style-underlined nx-heading-align-left\" style=\"font-size:14px;margin-bottom:20px\"><h6 class=\"nx-heading-inner\"><strong><span style=\"color: #69c350\">F\u00fcr drinnen und drau\u00dfen<\/span><\/strong><\/h6><\/div>\n<p style=\"text-align: justify\">Die vollgummierte Bauweise des Loxone Speaker erm\u00f6glicht auch den Einsatz im gesch\u00fctzten Au\u00dfenbereich. Er ist wetter- und frosttauglich.<br \/>\nOb Terrasse, Balkon,&#8230; die Multiroom Deckenlautsprecher passen \u00fcberall.<\/p>\n<div class=\"nx-heading nx-heading-style-underlined nx-heading-align-left\" style=\"font-size:14px;margin-bottom:20px\"><h6 class=\"nx-heading-inner\"><strong><span style=\"color: #69c350\">Technische Daten<\/span><\/strong><\/h6><\/div>\n<div class=\"nx-list nx-list-style-\">\n<ul>\n<li><i class=\"fa fa-plus\" style=\"color:#69c350\"><\/i> Coaxial Two Tweeter<\/li>\n<li><i class=\"fa fa-plus\" style=\"color:#69c350\"><\/i> Mono\/Stereo Switcher<\/li>\n<li><i class=\"fa fa-plus\" style=\"color:#69c350\"><\/i> 0,75\u2033 x 2 Hochtonlautsprecher<\/li>\n<li><i class=\"fa fa-plus\" style=\"color:#69c350\"><\/i> Max. Lautst\u00e4rke: 86dB<\/li>\n<li><i class=\"fa fa-plus\" style=\"color:#69c350\"><\/i> Durchmesser: 224mm<\/li>\n<li><i class=\"fa fa-plus\" style=\"color:#69c350\"><\/i> Max. Einbaudurchmesser: 204mm<\/li>\n<li><i class=\"fa fa-plus\" style=\"color:#69c350\"><\/i> Power: 60 Watt<\/li>\n<li><i class=\"fa fa-plus\" style=\"color:#69c350\"><\/i> Peak power Handling f\u00fcr Woofer: 60W<\/li>\n<li><i class=\"fa fa-plus\" style=\"color:#69c350\"><\/i> Lautsprechervolumen: 10l<\/li>\n<li><i class=\"fa fa-plus\" style=\"color:#69c350\"><\/i> Einbautiefe: 90mm<\/li>\n<li><i class=\"fa fa-plus\" style=\"color:#69c350\"><\/i> Schutzklasse: IP54<\/li>\n<li><i class=\"fa fa-plus\" style=\"color:#69c350\"><\/i> Abmessung runde Abdeckung (LxH): 232 x 3 mm<\/li>\n<\/ul>\n<\/div>\n<div class=\"nx-heading nx-heading-style-underlined nx-heading-align-left\" style=\"font-size:14px;margin-bottom:20px\"><h6 class=\"nx-heading-inner\"><strong><span style=\"color: #69c350\">Lieferumfang<\/span><\/strong><\/h6><\/div>\n<div class=\"nx-list nx-list-style-\">\n<ul>\n<li><i class=\"fa fa-plus\" style=\"color:#69c350\"><\/i> 1 x 1 Loxone Speaker<\/li>\n<li><i class=\"fa fa-plus\" style=\"color:#69c350\"><\/i> 1 x 1 Abdeckung rund<\/li>\n<\/ul>\n<\/div>\n","protected":false},"excerpt":{"rendered":"<p><\/br>Der Loxone Speaker zeichnet sich durch schlichtes Design und ausgezeichnete Klangeigenschaften aus.<br \/>\n[nx_list icon=\"icon: check\" icon_color=\"#69c350\"]<\/p>\n<ul>\n<li>perfekter Sound<\/li>\n<li>Mono &amp; Stereo f\u00e4hig<\/li>\n<li>inkl. Slimline Abdeckung<\/li>\n<li>f\u00fcr drinnen &amp; drau\u00dfen<\/li>\n<li>einfache Montage als Deckenlautsprecher<\/li>\n<\/ul>\n<p>[\/nx_list]<\/p>\n","protected":false},"featured_media":934,"comment_status":"open","ping_status":"closed","template":"","meta":[],"product_cat":[36,51],"product_tag":[71,88,72],"_links":{"self":[{"href":"https:\/\/www.logic-home.de\/shop\/wp-json\/wp\/v2\/product\/534"}],"collection":[{"href":"https:\/\/www.logic-home.de\/shop\/wp-json\/wp\/v2\/product"}],"about":[{"href":"https:\/\/www.logic-home.de\/shop\/wp-json\/wp\/v2\/types\/product"}],"replies":[{"embeddable":true,"href":"https:\/\/www.logic-home.de\/shop\/wp-json\/wp\/v2\/comments?post=534"}],"wp:featuredmedia":[{"embeddable":true,"href":"https:\/\/www.logic-home.de\/shop\/wp-json\/wp\/v2\/media\/934"}],"wp:attachment":[{"href":"https:\/\/www.logic-home.de\/shop\/wp-json\/wp\/v2\/media?parent=534"}],"wp:term":[{"taxonomy":"product_cat","embeddable":true,"href":"https:\/\/www.logic-home.de\/shop\/wp-json\/wp\/v2\/product_cat?post=534"},{"taxonomy":"product_tag","embeddable":true,"href":"https:\/\/www.logic-home.de\/shop\/wp-json\/wp\/v2\/product_tag?post=534"}],"curies":[{"name":"wp","href":"https:\/\/api.w.org\/{rel}","templated":true}]}}