{"id":530,"date":"2017-01-01T00:00:03","date_gmt":"2016-12-31T23:00:03","guid":{"rendered":"https:\/\/www.logic-home.de\/shop\/produkt\/import-placeholder-for-406\/"},"modified":"2021-08-03T14:18:15","modified_gmt":"2021-08-03T12:18:15","slug":"loxone-music-server-12-zonen","status":"publish","type":"product","link":"https:\/\/www.logic-home.de\/shop\/produkt\/loxone-music-server-12-zonen\/","title":{"rendered":"Loxone Music Server 12 Zonen"},"content":{"rendered":"<div class=\"nx-spacer\" style=\"height:15px\"><\/div>\n<div class=\"nx-heading nx-heading-style-underlined nx-heading-align-left\" style=\"font-size:14px;margin-bottom:20px\"><h6 class=\"nx-heading-inner\"><strong><span style=\"color: #69c350;\">100% ins Smart Home integriert<\/span><\/strong><\/h6><\/div>\n<div class=\"nx-heading nx-heading-style-coloredline nx-heading-align-left\" style=\"font-size:14px;margin-bottom:20px\"><h6 class=\"nx-heading-inner\"><strong>Ihre Musik in jedem Raum&#8230;<\/strong><\/h6><\/div>\n<p style=\"text-align: justify;\">H\u00f6ren Sie Ihre Lieblingsmusik in jedem Raum. Bedienen Sie Ihren Loxone Music Server via gew\u00f6hnlichem Taster oder Ihrer Loxone App. Sie haben die Wahl.<\/p>\n<div class=\"nx-heading nx-heading-style-coloredline nx-heading-align-left\" style=\"font-size:14px;margin-bottom:20px\"><h6 class=\"nx-heading-inner\"><strong>&#8230;aus unterschiedlichen Quellen&#8230;<\/strong><\/h6><\/div>\n<p style=\"text-align: justify;\">Spielen Sie Ihre Lieblingsmusik aus Ihrer pers\u00f6nlichen Musiksammlung, \u00fcber Musikdienste wie TuneIn, Google Play Music, Spotify oder \u00fcber 100.000 Internet-Radiosender.<\/p>\n<div class=\"nx-heading nx-heading-style-coloredline nx-heading-align-left\" style=\"font-size:14px;margin-bottom:20px\"><h6 class=\"nx-heading-inner\"><strong>&#8230;zu 100% f\u00fcr das Smart Home entwickelt.<\/strong><\/h6><\/div>\n<p style=\"text-align: justify;\">Der Loxone Music Server wurde f\u00fcr den Einsatz im Smart Home entwickelt. Kombinieren Sie Ihr Multiroom Audio System mit der Beleuchtung, Ihrem Sicherheitssystem, uvm.<\/p>\n<div class=\"nx-heading nx-heading-style-underlined nx-heading-align-left\" style=\"font-size:14px;margin-bottom:20px\"><h6 class=\"nx-heading-inner\"><strong><span style=\"color: #69c350;\">Der Loxone Music Server vielseitig eingesetzt<\/span><\/strong><\/h6><\/div>\n<p style=\"text-align: justify;\">Von morgens bis abends \u2013 so begleitet Sie Ihr Music Server durch den Tag:<\/p>\n<div class=\"nx-heading nx-heading-style-coloredline nx-heading-align-left\" style=\"font-size:14px;margin-bottom:20px\"><h6 class=\"nx-heading-inner\"><strong>Multiroom Audio<\/strong><\/h6><\/div>\n<p style=\"text-align: justify;\">Dank Multiroom Audio kann jeder Raum individuell beschallt bzw. Musik in allen R\u00e4umen gleichzeitig gespielt werden. Multiroom Audio ist Teil vieler praktischer Funktionen im intelligenten Zuhause, wie Alarm, Wecker oder T\u00fcrklingel.<\/p>\n<div class=\"nx-heading nx-heading-style-coloredline nx-heading-align-left\" style=\"font-size:14px;margin-bottom:20px\"><h6 class=\"nx-heading-inner\"><strong>Lautstarker Einbruchalarm<\/strong><\/h6><\/div>\n<p style=\"text-align: justify;\">Mit dem Loxone Music Server realisieren Sie Ihre eine akustische Alarmfunktion, die garantiert jeden Einbrecher in die Flucht schl\u00e4gt. Wird in Ihrem Loxone Smart Home Alarm ausgel\u00f6st, spielt der Music Server den Alarmton in voller Lautst\u00e4rke und in allen Zonen.<\/p>\n<div class=\"nx-heading nx-heading-style-coloredline nx-heading-align-left\" style=\"font-size:14px;margin-bottom:20px\"><h6 class=\"nx-heading-inner\"><strong>Sanfter Wecker<\/strong><\/h6><\/div>\n<p style=\"text-align: justify;\">Dein schriller, nerviger Wecker hat ausgedient. Im Loxone Smart Home werden Sie sanft aus dem Land der Tr\u00e4ume geholt: Die Beschattung \u00f6ffnet sich nach und nach und l\u00e4sst die Sonne rein. Mit Ihrem Lieblingssong hilft Ihnen der Music Server aus dem Bett.<\/p>\n<div class=\"nx-heading nx-heading-style-coloredline nx-heading-align-left\" style=\"font-size:14px;margin-bottom:20px\"><h6 class=\"nx-heading-inner\"><strong>T\u00fcrklingel inklusive<\/strong><\/h6><\/div>\n<p style=\"text-align: justify;\">Vergessen Sie die klassische T\u00fcrklingel \u2013 diese Funktion \u00fcbernimmt der Loxone Music Server. Klingelt jemand an Ihrer T\u00fcr, h\u00f6ren Sie Ihren individuellen Klingelsound in jedem Zimmer. Schlafen die Kinder, wird die Zone im Kinderzimmer stumm geschalten.<\/p>\n<div class=\"nx-heading nx-heading-style-underlined nx-heading-align-left\" style=\"font-size:14px;margin-bottom:20px\"><h6 class=\"nx-heading-inner\"><strong><span style=\"color: #69c350;\">Text tp speech: h\u00f6ren Sie auf Ihr Smart Home<\/span><\/strong><\/h6><\/div>\n<p style=\"text-align: justify;\">Lassen Sie sich von Ihrem Loxone Smart Home mittels akustischer Sprachausgabe erinnern, wenn zB nach Sonnenuntergang das Garagentor oder das Kellerfenster noch ge\u00f6ffnet ist. Mit der Text-to-Speech Funktion des Loxone Music Servers wird Ihr vordefinierter Text online generiert und in der jeweiligen Zone wiedergegeben. Die akustische Sprachausgabe eignet sich perfekt f\u00fcr alle Ereignisse, bei denen Sie schnell informiert sein wollen.<\/p>\n<div class=\"nx-heading nx-heading-style-underlined nx-heading-align-left\" style=\"font-size:14px;margin-bottom:20px\"><h6 class=\"nx-heading-inner\"><strong><span style=\"color: #69c350;\">Noch mehr Zonen via Netzwerk-Streaming<\/span><\/strong><\/h6><\/div>\n<p style=\"text-align: justify;\">Erweitern Sie Ihr Multiroom Audio System um Zonen mit netzwerkf\u00e4higen Audio-Ger\u00e4ten wie z.B. kabellose Lautsprecher. So spielt der Music Server Ihre Musik zB Wireless \u00fcber die Lautsprecher auf Ihrer Terrasse. Unterst\u00fctzt werden alle Ger\u00e4te, die auf dem offenen Netzwerkstandard UPnP oder DLNA basieren.<\/p>\n<div class=\"nx-heading nx-heading-style-underlined nx-heading-align-left\" style=\"font-size:14px;margin-bottom:20px\"><h6 class=\"nx-heading-inner\"><strong><span style=\"color: #69c350;\">Via AirPlay kabellos Musik zum Music Server senden<\/span><\/strong><\/h6><\/div>\n<p style=\"text-align: justify;\">Die Musik Ihrer AirPlay-f\u00e4higen Ger\u00e4te (iPhone, iPod Touch, iPad und Mac) k\u00f6nnen Sie direkt zum Loxone Music Server senden. Mit AirPlay haben Sie auch Zugriff auf eine unbegrenzte Anzahl an Musikdiensten aus dem Apple AppStore. Alles was Sie auf Ihren Ger\u00e4ten abspielen k\u00f6nnen, k\u00f6nnen Sie auch zum Music Server \u00fcbertragen.<br \/>\nMit Diensten wie z.B. AirParrot ist AirPlay auch mit Windows Ger\u00e4ten m\u00f6glich.<\/p>\n<div class=\"nx-heading nx-heading-style-underlined nx-heading-align-left\" style=\"font-size:14px;margin-bottom:20px\"><h6 class=\"nx-heading-inner\"><strong><span style=\"color: #69c350;\">Energiesparendes Powermanagement<\/span><\/strong><\/h6><\/div>\n<p style=\"text-align: justify;\">Der Loxone Music Server arbeitet Energieverbrauchsoptimiert und hilft Strom zu sparen:<\/p>\n<div class=\"nx-heading nx-heading-style-coloredline nx-heading-align-left\" style=\"font-size:14px;margin-bottom:20px\"><h6 class=\"nx-heading-inner\"><strong>Deep Sleep Modus<\/strong><\/h6><\/div>\n<p style=\"text-align: justify;\">Nach Deaktivierung der Musik f\u00e4llt der Music Server in den Deep Sleep Modus. Die Vorteile: weniger als 1 Watt Stromverbrauch und schnelle Reaktivierung innerhalb von 30 Sekunden.<\/p>\n<div class=\"nx-heading nx-heading-style-coloredline nx-heading-align-left\" style=\"font-size:14px;margin-bottom:20px\"><h6 class=\"nx-heading-inner\"><strong>Automatisches Powerhandling<\/strong><\/h6><\/div>\n<p style=\"text-align: justify;\">Der Loxone Music Server achtet auf den sparsamen Stromverbrauch des Verst\u00e4rkers. Wird in keinem Raum bzw. keiner Zone mehr Musik gespielt, wird der Verst\u00e4rker automatisch ausgeschalten.<\/p>\n<div class=\"nx-heading nx-heading-style-underlined nx-heading-align-left\" style=\"font-size:14px;margin-bottom:20px\"><h6 class=\"nx-heading-inner\"><strong><span style=\"color: #69c350;\">Volles Programm in Ihrer Loxone App<\/span><\/strong><\/h6><\/div>\n<p style=\"text-align: justify;\">Wie von Loxone gewohnt, k\u00f6nnen Sie Ihren Music Server mit Ihrem gew\u00f6hnlichen Taster bedienen oder mit der Loxone App. Ihr Smartphone wird nicht nur zur Fernbedienung, Sie haben Ihren Sound im \u00dcberblick und k\u00f6nnen jederzeit Einstellungen vornehmen. Die Loxone App komplettiert so Ihr Multiroom Audio System und l\u00e4sst Sie mit dem Music Server kommunizieren.<br \/>\nMit der Loxone App haben Sie Ihre Musikfernbedienung immer zur Hand und jederzeit den \u00dcberblick was bei Ihnen Zuhause l\u00e4uft.<\/p>\n<div class=\"nx-heading nx-heading-style-coloredline nx-heading-align-left\" style=\"font-size:14px;margin-bottom:20px\"><h6 class=\"nx-heading-inner\"><strong>Musikplayer<\/strong><\/h6><\/div>\n<p style=\"text-align: justify;\">Play, lauter, leiser, n\u00e4chster Titel,&#8230; oder w\u00e4hlen Sie in Ihrer Loxone App aus, was Sie gerade h\u00f6ren m\u00f6chten.<\/p>\n<div class=\"nx-heading nx-heading-style-coloredline nx-heading-align-left\" style=\"font-size:14px;margin-bottom:20px\"><h6 class=\"nx-heading-inner\"><strong>Musikbibliothek<\/strong><\/h6><\/div>\n<p style=\"text-align: justify;\">In Ihrer pers\u00f6nlichen Musikbibliothek finden Sie alle Ihre Playlists, Alben und Titel.<\/p>\n<div class=\"nx-heading nx-heading-style-coloredline nx-heading-align-left\" style=\"font-size:14px;margin-bottom:20px\"><h6 class=\"nx-heading-inner\"><strong>Warteschlange<\/strong><\/h6><\/div>\n<p style=\"text-align: justify;\">F\u00fcgen Sie Titel aus Ihrer Musiksammlung oder Musikdiensten zu Ihrer Warteschlange hinzu.<\/p>\n<div class=\"nx-heading nx-heading-style-underlined nx-heading-align-left\" style=\"font-size:14px;margin-bottom:20px\"><h6 class=\"nx-heading-inner\"><strong><span style=\"color: #69c350;\">Das Fine-Tuning Ihres Multiroom Audio Systems<\/span><\/strong><\/h6><\/div>\n<p style=\"text-align: justify;\">Nach einmaliger Konfiguration in Loxone Config, k\u00f6nnen Sie in der App jederzeit nachjustieren.<\/p>\n<div class=\"nx-heading nx-heading-style-coloredline nx-heading-align-left\" style=\"font-size:14px;margin-bottom:20px\"><h6 class=\"nx-heading-inner\"><strong>Grundeinstellungen<\/strong><\/h6><\/div>\n<p style=\"text-align: justify;\">Definieren Sie \u00fcber die Loxone App die max. Lautst\u00e4rke, Grundlautst\u00e4rke und Audioverz\u00f6gerung pro Zone.<\/p>\n<div class=\"nx-heading nx-heading-style-coloredline nx-heading-align-left\" style=\"font-size:14px;margin-bottom:20px\"><h6 class=\"nx-heading-inner\"><strong>Zonengruppen<\/strong><\/h6><\/div>\n<p style=\"text-align: justify;\">F\u00fcgen Sie mehrere Zonen zu einer Zonengruppe zusammen und spielen Sie dort dieselbe Musik.<\/p>\n<div class=\"nx-heading nx-heading-style-coloredline nx-heading-align-left\" style=\"font-size:14px;margin-bottom:20px\"><h6 class=\"nx-heading-inner\"><strong>Zonenfavoriten<\/strong><\/h6><\/div>\n<p style=\"text-align: justify;\">Definieren Sie pro Zone Ihre Favoriten, zB Kinderlieder im Kinderzimmer, Rockmusik in der K\u00fcche.<\/p>\n<div class=\"nx-heading nx-heading-style-underlined nx-heading-align-left\" style=\"font-size:14px;margin-bottom:20px\"><h6 class=\"nx-heading-inner\"><strong><span style=\"color: #69c350;\">Massenhaft Speicher<\/span><\/strong><\/h6><\/div>\n<p style=\"text-align: justify;\">Der Loxone Music Server ist mit einem Terrabyte (1024 GB) Speicherplatz ausgestattet. Platz genug f\u00fcr rund 250.000 Songs, die du direkt vom Music Server abspielen kannst. Kopiere Sie Ihre bestehende Musiksammlung auf den Music Server und spielen Sie Ihre Lieblingssongs in gewohnter Qualit\u00e4t.<\/p>\n<div class=\"nx-heading nx-heading-style-underlined nx-heading-align-left\" style=\"font-size:14px;margin-bottom:20px\"><h6 class=\"nx-heading-inner\"><strong><span style=\"color: #69c350;\">Technische Daten<\/span><\/strong><\/h6><\/div>\n<div class=\"nx-list nx-list-style-\">\n<ul>\n<li><i class=\"fa fa-plus\" style=\"color:#69c350\"><\/i> CPU: Intel Celeron 2-Core 2,4 GHz<\/li>\n<li><i class=\"fa fa-plus\" style=\"color:#69c350\"><\/i> Speicher: 2GB DDR3 1600-Ram<\/li>\n<li><i class=\"fa fa-plus\" style=\"color:#69c350\"><\/i> HD: 1 TB SATA III Seagate 3,5\u2033<\/li>\n<li><i class=\"fa fa-plus\" style=\"color:#69c350\"><\/i> Onboard Sound: Realtek\u00ae ALC887 High Definition Audio<\/li>\n<li><i class=\"fa fa-plus\" style=\"color:#69c350\"><\/i> Abmessungen: 440x105x362mm<\/li>\n<li><i class=\"fa fa-plus\" style=\"color:#69c350\"><\/i> Variante: Loxone Music Server 12 (12 Zonen 6 Wireless Zonen)<\/li>\n<\/ul>\n<\/div>\n<div class=\"nx-heading nx-heading-style-underlined nx-heading-align-left\" style=\"font-size:14px;margin-bottom:20px\"><h6 class=\"nx-heading-inner\"><strong><span style=\"color: #69c350;\">Lieferumfang<\/span><\/strong><\/h6><\/div>\n<div class=\"nx-list nx-list-style-\">\n<ul>\n<li><i class=\"fa fa-plus\" style=\"color:#69c350\"><\/i> 1x Loxone Music Server 4 Zonen<\/li>\n<li><i class=\"fa fa-plus\" style=\"color:#69c350\"><\/i> 1x Kaltger\u00e4tekabel<\/li>\n<li><i class=\"fa fa-plus\" style=\"color:#69c350\"><\/i> 12x Chinch auf 3,5mm Klinke<\/li>\n<li><i class=\"fa fa-plus\" style=\"color:#69c350\"><\/i> 2x 3,5mm Klinke auf 3,5mm Klinke<\/li>\n<\/ul>\n<\/div>\n","protected":false},"excerpt":{"rendered":"<p>Der Loxone Music Server ist ein Multiroom Audio System, das zu 100% f\u00fcr den Einsatz im Smart Home entwickelt wurde:<br \/>\n[nx_list icon=\"icon: check\" icon_color=\"#69c350\"]<\/p>\n<ul>\n<li>Ihre Lieblingsmusik in jedem Raum<\/li>\n<li>aus unterschiedlichen Quellen<\/li>\n<li>vollst\u00e4ndig ins Smart Home integriert<\/li>\n<li>f\u00fcr Wecker, Alarm, T\u00fcrklingel, uvm. einsetzbar<\/li>\n<li>Integration von Spotify, Google Play Music, TuneIn<\/li>\n<li>erm\u00f6glicht akustische Sprachausgabe<\/li>\n<li>Zonenerweiterung via Netzwerk-Streaming (UPnP)<\/li>\n<li>kabellos Musik an den Music Server senden via AirPlay<\/li>\n<li>Speicherplatz f\u00fcr \u00fcber 250.000 Songs<\/li>\n<\/ul>\n<p>[\/nx_list]<\/p>\n","protected":false},"featured_media":926,"comment_status":"open","ping_status":"closed","template":"","meta":[],"product_cat":[36,51],"product_tag":[71,88,72],"_links":{"self":[{"href":"https:\/\/www.logic-home.de\/shop\/wp-json\/wp\/v2\/product\/530"}],"collection":[{"href":"https:\/\/www.logic-home.de\/shop\/wp-json\/wp\/v2\/product"}],"about":[{"href":"https:\/\/www.logic-home.de\/shop\/wp-json\/wp\/v2\/types\/product"}],"replies":[{"embeddable":true,"href":"https:\/\/www.logic-home.de\/shop\/wp-json\/wp\/v2\/comments?post=530"}],"wp:featuredmedia":[{"embeddable":true,"href":"https:\/\/www.logic-home.de\/shop\/wp-json\/wp\/v2\/media\/926"}],"wp:attachment":[{"href":"https:\/\/www.logic-home.de\/shop\/wp-json\/wp\/v2\/media?parent=530"}],"wp:term":[{"taxonomy":"product_cat","embeddable":true,"href":"https:\/\/www.logic-home.de\/shop\/wp-json\/wp\/v2\/product_cat?post=530"},{"taxonomy":"product_tag","embeddable":true,"href":"https:\/\/www.logic-home.de\/shop\/wp-json\/wp\/v2\/product_tag?post=530"}],"curies":[{"name":"wp","href":"https:\/\/api.w.org\/{rel}","templated":true}]}}