{"id":517,"date":"2017-01-01T00:00:46","date_gmt":"2016-12-31T23:00:46","guid":{"rendered":"https:\/\/www.logic-home.de\/shop\/produkt\/import-placeholder-for-345\/"},"modified":"2021-08-03T14:09:28","modified_gmt":"2021-08-03T12:09:28","slug":"dali-extension","status":"publish","type":"product","link":"https:\/\/www.logic-home.de\/shop\/produkt\/dali-extension\/","title":{"rendered":"DALI Extension"},"content":{"rendered":"<div class=\"nx-spacer\" style=\"height:15px\"><\/div>\n<div class=\"nx-heading nx-heading-style-underlined nx-heading-align-left\" style=\"font-size:14px;margin-bottom:20px\"><h6 class=\"nx-heading-inner\"><strong><span style=\"color: #69c350\">Intelligente Ansteuerung von DALI<\/span><\/strong><\/h6><\/div>\n<p style=\"text-align: justify\">Viele Hersteller von Lampen und Leuchten setzen auf die Kommunikationsschnittstelle DALI. Mit unserer Dali Extension k\u00f6nnen Sie diese vollst\u00e4ndig einbinden, damit Ihrer Wunschbeleuchtung keine Grenzen gesetzt sind.<\/p>\n<div class=\"nx-heading nx-heading-style-coloredline nx-heading-align-left\" style=\"font-size:14px;margin-bottom:20px\"><h6 class=\"nx-heading-inner\"><strong>Einfache Konfiguration<\/strong><\/h6><\/div>\n<p style=\"text-align: justify\">Die Einbindung der DALI Extension in das Loxone System erfolgt wie gewohnt einfach. Da die DALI Leuchten in der Konfigurationssoftware Loxone Config automatisch \u00fcber die Suche erkannt werden, erledigen Sie die vollst\u00e4ndige Konfiguration binnen Minuten. So sorgen Sie innerhalb k\u00fcrzester Zeit f\u00fcr eine noch flexiblere und zugleich intelligente Beleuchtung. Setzen Sie Farbakzente, dimmen Sie Ihre Leuchten,&#8230; und schaffen Sie so die perfekte Lichtstimmung.<\/p>\n<div class=\"nx-heading nx-heading-style-coloredline nx-heading-align-left\" style=\"font-size:14px;margin-bottom:20px\"><h6 class=\"nx-heading-inner\"><strong>Flexibel und erweiterbar<\/strong><\/h6><\/div>\n<p style=\"text-align: justify\">Mit einer DALI Extension k\u00f6nnen Sie bis zu 64 DALI Leuchten (16 Gruppen) ansteuern. Sollten Ihnen 64 Leuchten zu wenig sein, k\u00f6nnen Sie jederzeit weitere DALI Extensions an den Miniserver anschlie\u00dfen und so die Installation flexibel skalieren. Unterst\u00fctzt werden alle DALI Ger\u00e4te mit den Device Typen 0 (Fluoreszenzlampen), 3 (Niedervolt-Halogenlampen) und 6 (LEDs).<\/p>\n<div class=\"nx-heading nx-heading-style-coloredline nx-heading-align-left\" style=\"font-size:14px;margin-bottom:20px\"><h6 class=\"nx-heading-inner\"><strong>Integrierte Spannungs- versorgung<\/strong><\/h6><\/div>\n<p style=\"text-align: justify\">Die Dali Extension bietet eine integrierte schaltbare Spannnungsversorgung. Damit k\u00f6nnen Sie Ihre DALI Ger\u00e4te versorgen und sparen sich so ein teures zus\u00e4tzliches DALI Netzteil. Falls Sie bereits ein DALI Netzteil im Einsatz haben, k\u00f6nnen Sie die Spannungsversorgung auch abschalten.<\/p>\n<div class=\"nx-heading nx-heading-style-underlined nx-heading-align-left\" style=\"font-size:14px;margin-bottom:20px\"><h6 class=\"nx-heading-inner\"><strong><span style=\"color: #69c350\">Technische Daten<\/span><\/strong><\/h6><\/div>\n<div class=\"nx-list nx-list-style-\">\n<ul>\n<li><i class=\"fa fa-plus\" style=\"color:#69c350\"><\/i> unterst\u00fctzte Control Devices: Fluoreszenzlampen (Device Type 0), Niedervolt-Halogenlampen (Device type 3), LEDs (Device Type 6)<\/li>\n<li><i class=\"fa fa-plus\" style=\"color:#69c350\"><\/i> Spannungsversorgung: 24VDC (min. 12VDC max. 30VDC)<\/li>\n<li><i class=\"fa fa-plus\" style=\"color:#69c350\"><\/i> Leistungsaufnahme: max. 3,2W bei 64 Devices<\/li>\n<li><i class=\"fa fa-plus\" style=\"color:#69c350\"><\/i> Betriebstemperatur: 0&#8230;55\u00b0C<\/li>\n<li><i class=\"fa fa-plus\" style=\"color:#69c350\"><\/i> relative Luftfeuchtigkeit: max. 75% r.H. (nicht kondensierend)<\/li>\n<li><i class=\"fa fa-plus\" style=\"color:#69c350\"><\/i> 1x DALI Schnittstelle: Ansteuerung von bis zu 64 Devices (16 Gruppen)<\/li>\n<li><i class=\"fa fa-plus\" style=\"color:#69c350\"><\/i> max. Kabell\u00e4nge: Bis zu 300m mit einem Querschnitt von 1,5 mm2<\/li>\n<li><i class=\"fa fa-plus\" style=\"color:#69c350\"><\/i> Abmessungen: 34 x 85 x 49 mm (T2 Geh\u00e4use)<\/li>\n<li><i class=\"fa fa-plus\" style=\"color:#69c350\"><\/i> integrierte schaltbare Spannungsversorgung<\/li>\n<li><i class=\"fa fa-plus\" style=\"color:#69c350\"><\/i> nach elektrotechnischem Standard IEC 62386-101:200<\/li>\n<\/ul>\n<\/div>\n<div class=\"nx-heading nx-heading-style-underlined nx-heading-align-left\" style=\"font-size:14px;margin-bottom:20px\"><h6 class=\"nx-heading-inner\"><strong><span style=\"color: #69c350\">Lieferumfang<\/span><\/strong><\/h6><\/div>\n<div class=\"nx-list nx-list-style-\">\n<ul>\n<li><i class=\"fa fa-plus\" style=\"color:#69c350\"><\/i> 1x DALI Extension<\/li>\n<li><i class=\"fa fa-plus\" style=\"color:#69c350\"><\/i> 1x Anschlussplan und Kurzanleitung<\/li>\n<\/ul>\n<\/div>\n","protected":false},"excerpt":{"rendered":"<p><\/br>Die DALI Extension erm\u00f6glicht Ihnen eine flexible und intelligente Ansteuerung von DALI Leuchten und Leuchtmittel.<br \/>\n[nx_list icon=\"icon: check\" icon_color=\"#69c350\"]<\/p>\n<ul>\n<li>vollst\u00e4ndige Integration von DALI Ger\u00e4ten und Leuchten in das Loxone Smart Home<\/li>\n<li>bis zu 64 DALI Leuchten flexibel ansteuern<\/li>\n<li>Unterst\u00fctzung f\u00fcr bis zu 16 DALI Gruppen<\/li>\n<li>integrierte schaltbare Spannungsversorgung<\/li>\n<li>einfache und vollst\u00e4ndige Konfiguration in Loxone Config<\/li>\n<\/ul>\n<p>[\/nx_list]<\/p>\n","protected":false},"featured_media":786,"comment_status":"open","ping_status":"closed","template":"","meta":[],"product_cat":[35,42],"product_tag":[68,81,66],"_links":{"self":[{"href":"https:\/\/www.logic-home.de\/shop\/wp-json\/wp\/v2\/product\/517"}],"collection":[{"href":"https:\/\/www.logic-home.de\/shop\/wp-json\/wp\/v2\/product"}],"about":[{"href":"https:\/\/www.logic-home.de\/shop\/wp-json\/wp\/v2\/types\/product"}],"replies":[{"embeddable":true,"href":"https:\/\/www.logic-home.de\/shop\/wp-json\/wp\/v2\/comments?post=517"}],"wp:featuredmedia":[{"embeddable":true,"href":"https:\/\/www.logic-home.de\/shop\/wp-json\/wp\/v2\/media\/786"}],"wp:attachment":[{"href":"https:\/\/www.logic-home.de\/shop\/wp-json\/wp\/v2\/media?parent=517"}],"wp:term":[{"taxonomy":"product_cat","embeddable":true,"href":"https:\/\/www.logic-home.de\/shop\/wp-json\/wp\/v2\/product_cat?post=517"},{"taxonomy":"product_tag","embeddable":true,"href":"https:\/\/www.logic-home.de\/shop\/wp-json\/wp\/v2\/product_tag?post=517"}],"curies":[{"name":"wp","href":"https:\/\/api.w.org\/{rel}","templated":true}]}}