{"id":515,"date":"2017-01-01T00:00:45","date_gmt":"2016-12-31T23:00:45","guid":{"rendered":"https:\/\/www.logic-home.de\/shop\/produkt\/import-placeholder-for-338\/"},"modified":"2021-08-03T14:09:28","modified_gmt":"2021-08-03T12:09:28","slug":"rgbw-24v-dimmer-air","status":"publish","type":"product","link":"https:\/\/www.logic-home.de\/shop\/produkt\/rgbw-24v-dimmer-air\/","title":{"rendered":"RGBW 24V Dimmer Air"},"content":{"rendered":"<div class=\"nx-spacer\" style=\"height:15px\"><\/div>\n<div class=\"nx-heading nx-heading-style-underlined nx-heading-align-left\" style=\"font-size:14px;margin-bottom:20px\"><h6 class=\"nx-heading-inner\"><strong><span style=\"color: #69c350\">Perfekte Beleuchtung f\u00fcr Ihr Zuhause<\/span><\/strong><\/h6><\/div>\n<div class=\"nx-heading nx-heading-style-coloredline nx-heading-align-left\" style=\"font-size:14px;margin-bottom:20px\"><h6 class=\"nx-heading-inner\"><strong>Klein<\/strong><\/h6><\/div>\n<p style=\"text-align: justify\">Bei der Konstruktion des RGBW 24V Dimmer wurde auf eine kompakte Ausf\u00fchrung geachtet. Der Dimmer passt \u00fcberall hin, egal ob auf der Hutschiene oder in die Ausl\u00e4sse an der Decke.<\/p>\n<div class=\"nx-heading nx-heading-style-coloredline nx-heading-align-left\" style=\"font-size:14px;margin-bottom:20px\"><h6 class=\"nx-heading-inner\"><strong>Integriert<\/strong><\/h6><\/div>\n<p style=\"text-align: justify\">Der RGBW 24V Dimmer ist f\u00fcr den Einsatz im Smart Home optimiert. Bedienen Sie Ihre LED Spots oder LED Streifen per Taster, Smartphone, zeitgesteuert oder ereignisabh\u00e4ngig. Sie haben alle M\u00f6glichkeiten.<\/p>\n<div class=\"nx-heading nx-heading-style-coloredline nx-heading-align-left\" style=\"font-size:14px;margin-bottom:20px\"><h6 class=\"nx-heading-inner\"><strong>Einfach<\/strong><\/h6><\/div>\n<p style=\"text-align: justify\">Gewohnt einfach ist die Inbetriebnahme des RGBW Dimmers. In wenigen Handgriffen ist der Dimmer verkabelt und an die Stromversorgung angeschlossen. Damit ist der RGBW Dimmer auch schon betriebsbereit.<\/p>\n<div class=\"nx-heading nx-heading-style-underlined nx-heading-align-left\" style=\"font-size:14px;margin-bottom:20px\"><h6 class=\"nx-heading-inner\"><strong><span style=\"color: #69c350\">Einzigartige RGBW Lichtszenen<\/span><\/strong><\/h6><\/div>\n<p style=\"text-align: justify\">Der RGBW 24V Dimmer erm\u00f6glicht die einfache Steuerung von RGBW LED Beleuchtung (wie z.B. die RGBW LED Spots oder die RGBW LED Streifen aus unserem Shop). Dabei k\u00f6nnen Sie das Licht sowohl beliebig dimmen als auch f\u00e4rben. So entstehen einzigartige Lichtszenen in Ihrem Zuhause.<\/p>\n<div class=\"nx-heading nx-heading-style-underlined nx-heading-align-left\" style=\"font-size:14px;margin-bottom:20px\"><h6 class=\"nx-heading-inner\"><strong><span style=\"color: #69c350\">Technische Daten<\/span><\/strong><\/h6><\/div>\n<div class=\"nx-list nx-list-style-\">\n<ul>\n<li><i class=\"fa fa-plus\" style=\"color:#69c350\"><\/i> Versorgung: 24VDC<\/li>\n<li><i class=\"fa fa-plus\" style=\"color:#69c350\"><\/i> Leistung\/Kanal: 50W (\u2259 2,1A)<\/li>\n<li><i class=\"fa fa-plus\" style=\"color:#69c350\"><\/i> Verbrauch: &lt;150mW<\/li>\n<li><i class=\"fa fa-plus\" style=\"color:#69c350\"><\/i> Betriebstemperatur: 0&#8230;55 \u00b0C<\/li>\n<li><i class=\"fa fa-plus\" style=\"color:#69c350\"><\/i> max. Kabell\u00e4nge zum LED-Streifen: &lt;30m<\/li>\n<\/ul>\n<\/div>\n<div class=\"nx-heading nx-heading-style-underlined nx-heading-align-left\" style=\"font-size:14px;margin-bottom:20px\"><h6 class=\"nx-heading-inner\"><strong><span style=\"color: #69c350\">Lieferumfang<\/span><\/strong><\/h6><\/div>\n<div class=\"nx-list nx-list-style-\">\n<ul>\n<li><i class=\"fa fa-plus\" style=\"color:#69c350\"><\/i> 1x RGBW 24V Dimmer<\/li>\n<\/ul>\n<\/div>\n","protected":false},"excerpt":{"rendered":"<p><\/br>Mit dem All-In-One Dimmer speziell f\u00fcr Nachr\u00fcster steuern Sie Ihre Beleuchtung perfekt.<br \/>\n[nx_list icon=\"icon: check\" icon_color=\"#69c350\"]<\/p>\n<ul>\n<li>ohne Stemmen und ohne Kabel dank Loxone Air Technologie<\/li>\n<li>kompakte Ausf\u00fchrung<\/li>\n<li>zur Hutschienenmontage<\/li>\n<\/ul>\n<p>[\/nx_list]<\/p>\n","protected":false},"featured_media":1032,"comment_status":"open","ping_status":"closed","template":"","meta":[],"product_cat":[35,48,42,52],"product_tag":[79,64,68,69,65,80],"_links":{"self":[{"href":"https:\/\/www.logic-home.de\/shop\/wp-json\/wp\/v2\/product\/515"}],"collection":[{"href":"https:\/\/www.logic-home.de\/shop\/wp-json\/wp\/v2\/product"}],"about":[{"href":"https:\/\/www.logic-home.de\/shop\/wp-json\/wp\/v2\/types\/product"}],"replies":[{"embeddable":true,"href":"https:\/\/www.logic-home.de\/shop\/wp-json\/wp\/v2\/comments?post=515"}],"wp:featuredmedia":[{"embeddable":true,"href":"https:\/\/www.logic-home.de\/shop\/wp-json\/wp\/v2\/media\/1032"}],"wp:attachment":[{"href":"https:\/\/www.logic-home.de\/shop\/wp-json\/wp\/v2\/media?parent=515"}],"wp:term":[{"taxonomy":"product_cat","embeddable":true,"href":"https:\/\/www.logic-home.de\/shop\/wp-json\/wp\/v2\/product_cat?post=515"},{"taxonomy":"product_tag","embeddable":true,"href":"https:\/\/www.logic-home.de\/shop\/wp-json\/wp\/v2\/product_tag?post=515"}],"curies":[{"name":"wp","href":"https:\/\/api.w.org\/{rel}","templated":true}]}}