{"id":507,"date":"2017-01-03T00:00:44","date_gmt":"2017-01-02T23:00:44","guid":{"rendered":"https:\/\/www.logic-home.de\/shop\/produkt\/import-placeholder-for-96\/"},"modified":"2021-08-03T09:44:55","modified_gmt":"2021-08-03T07:44:55","slug":"1-wire-extension","status":"publish","type":"product","link":"https:\/\/www.logic-home.de\/shop\/produkt\/1-wire-extension\/","title":{"rendered":"1-Wire Extension"},"content":{"rendered":"<div class=\"nx-spacer\" style=\"height:15px\"><\/div>\n<div class=\"nx-heading nx-heading-style-underlined nx-heading-align-left\" style=\"font-size:14px;margin-bottom:20px\"><h6 class=\"nx-heading-inner\"><strong><span style=\"color: #69c350\">Die Highlights der 1-Wire Extension<\/span><\/strong><\/h6><\/div>\n<p style=\"text-align: justify\">Ideal f\u00fcr alle Installationen, in denen viele Sensoren ben\u00f6tigt werden. Die zuverl\u00e4ssigen 1-Wire Sensoren zeichnen sich vor allem durch ein hervorragendes Preis- \/ Leistungsverh\u00e4ltnis aus und lassen sich zudem auch sehr einfach installieren. \u00dcberzeugen Sie sich von den Vorteilen der 1-Wire Extension und statten Sie Ihr Haus mit zuverl\u00e4ssiger und g\u00fcnstiger Sensorik aus.<\/p>\n<div class=\"nx-heading nx-heading-style-underlined nx-heading-align-left\" style=\"font-size:14px;margin-bottom:20px\"><h6 class=\"nx-heading-inner\"><strong><span style=\"color: #69c350\">Zuverl\u00e4ssige Sensorik<\/span><\/strong><\/h6><\/div>\n<p style=\"text-align: justify\">Optimal f\u00fcr alle die Ihr Haus mit viel Sensorik f\u00fcr die Messung von Temperatur, Feuchte und mehr ausstatten.<br \/>\nBereits eine 1-Wire Extension erm\u00f6glicht Ihnen das Einbinden von bis zu 20 Sensoren! Genug um Temperatur, Feuchte und mehr im gesamten Haus zu messen.<\/p>\n<div class=\"nx-heading nx-heading-style-underlined nx-heading-align-left\" style=\"font-size:14px;margin-bottom:20px\"><h6 class=\"nx-heading-inner\"><strong><span style=\"color: #69c350\">G\u00fcnstig messen<\/span><\/strong><\/h6><\/div>\n<p style=\"text-align: justify\">Sensoren zum einmaligen Preis: Ein g\u00fcnstiges Set der 1-Wire Temperatursensoren bekommen Sie ebenfalls im Shop.<br \/>\n1-Wire Sensoren zeichnen sich nicht nur durch Ihre Zuverl\u00e4ssigkeit aus. Durch die einmaligen Sensorpreise eignet sich 1-Wire optimal zur Ausstattung Ihres gesamten Hauses.<\/p>\n<div class=\"nx-heading nx-heading-style-underlined nx-heading-align-left\" style=\"font-size:14px;margin-bottom:20px\"><h6 class=\"nx-heading-inner\"><strong><span style=\"color: #69c350\">Einfache Verkabelung<\/span><\/strong><\/h6><\/div>\n<p style=\"text-align: justify\">Ein 1-Wire Temperaturf\u00fchler ist kleiner als eine Cent-M\u00fcnze und l\u00e4sst sich daher \u00fcberall unterbringen! 1-Wire F\u00fchler sind klein und lassen sich \u00fcberall unterbringen. Die Verbindung mit 1-Wire Sensoren kann busf\u00f6rmig erfolgen. Dabei ben\u00f6tigen Sie lediglich 2 Dr\u00e4hte.<\/p>\n<div class=\"nx-heading nx-heading-style-underlined nx-heading-align-left\" style=\"font-size:14px;margin-bottom:20px\"><h6 class=\"nx-heading-inner\"><strong><span style=\"color: #69c350\">Flexibel erweiterbar<\/span><\/strong><\/h6><\/div>\n<p style=\"text-align: justify\">Sie wollen mehr als 20 1-Wire Sensoren einbinden? Kein Problem, am Miniserver k\u00f6nnen Sie bis zu 30 Extensions anschlie\u00dfen, ohne dass die Leistungsf\u00e4higkeit Ihres Systems beeintr\u00e4chtigt wird. So k\u00f6nnen Sie problemlos auch mehrere 1- Wire Extensions einsetzen.<\/p>\n<div class=\"nx-heading nx-heading-style-underlined nx-heading-align-left\" style=\"font-size:14px;margin-bottom:20px\"><h6 class=\"nx-heading-inner\"><strong><span style=\"color: #69c350\">Technische Daten<\/span><\/strong><\/h6><\/div>\n<div class=\"nx-list nx-list-style-\">\n<ul>\n<li><i class=\"fa fa-plus\" style=\"color:#69c350\"><\/i> Unbegrenzte Anzahl an elektronischen Schl\u00fcsseln (iButton)<\/li>\n<li><i class=\"fa fa-plus\" style=\"color:#69c350\"><\/i> 1x 1-Wire Schnittstelle: 16,3 kbit\/s, 20 Slaves bei parasit\u00e4rer Spannungsversorgung<\/li>\n<li><i class=\"fa fa-plus\" style=\"color:#69c350\"><\/i> Spannungsversorgung: 24VDC<\/li>\n<li><i class=\"fa fa-plus\" style=\"color:#69c350\"><\/i> Leistungsaufnahme: ca. 30mW<\/li>\n<li><i class=\"fa fa-plus\" style=\"color:#69c350\"><\/i> Umgebungstemperatur: 0\u202650\u00b0C<\/li>\n<li><i class=\"fa fa-plus\" style=\"color:#69c350\"><\/i> Unterst\u00fctzte 1-Wire Ger\u00e4te:<br \/>\n            DS1822 Econo 1-Wire Digital Thermometer (Family Code 22)<br \/>\n            DS18B20 Programmable Resolution 1-Wire Digital Thermometer (Family Code 28)<br \/>\n            DS18S20 Parasite Power Digital Thermometer (Family Code 20)<br \/>\n            DS1963S Serial Number iButton (SHA) (Family Code 18)<br \/>\n            DS1990 Serial Number iButton (Family Code 01)<br \/>\n            DS2438 Smart Battery Monitor (Family Code 26)<\/li>\n<\/ul>\n<\/div>\n<div class=\"nx-heading nx-heading-style-underlined nx-heading-align-left\" style=\"font-size:14px;margin-bottom:20px\"><h6 class=\"nx-heading-inner\"><strong><span style=\"color: #69c350\">Lieferumfang<\/span><\/strong><\/h6><\/div>\n<div class=\"nx-list nx-list-style-\">\n<ul>\n<li><i class=\"fa fa-plus\" style=\"color:#69c350\"><\/i> 1x 1 Wire Extension<\/li>\n<li><i class=\"fa fa-plus\" style=\"color:#69c350\"><\/i> 1x Anschlussplan und Kurzanleitung<\/li>\n<\/ul>\n<\/div>\n","protected":false},"excerpt":{"rendered":"<p><\/br>Die 1-Wire Extension erm\u00f6glicht das Einbinden von g\u00fcnstigen Temperatursensoren und dem iButton-Zutrittssystem an Ihr Loxone System. An den Miniserver angeschlossen, zeichnet sich die 1-Wire Extension durch folgende Vorteile aus.<br \/>\n[nx_list icon=\"icon: check\" icon_color=\"#69c350\"]<\/p>\n<ul>\n<li>einfache Installation von g\u00fcnstigen Sensoren<\/li>\n<li>ideal f\u00fcr Installationen mit vielen Sensoren<\/li>\n<li>Realisieren des iButton-Zutrittssystem<\/li>\n<\/ul>\n<p>[\/nx_list]<\/p>\n","protected":false},"featured_media":759,"comment_status":"open","ping_status":"closed","template":"","meta":[],"product_cat":[35],"product_tag":[70,66],"_links":{"self":[{"href":"https:\/\/www.logic-home.de\/shop\/wp-json\/wp\/v2\/product\/507"}],"collection":[{"href":"https:\/\/www.logic-home.de\/shop\/wp-json\/wp\/v2\/product"}],"about":[{"href":"https:\/\/www.logic-home.de\/shop\/wp-json\/wp\/v2\/types\/product"}],"replies":[{"embeddable":true,"href":"https:\/\/www.logic-home.de\/shop\/wp-json\/wp\/v2\/comments?post=507"}],"wp:featuredmedia":[{"embeddable":true,"href":"https:\/\/www.logic-home.de\/shop\/wp-json\/wp\/v2\/media\/759"}],"wp:attachment":[{"href":"https:\/\/www.logic-home.de\/shop\/wp-json\/wp\/v2\/media?parent=507"}],"wp:term":[{"taxonomy":"product_cat","embeddable":true,"href":"https:\/\/www.logic-home.de\/shop\/wp-json\/wp\/v2\/product_cat?post=507"},{"taxonomy":"product_tag","embeddable":true,"href":"https:\/\/www.logic-home.de\/shop\/wp-json\/wp\/v2\/product_tag?post=507"}],"curies":[{"name":"wp","href":"https:\/\/api.w.org\/{rel}","templated":true}]}}