{"id":506,"date":"2017-01-01T00:00:44","date_gmt":"2016-12-31T23:00:44","guid":{"rendered":"https:\/\/www.logic-home.de\/shop\/produkt\/import-placeholder-for-95\/"},"modified":"2021-08-03T14:09:29","modified_gmt":"2021-08-03T12:09:29","slug":"dimmer-extension","status":"publish","type":"product","link":"https:\/\/www.logic-home.de\/shop\/produkt\/dimmer-extension\/","title":{"rendered":"Dimmer Extension"},"content":{"rendered":"<div class=\"nx-spacer\" style=\"height:15px\"><\/div>\n<div class=\"nx-heading nx-heading-style-underlined nx-heading-align-left\" style=\"font-size:14px;margin-bottom:20px\"><h6 class=\"nx-heading-inner\"><strong><span style=\"color: #69c350\">Ein Allroundtalent beim Dimmen<\/span><\/strong><\/h6><\/div>\n<p style=\"text-align: justify\">Mit dem Loxone Dimmer f\u00fcr die Hutschiene k\u00f6nnen Sie alle g\u00e4ngigen Leuchten, inklusive LED einfach dimmen! Einfach an den Miniserver angeschlossen machen Sie mehr aus der Beleuchtung in Ihrem Zuhause.<\/p>\n<div class=\"nx-heading nx-heading-style-underlined nx-heading-align-left\" style=\"font-size:14px;margin-bottom:20px\"><h6 class=\"nx-heading-inner\"><strong><span style=\"color: #69c350\">Die Features der Dimmer Extension<\/span><\/strong><\/h6><\/div>\n<div class=\"nx-heading nx-heading-style-coloredline nx-heading-align-left\" style=\"font-size:14px;margin-bottom:20px\"><h6 class=\"nx-heading-inner\"><strong>Beste Qualit\u00e4t<\/strong><\/h6><\/div>\n<p style=\"text-align: justify\">Schon leichtes Flackern reicht aus, damit Licht als unangenehm empfunden wird. Mit der Extension wird Ihre Beleuchtung stets angenehm und sanft gedimmt.<\/p>\n<div class=\"nx-heading nx-heading-style-coloredline nx-heading-align-left\" style=\"font-size:14px;margin-bottom:20px\"><h6 class=\"nx-heading-inner\"><strong>Das Allroundtalent<\/strong><\/h6><\/div>\n<p style=\"text-align: justify\">Der Dimmer f\u00fcr die Hutschiene ist f\u00fcr alle g\u00e4ngigen Leuchtmittel und Lasten geeignet.<br \/>\nEgal ob Gl\u00fchbirne, dimmbare Energiesparlampe, Halogenlampe oder dimmbare LED Leuchte: Die Dimmer Extension kann mit allem umgehen und Sie brauchen sich keine Gedanken dar\u00fcber zu machen, ob Sie eine Leuchte nun dimmen k\u00f6nnen oder nicht\u2026<\/p>\n<div class=\"nx-heading nx-heading-style-underlined nx-heading-align-left\" style=\"font-size:14px;margin-bottom:20px\"><h6 class=\"nx-heading-inner\"><strong><span style=\"color: #69c350\">Technische Daten<\/span><\/strong><\/h6><\/div>\n<div class=\"nx-list nx-list-style-\">\n<ul>\n<li><i class=\"fa fa-plus\" style=\"color:#69c350\"><\/i> 4 Dimmkan\u00e4le: Kanal 1: 400 Watt, Kanal 2-4: 210 Watt<\/li>\n<li><i class=\"fa fa-plus\" style=\"color:#69c350\"><\/i> 1030 Watt Gesamtlast: universell einsetzbar f\u00fcr ohmsche, kapazitive und induktive Lasten<\/li>\n<li><i class=\"fa fa-plus\" style=\"color:#69c350\"><\/i> Universaldimmer<\/li>\n<li><i class=\"fa fa-plus\" style=\"color:#69c350\"><\/i> niedrige Lasten dimmbar<\/li>\n<li><i class=\"fa fa-plus\" style=\"color:#69c350\"><\/i> 8 digitale Eing\u00e4nge 24VDC<\/li>\n<li><i class=\"fa fa-plus\" style=\"color:#69c350\"><\/i> einfacher Anschluss an Loxone Link<\/li>\n<li><i class=\"fa fa-plus\" style=\"color:#69c350\"><\/i> Abmessungen: 155 x 85 x 49mm (T9 Geh\u00e4use)<\/li>\n<li><i class=\"fa fa-plus\" style=\"color:#69c350\"><\/i> Spannungsversorgung: 24VDC<\/li>\n<li><i class=\"fa fa-plus\" style=\"color:#69c350\"><\/i> T\u00dcV S\u00fcd zertifiziert<\/li>\n<\/ul>\n<\/div>\n<div class=\"nx-heading nx-heading-style-underlined nx-heading-align-left\" style=\"font-size:14px;margin-bottom:20px\"><h6 class=\"nx-heading-inner\"><strong><span style=\"color: #69c350\">Lieferumfang<\/span><\/strong><\/h6><\/div>\n<div class=\"nx-list nx-list-style-\">\n<ul>\n<li><i class=\"fa fa-plus\" style=\"color:#69c350\"><\/i> 1x Dimmer Extension<\/li>\n<li><i class=\"fa fa-plus\" style=\"color:#69c350\"><\/i> 1x Loxone Pocket Guide<\/li>\n<\/ul>\n<\/div>\n","protected":false},"excerpt":{"rendered":"<p><\/br>Mit der Loxone Dimmer Extension k\u00f6nnen Sie alle g\u00e4ngigen Leuchtmittel einfach dimmen, von der konventionellen Gl\u00fchbirne bis zur LED Lampe.<br \/>\n[nx_list icon=\"icon: check\" icon_color=\"#69c350\"]<\/p>\n<ul>\n<li>zur Hutschienenmontage <\/li>\n<li>erweitert das Loxone System und erm\u00f6glicht einfaches Dimmen<\/li>\n<li>mit 4 universell einsetzbaren Dimmkan\u00e4len<\/li>\n<\/ul>\n<p>[\/nx_list]<\/p>\n","protected":false},"featured_media":789,"comment_status":"open","ping_status":"closed","template":"","meta":[],"product_cat":[35,42],"product_tag":[68,69,66],"_links":{"self":[{"href":"https:\/\/www.logic-home.de\/shop\/wp-json\/wp\/v2\/product\/506"}],"collection":[{"href":"https:\/\/www.logic-home.de\/shop\/wp-json\/wp\/v2\/product"}],"about":[{"href":"https:\/\/www.logic-home.de\/shop\/wp-json\/wp\/v2\/types\/product"}],"replies":[{"embeddable":true,"href":"https:\/\/www.logic-home.de\/shop\/wp-json\/wp\/v2\/comments?post=506"}],"wp:featuredmedia":[{"embeddable":true,"href":"https:\/\/www.logic-home.de\/shop\/wp-json\/wp\/v2\/media\/789"}],"wp:attachment":[{"href":"https:\/\/www.logic-home.de\/shop\/wp-json\/wp\/v2\/media?parent=506"}],"wp:term":[{"taxonomy":"product_cat","embeddable":true,"href":"https:\/\/www.logic-home.de\/shop\/wp-json\/wp\/v2\/product_cat?post=506"},{"taxonomy":"product_tag","embeddable":true,"href":"https:\/\/www.logic-home.de\/shop\/wp-json\/wp\/v2\/product_tag?post=506"}],"curies":[{"name":"wp","href":"https:\/\/api.w.org\/{rel}","templated":true}]}}