{"id":503,"date":"2017-01-01T00:00:44","date_gmt":"2016-12-31T23:00:44","guid":{"rendered":"https:\/\/www.logic-home.de\/shop\/produkt\/import-placeholder-for-91\/"},"modified":"2021-08-03T14:09:30","modified_gmt":"2021-08-03T12:09:30","slug":"tree-extension","status":"publish","type":"product","link":"https:\/\/www.logic-home.de\/shop\/produkt\/tree-extension\/","title":{"rendered":"Tree Extension"},"content":{"rendered":"<div class=\"nx-spacer\" style=\"height:15px\"><\/div>\n<div class=\"nx-heading nx-heading-style-underlined nx-heading-align-left\" style=\"font-size:14px;margin-bottom:20px\"><h6 class=\"nx-heading-inner\"><strong><span style=\"color: #69c350\">Einfach verkabelt, voll skalierbar<\/span><\/strong><\/h6><\/div>\n<p style=\"text-align: justify\">Die Tree Extension ist die Grundlage des Loxone Trees im Loxone Smart Home. An den beiden Anschl\u00fcssen k\u00f6nnen pro Ast bis zu 50 Tree Peripherieger\u00e4te angeschlossen werden. Wie \u00c4ste eines Baumes kann die Verkabelung von Ger\u00e4t zu Ger\u00e4t individuell und flexibel gestaltet werden. So kann z.B. ein Ast pro Stockwerk mit Abzweigungen in jeden Raum verwendet werden.<\/p>\n<div class=\"nx-heading nx-heading-style-underlined nx-heading-align-left\" style=\"font-size:14px;margin-bottom:20px\"><h6 class=\"nx-heading-inner\"><strong><span style=\"color: #69c350\">Smart Home Perepherie in Rekordzeit<\/span><\/strong><\/h6><\/div>\n<p style=\"text-align: justify\">Mit Loxone Tree beschreiten wir eine neue \u00c4ra der Smart Home Technologie. Speziell auf die Bed\u00fcrfnisse von Kunden und Loxone Partnern abgestimmt, wird die Integration der Peripherie ins Smart Home revolution\u00e4r einfach und schnell m\u00f6glich:<\/p>\n<div class=\"nx-heading nx-heading-style-coloredline nx-heading-align-left\" style=\"font-size:14px;margin-bottom:20px\"><h6 class=\"nx-heading-inner\"><strong>Bis zu 80% weniger Verkabelungsaufwand<\/strong><\/h6><\/div>\n<p style=\"text-align: justify\">Verkabeln Sie flexibel von Ger\u00e4t zu Ger\u00e4t und sparen Sie Verkabelung, Reihenklemmen und Platz im Verteiler.<\/p>\n<div class=\"nx-heading nx-heading-style-coloredline nx-heading-align-left\" style=\"font-size:14px;margin-bottom:20px\"><h6 class=\"nx-heading-inner\"><strong>Einfache Inbetriebnahme in Rekordzeit<\/strong><\/h6><\/div>\n<p style=\"text-align: justify\">Nehmen Sie z.B. einen Bewegungsmelder Tree innerhalb von 20 Sekunden in Betrieb. Sparen Sie so Zeit f\u00fcr andere Projekte.<\/p>\n<div class=\"nx-heading nx-heading-style-coloredline nx-heading-align-left\" style=\"font-size:14px;margin-bottom:20px\"><h6 class=\"nx-heading-inner\"><strong>100% auf das Loxone Smart Home abgestimmt<\/strong><\/h6><\/div>\n<p style=\"text-align: justify\">Alle Loxone Tree Produkte werden per Plug &amp; Play in Betrieb genommen und arbeiten perfekt mit weiteren Loxone Komponenten zusammen.<\/p>\n<div class=\"nx-heading nx-heading-style-underlined nx-heading-align-left\" style=\"font-size:14px;margin-bottom:20px\"><h6 class=\"nx-heading-inner\"><strong><span style=\"color: #69c350\">Technische Daten<\/span><\/strong><\/h6><\/div>\n<div class=\"nx-list nx-list-style-\">\n<ul>\n<li><i class=\"fa fa-plus\" style=\"color:#69c350\"><\/i> 2 Tree \u00c4ste zum Anschluss von bis zu je 50 Tree Peripherieger\u00e4ten<\/li>\n<li><i class=\"fa fa-plus\" style=\"color:#69c350\"><\/i> Stromversorgung: 24VDC SELV (min. 9VDC max. 28VDC)<\/li>\n<li><i class=\"fa fa-plus\" style=\"color:#69c350\"><\/i> Leistungsaufnahme: 115mW<\/li>\n<li><i class=\"fa fa-plus\" style=\"color:#69c350\"><\/i> Schutzklasse: IP20<\/li>\n<li><i class=\"fa fa-plus\" style=\"color:#69c350\"><\/i> Betriebstemperatur: 0\u202655\u00b0C<\/li>\n<li><i class=\"fa fa-plus\" style=\"color:#69c350\"><\/i> max. m\u00f6gliche Kabell\u00e4nge: abh\u00e4ngig von Verkabelungstopologie bis zu 500m<\/li>\n<li><i class=\"fa fa-plus\" style=\"color:#69c350\"><\/i> Abisolierl\u00e4nge: 5mm<\/li>\n<li><i class=\"fa fa-plus\" style=\"color:#69c350\"><\/i> Kabelquerschnitt: Kabelquerschnitt 0,25 \u2013 0,8 mm2<\/li>\n<li><i class=\"fa fa-plus\" style=\"color:#69c350\"><\/i> Zwei Status LEDs (zweif\u00e4rbig)<\/li>\n<\/ul>\n<\/div>\n<div class=\"nx-heading nx-heading-style-underlined nx-heading-align-left\" style=\"font-size:14px;margin-bottom:20px\"><h6 class=\"nx-heading-inner\"><strong><span style=\"color: #69c350\">Lieferumfang<\/span><\/strong><\/h6><\/div>\n<div class=\"nx-list nx-list-style-\">\n<ul>\n<li><i class=\"fa fa-plus\" style=\"color:#69c350\"><\/i> 1x Tree Extension<\/li>\n<li><i class=\"fa fa-plus\" style=\"color:#69c350\"><\/i> 1x IDC Tool (f\u00fcr Schneidklemmkontakte des Stellantrieb Tree)<\/li>\n<\/ul>\n<\/div>\n","protected":false},"excerpt":{"rendered":"<p><\/br>Die Tree Extension bildet die Grundlage f\u00fcr die neue Loxone Tree Technologie. Diese erm\u00f6glicht eine revolution\u00e4r schnelle und einfache Integration von Peripherie in das Loxone Smart Home.<br \/>\n[nx_list icon=\"icon: check\" icon_color=\"#69c350\"]<\/p>\n<ul>\n<li>f\u00fcr bis zu 80% weniger Verkabelungsaufwand<\/li>\n<li>Plug &amp; Play Inbetriebnahme in Rekordzeit<\/li>\n<li>maximale Gestaltungsfreiheit der Verkabelung<\/li>\n<li>zwei Tree Anschl\u00fcsse f\u00fcr bis zu 50 Tree Ger\u00e4te pro Ast<\/li>\n<li>hohe verz\u00f6gerungsfreie \u00dcbertragungsgeschwindigkeit<\/li>\n<li>voll updatef\u00e4hig mit kostenloser Software<\/li>\n<li>wachsendes Sortiment an Tree Produkten<\/li>\n<\/ul>\n<p>[\/nx_list]<\/p>\n","protected":false},"featured_media":1127,"comment_status":"open","ping_status":"closed","template":"","meta":[],"product_cat":[35,50],"product_tag":[66,67],"_links":{"self":[{"href":"https:\/\/www.logic-home.de\/shop\/wp-json\/wp\/v2\/product\/503"}],"collection":[{"href":"https:\/\/www.logic-home.de\/shop\/wp-json\/wp\/v2\/product"}],"about":[{"href":"https:\/\/www.logic-home.de\/shop\/wp-json\/wp\/v2\/types\/product"}],"replies":[{"embeddable":true,"href":"https:\/\/www.logic-home.de\/shop\/wp-json\/wp\/v2\/comments?post=503"}],"wp:featuredmedia":[{"embeddable":true,"href":"https:\/\/www.logic-home.de\/shop\/wp-json\/wp\/v2\/media\/1127"}],"wp:attachment":[{"href":"https:\/\/www.logic-home.de\/shop\/wp-json\/wp\/v2\/media?parent=503"}],"wp:term":[{"taxonomy":"product_cat","embeddable":true,"href":"https:\/\/www.logic-home.de\/shop\/wp-json\/wp\/v2\/product_cat?post=503"},{"taxonomy":"product_tag","embeddable":true,"href":"https:\/\/www.logic-home.de\/shop\/wp-json\/wp\/v2\/product_tag?post=503"}],"curies":[{"name":"wp","href":"https:\/\/api.w.org\/{rel}","templated":true}]}}