{"id":501,"date":"2017-01-01T00:00:43","date_gmt":"2016-12-31T23:00:43","guid":{"rendered":"https:\/\/www.logic-home.de\/shop\/produkt\/import-placeholder-for-73\/"},"modified":"2021-08-03T14:09:30","modified_gmt":"2021-08-03T12:09:30","slug":"loxone-miniserver-go","status":"publish","type":"product","link":"https:\/\/www.logic-home.de\/shop\/produkt\/loxone-miniserver-go\/","title":{"rendered":"Loxone Miniserver Go"},"content":{"rendered":"<div class=\"nx-spacer\" style=\"height:15px\"><\/div>\n<div class=\"nx-heading nx-heading-style-underlined nx-heading-align-left\" style=\"font-size:14px;margin-bottom:20px\"><h6 class=\"nx-heading-inner\"><strong><span style=\"color: #69c350\">Die Zentrale im Loxone Smart Home<\/span><\/strong><\/h6><\/div>\n<p style=\"text-align: justify\">Steuern Sie im Loxone Smart Home ohne gro\u00dfen Verkabelungsaufwand, alles von einem zentralen Herzst\u00fcck \u2013 dem Loxone Miniserver Go. Dank integrierter Loxone Air Funk Technologie bietet dieser die perfekte L\u00f6sung f\u00fcr Nachr\u00fcster und Sanierer. Egal ob einfacher Taster, simple Steuerelemente, Beleuchtung, Heizung oder komplexe Systeme wie PV Anlagen. Das erm\u00f6glicht einfaches Bedienen und intelligente Automatisierung Ihrer Ger\u00e4te.<\/p>\n<div class=\"nx-heading nx-heading-style-underlined nx-heading-align-left\" style=\"font-size:14px;margin-bottom:20px\"><h6 class=\"nx-heading-inner\"><strong><span style=\"color: #69c350\">Flexibel und erweiterbar<\/span><\/strong><\/h6><\/div>\n<p style=\"text-align: justify\">Der Loxone Miniserver Go ist dank Loxone Air Technologie, Ethernet Anschluss und Loxone Link jederzeit und einfach erweiterbar und bleibt damit zukunftsf\u00e4hig.<\/p>\n<div class=\"nx-heading nx-heading-style-coloredline nx-heading-align-left\" style=\"font-size:14px;margin-bottom:20px\"><h6 class=\"nx-heading-inner\"><strong>Loxone Air<\/strong><\/h6><\/div>\n<p style=\"text-align: justify\">Dank Loxone Air Technologie k\u00f6nnen Sie Ihr Loxone Smart Home ohne gro\u00dfen Verkabelungsaufwand und Stemmen einfach um weitere Loxone Air f\u00e4hige Ger\u00e4te und um Funktionalit\u00e4t erweitern und zeichnet sich aus durch:<\/p>\n<p style=\"text-align: justify\">Mesh-Technologie<br \/>\nJedes kabelgebundene Air Ger\u00e4t erweitert das Funknetzwerk und erh\u00f6ht so die Reichweite.<\/p>\n<p style=\"text-align: justify\">Bidirektional<br \/>\nLoxone Air Ger\u00e4te k\u00f6nnen senden, empfangen und Funksingale quittieren. Das macht Loxone Air besonders zuverl\u00e4ssig.<\/p>\n<p style=\"text-align: justify\">Niedriger Eigenverbrauch<br \/>\nLoxone Air Produkte sind Energieverbrauchsoptimiert!<\/p>\n<div class=\"nx-heading nx-heading-style-coloredline nx-heading-align-left\" style=\"font-size:14px;margin-bottom:20px\"><h6 class=\"nx-heading-inner\"><strong>Netzwerk<\/strong><\/h6><\/div>\n<p style=\"text-align: justify\">\u00dcber Ethernet verbinden Sie den Loxone Minsierver Go nicht nur mit Ihrem Heimnetzwerk, sondern integrieren netzwerkf\u00e4hige Ger\u00e4te wie Photovoltaik-Anlage, TV, Stereoanlage, Loxone Music Server &amp; mehr, auch in Ihr Loxone Smart Home.<\/p>\n<div class=\"nx-heading nx-heading-style-coloredline nx-heading-align-left\" style=\"font-size:14px;margin-bottom:20px\"><h6 class=\"nx-heading-inner\"><strong>Loxone Link<\/strong><\/h6><\/div>\n<p style=\"text-align: justify\">\u00dcber den Loxone Link k\u00f6nnen optional bis zu 30 Extensions an den Miniserver Go angeschlossen werden und so das Loxone Smart Home kabelgebunden um Einsatzm\u00f6glichkeiten erweitert werden.<\/p>\n<div class=\"nx-heading nx-heading-style-underlined nx-heading-align-left\" style=\"font-size:14px;margin-bottom:20px\"><h6 class=\"nx-heading-inner\"><strong><span style=\"color: #69c350\">\u00dcberall platzierbar<\/span><\/strong><\/h6><\/div>\n<p style=\"text-align: justify\">Der Miniserver Go ist kompakt im Design. Antirutschnoppen auf der R\u00fcckseite sorgen f\u00fcr die feste Platzierung zB auf glatten Tischoberfl\u00e4chen. Mit der integrierten Wandhalterung zur Wandmontage ist der Miniserver Go \u00fcberall platzierbar.<\/p>\n<div class=\"nx-heading nx-heading-style-underlined nx-heading-align-left\" style=\"font-size:14px;margin-bottom:20px\"><h6 class=\"nx-heading-inner\"><strong><span style=\"color: #69c350\">Technische Daten<\/span><\/strong><\/h6><\/div>\n<div class=\"nx-list nx-list-style-\">\n<ul>\n<li><i class=\"fa fa-plus\" style=\"color:#69c350\"><\/i> tromversorgung: 5VDC (via Micro USB Connector)<\/li>\n<li><i class=\"fa fa-plus\" style=\"color:#69c350\"><\/i> Frequenz: 868MHz (SRD Band Europe) \/ 915MHz (ISM Band Region 2)<\/li>\n<li><i class=\"fa fa-plus\" style=\"color:#69c350\"><\/i> Abmessungen (BxHxT): 90 x 90 x 20mm<\/li>\n<li><i class=\"fa fa-plus\" style=\"color:#69c350\"><\/i> Loxone Link zum Anschluss von Loxone Extensions<\/li>\n<li><i class=\"fa fa-plus\" style=\"color:#69c350\"><\/i> LAN-Anschluss (LEDs ohne Funktion)<\/li>\n<li><i class=\"fa fa-plus\" style=\"color:#69c350\"><\/i> vollst\u00e4ndig integrierte Air Base Extension mit interner Antenne<\/li>\n<li><i class=\"fa fa-plus\" style=\"color:#69c350\"><\/i> Loxone OS Betriebssystem mit integriertem Webserver<\/li>\n<li><i class=\"fa fa-plus\" style=\"color:#69c350\"><\/i> Kompakte Bauform zur Wandmontage<\/li>\n<\/ul>\n<\/div>\n<div class=\"nx-heading nx-heading-style-underlined nx-heading-align-left\" style=\"font-size:14px;margin-bottom:20px\"><h6 class=\"nx-heading-inner\"><strong><span style=\"color: #69c350\">Lieferumfang<\/span><\/strong><\/h6><\/div>\n<div class=\"nx-list nx-list-style-\">\n<ul>\n<li><i class=\"fa fa-plus\" style=\"color:#69c350\"><\/i> 1x Loxone Miniserver Go<\/li>\n<li><i class=\"fa fa-plus\" style=\"color:#69c350\"><\/i> 1x USB Netzteil mit 3 L\u00e4nderadaptern<\/li>\n<li><i class=\"fa fa-plus\" style=\"color:#69c350\"><\/i> 1x USB A auf Micro B Kabel (Power only)<\/li>\n<li><i class=\"fa fa-plus\" style=\"color:#69c350\"><\/i> 1x Netzwerkkabel<\/li>\n<\/ul>\n<\/div>\n","protected":false},"excerpt":{"rendered":"<p><\/br>Der Miniserver Go bildet das intelligente Herzst\u00fcck im Nachr\u00fcster Smart Home und erledigt seine umfassenden Aufgaben auf Basis der Loxone Air Funktechnologie.<br \/>\n[nx_list icon=\"icon: check\" icon_color=\"#69c350\"]<\/p>\n<ul>\n<li>perfekt f\u00fcr Nachr\u00fcster<\/li>\n<li>\u00fcberall platzierbar<\/li>\n<li>ohne gro\u00dfen Verkabelungsaufwand und stemmen<\/li>\n<li>steuert bis zu 128 Air-Ger\u00e4te<\/li>\n<\/ul>\n<p>[\/nx_list]<\/p>\n","protected":false},"featured_media":1367,"comment_status":"open","ping_status":"closed","template":"","meta":[],"product_cat":[34,48],"product_tag":[64,63,65],"_links":{"self":[{"href":"https:\/\/www.logic-home.de\/shop\/wp-json\/wp\/v2\/product\/501"}],"collection":[{"href":"https:\/\/www.logic-home.de\/shop\/wp-json\/wp\/v2\/product"}],"about":[{"href":"https:\/\/www.logic-home.de\/shop\/wp-json\/wp\/v2\/types\/product"}],"replies":[{"embeddable":true,"href":"https:\/\/www.logic-home.de\/shop\/wp-json\/wp\/v2\/comments?post=501"}],"wp:featuredmedia":[{"embeddable":true,"href":"https:\/\/www.logic-home.de\/shop\/wp-json\/wp\/v2\/media\/1367"}],"wp:attachment":[{"href":"https:\/\/www.logic-home.de\/shop\/wp-json\/wp\/v2\/media?parent=501"}],"wp:term":[{"taxonomy":"product_cat","embeddable":true,"href":"https:\/\/www.logic-home.de\/shop\/wp-json\/wp\/v2\/product_cat?post=501"},{"taxonomy":"product_tag","embeddable":true,"href":"https:\/\/www.logic-home.de\/shop\/wp-json\/wp\/v2\/product_tag?post=501"}],"curies":[{"name":"wp","href":"https:\/\/api.w.org\/{rel}","templated":true}]}}