{"id":500,"date":"2017-01-01T00:00:43","date_gmt":"2016-12-31T23:00:43","guid":{"rendered":"https:\/\/www.logic-home.de\/shop\/produkt\/import-placeholder-for-33\/"},"modified":"2021-08-03T14:09:30","modified_gmt":"2021-08-03T12:09:30","slug":"loxone-miniserver-gen-1","status":"publish","type":"product","link":"https:\/\/www.logic-home.de\/shop\/produkt\/loxone-miniserver-gen-1\/","title":{"rendered":"Loxone Miniserver Gen. 1"},"content":{"rendered":"<div class=\"nx-spacer\" style=\"height:15px\"><\/div>\n<div class=\"nx-heading nx-heading-style-underlined nx-heading-align-left\" style=\"font-size:14px;margin-bottom:20px\"><h6 class=\"nx-heading-inner\"><strong><span style=\"color: #69c350\">Die Zentrale im Loxone Smart Home<\/span><\/strong><\/h6><\/div>\n<p style=\"text-align: justify\">Im Loxone Smart Home wird alles von einem zentralen Herzst\u00fcck \u2013 dem Loxone Miniserver \u2013 zusammengefasst &amp; gesteuert. Egal ob einfacher Taster, simple Steuerelemente, Beleuchtung, Heizung oder komplexe Systeme wie PV Anlagen. Das erm\u00f6glicht einfaches Bedienen und intelligente Automatisierung Ihrer Ger\u00e4te.<\/p>\n<div class=\"nx-heading nx-heading-style-underlined nx-heading-align-left\" style=\"font-size:14px;margin-bottom:20px\"><h6 class=\"nx-heading-inner\"><strong><span style=\"color: #69c350\">Unschlagbares Preis-\/Leistungsverh\u00e4ltnis<\/span><\/strong><\/h6><\/div>\n<p style=\"text-align: justify\">Mit zahlreichen Ein- &amp; Ausg\u00e4ngen und Schnittstellen an Bord k\u00f6nnen Sie viele Ger\u00e4te direkt an den Miniserver anschlie\u00dfen. Mit einem 24V Netzteil und fachm\u00e4nnisch vom Loxone Partner installiert, ist der Miniserver einsatzbereit! Der Miniserver bietet:<\/p>\n<div class=\"nx-list nx-list-style-\">\n<ul>\n<li><i class=\"fa fa-plus\" style=\"color:#69c350\"><\/i> 8 Relais Ausg\u00e4nge \u2013 z.B. zum Anschluss von 4 Jalousien oder 8 Lichtkreisen<\/li>\n<li><i class=\"fa fa-plus\" style=\"color:#69c350\"><\/i> 8 digitale Eing\u00e4nge zum Anschluss von Tastern, T\u00fcr- \/ Fensterkontakten und mehr<\/li>\n<li><i class=\"fa fa-plus\" style=\"color:#69c350\"><\/i> 4 analoge Eing\u00e4nge zum Anschluss von Temperatursensoren, Feuchtef\u00fchlern, &#8230;<\/li>\n<li><i class=\"fa fa-plus\" style=\"color:#69c350\"><\/i> 4 analoge Ausg\u00e4nge z.B. zum Anschluss von analogen Stellantrieben<\/li>\n<li><i class=\"fa fa-plus\" style=\"color:#69c350\"><\/i> LAN Schnittstelle zur Ansteuerung von Netzwerkger\u00e4ten wie TV, PV Anlage, &#8230;<\/li>\n<li><i class=\"fa fa-plus\" style=\"color:#69c350\"><\/i> KNX Schnittstelle zur Einbindung von KNX Sensorik<\/li>\n<\/ul>\n<\/div>\n<div class=\"nx-heading nx-heading-style-underlined nx-heading-align-left\" style=\"font-size:14px;margin-bottom:20px\"><h6 class=\"nx-heading-inner\"><strong><span style=\"color: #69c350\">Flexibel und erweiterbar<\/span><\/strong><\/h6><\/div>\n<p style=\"text-align: justify\">\u00dcber den Loxone Link kann das Loxone Smart Home um weitere Anschl\u00fcsse und Einsatzm\u00f6glichkeiten erweitert werden. Bis zu 30 Extensions k\u00f6nnen an einen Miniserver angeschlossen werden. So bleibt das Loxone Smart Home flexibel.<br \/>\nErweitern Sie Ihren Miniserver zB mit der DMX Extension zur digitalen Ansteuerung von Licht, der 1-Wire Extension zur Einbindung g\u00fcnstiger Sensoren und der iButton Zutrittsl\u00f6sung, der Air Base Extension um die hauseigene Funktechnologie zur kabellosen Einbindung von Loxone Air Ger\u00e4ten, uvm.<\/p>\n<div class=\"nx-heading nx-heading-style-underlined nx-heading-align-left\" style=\"font-size:14px;margin-bottom:20px\"><h6 class=\"nx-heading-inner\"><strong><span style=\"color: #69c350\">Technische Daten<\/span><\/strong><\/h6><\/div>\n<div class=\"nx-list nx-list-style-\">\n<ul>\n<li><i class=\"fa fa-plus\" style=\"color:#69c350\"><\/i> Stromversorgung: 24V Stromanschluss<\/li>\n<li><i class=\"fa fa-plus\" style=\"color:#69c350\"><\/i> Digitale Ausg\u00e4nge: 8 digitale Ausg\u00e4nge (Relais) 250VAC 5A<\/li>\n<li><i class=\"fa fa-plus\" style=\"color:#69c350\"><\/i> Digitale Eing\u00e4nge: 8 digitale Eing\u00e4nge 24VDC (SELV)<\/li>\n<li><i class=\"fa fa-plus\" style=\"color:#69c350\"><\/i> Analoge Ausg\u00e4nge: 4 analoge Ausg\u00e4nge 0&#8230;10VDC<\/li>\n<li><i class=\"fa fa-plus\" style=\"color:#69c350\"><\/i> Analoge Eing\u00e4nge: 4 analoge Eing\u00e4nge 0&#8230;10VDC<\/li>\n<li><i class=\"fa fa-plus\" style=\"color:#69c350\"><\/i> Abmessungen (BxHxT): 155 x 85 x 48mm (T9 Geh\u00e4use)<\/li>\n<li><i class=\"fa fa-plus\" style=\"color:#69c350\"><\/i> Loxone Link zum Anschluss von Loxone Extensions<\/li>\n<li><i class=\"fa fa-plus\" style=\"color:#69c350\"><\/i> LAN-Anschluss<\/li>\n<li><i class=\"fa fa-plus\" style=\"color:#69c350\"><\/i> KNX\/EIB-Connector<\/li>\n<li><i class=\"fa fa-plus\" style=\"color:#69c350\"><\/i> Kompakte Bauform zur Hutschienenmontage<\/li>\n<li><i class=\"fa fa-plus\" style=\"color:#69c350\"><\/i> T\u00dcV S\u00fcd zertifiziert<\/li>\n<\/ul>\n<\/div>\n<div class=\"nx-heading nx-heading-style-underlined nx-heading-align-left\" style=\"font-size:14px;margin-bottom:20px\"><h6 class=\"nx-heading-inner\"><strong><span style=\"color: #69c350\">Lieferumfang<\/span><\/strong><\/h6><\/div>\n<div class=\"nx-list nx-list-style-\">\n<ul>\n<li><i class=\"fa fa-plus\" style=\"color:#69c350\"><\/i> 1x Loxone Miniserver<\/li>\n<li><i class=\"fa fa-plus\" style=\"color:#69c350\"><\/i> 1x 120 Ohm Abschlusswiderstand<\/li>\n<li><i class=\"fa fa-plus\" style=\"color:#69c350\"><\/i> 1x Kurzanleitung und Anschlussplan<\/li>\n<li><i class=\"fa fa-plus\" style=\"color:#69c350\"><\/i> 1x Loxone Pocket Guide<\/li>\n<li><i class=\"fa fa-plus\" style=\"color:#69c350\"><\/i> 1x Loxone Sticker<\/li>\n<li><i class=\"fa fa-plus\" style=\"color:#69c350\"><\/i> 1x 4GB Micro-SD Karte<\/li>\n<\/ul>\n<\/div>\n","protected":false},"excerpt":{"rendered":"<p><\/br>Hausautomatisierung wird mit dem Loxone Miniserver endlich einfach. Als \u201cZentrale\u201d erledigt er alle Aufgaben rund ums Haus.<br \/>\n[nx_list icon=\"icon: check\" icon_color=\"#69c350\"]<\/p>\n<ul>\n<li>Beschattung<\/li>\n<li>Beleuchtung<\/li>\n<li>Heizung und Einzelraumregelung<\/li>\n<li>Energiemanagement<\/li>\n<li>und vieles mehr<\/li>\n<\/ul>\n<p>[\/nx_list]<\/p>\n","protected":false},"featured_media":1362,"comment_status":"open","ping_status":"closed","template":"","meta":[],"product_cat":[34],"product_tag":[63],"_links":{"self":[{"href":"https:\/\/www.logic-home.de\/shop\/wp-json\/wp\/v2\/product\/500"}],"collection":[{"href":"https:\/\/www.logic-home.de\/shop\/wp-json\/wp\/v2\/product"}],"about":[{"href":"https:\/\/www.logic-home.de\/shop\/wp-json\/wp\/v2\/types\/product"}],"replies":[{"embeddable":true,"href":"https:\/\/www.logic-home.de\/shop\/wp-json\/wp\/v2\/comments?post=500"}],"wp:featuredmedia":[{"embeddable":true,"href":"https:\/\/www.logic-home.de\/shop\/wp-json\/wp\/v2\/media\/1362"}],"wp:attachment":[{"href":"https:\/\/www.logic-home.de\/shop\/wp-json\/wp\/v2\/media?parent=500"}],"wp:term":[{"taxonomy":"product_cat","embeddable":true,"href":"https:\/\/www.logic-home.de\/shop\/wp-json\/wp\/v2\/product_cat?post=500"},{"taxonomy":"product_tag","embeddable":true,"href":"https:\/\/www.logic-home.de\/shop\/wp-json\/wp\/v2\/product_tag?post=500"}],"curies":[{"name":"wp","href":"https:\/\/api.w.org\/{rel}","templated":true}]}}