{"id":1707,"date":"2018-03-01T00:00:00","date_gmt":"2018-02-28T23:00:00","guid":{"rendered":"https:\/\/www.logic-home.de\/shop\/?post_type=product&#038;p=1707"},"modified":"2021-08-03T09:44:50","modified_gmt":"2021-08-03T07:44:50","slug":"nfc-key-fob-set","status":"publish","type":"product","link":"https:\/\/www.logic-home.de\/shop\/produkt\/nfc-key-fob-set\/","title":{"rendered":"NFC Key Fob Set"},"content":{"rendered":"<div class=\"nx-spacer\" style=\"height:15px\"><\/div>\n<p style=\"text-align: justify\">Der NFC Keyfob ist hergestellt aus hochwertigem und langlebigem Kunststoff und somit bestens f\u00fcr den t\u00e4glichen Einsatz an Ihrem Schl\u00fcsselbund geeignet. Der NFC Keyfob ist speziell f\u00fcr den Zutritt \u00fcber den NFC Code Touch entwickelt und konzipiert worden.<\/p>\n<p style=\"text-align: justify\">Durch die Verschl\u00fcsselungstechnik des NFC Keyfob erreichen Sie einen Sicherheitsstandard auf h\u00f6chsten Niveau \u2013 der NFC Keyfob ist die sichere Art ein Smart Home zu betreten.<\/p>\n<div class=\"nx-heading nx-heading-style-coloredline nx-heading-align-left\" style=\"font-size:14px;margin-bottom:20px\"><h6 class=\"nx-heading-inner\"><strong>Anwendung<\/strong><\/h6><\/div>\n<p style=\"text-align: justify\">Durch die nahtlose Integration dieser Zutrittsl\u00f6sung in das Loxone Smart Home sowie in die Loxone App lassen sich individuelle Zutrittsberechtigungen vergeben.<\/p>\n<p style=\"text-align: justify\">Der NFC Keyfob setzt einen NFC Code Touch voraus. Ein zeitlich begrenzter Zutritt sowie ein einmaliger Zutritt ist ebenfalls mit dem NFC Keyfob in Verbindung mit dem NFC Code Touch m\u00f6glich.<\/p>\n<div class=\"nx-heading nx-heading-style-underlined nx-heading-align-left\" style=\"font-size:14px;margin-bottom:20px\"><h6 class=\"nx-heading-inner\"><strong><span style=\"color: #69c350\">Technische Daten<\/span><\/strong><\/h6><\/div>\n<div class=\"nx-list nx-list-style-\">\n<ul>\n<li><i class=\"fa fa-plus\" style=\"color:#69c350\"><\/i> Type: LOX-10-24<\/li>\n<li><i class=\"fa fa-plus\" style=\"color:#69c350\"><\/i> Chipsatz: NXP MIFARE\u00ae DESFire\u00ae EV1 2K<\/li>\n<li><i class=\"fa fa-plus\" style=\"color:#69c350\"><\/i> Reichweite: 1&#8230;20 mm<\/li>\n<li><i class=\"fa fa-plus\" style=\"color:#69c350\"><\/i> Frequenz: 13,56 MHz (verschl\u00fcsselt)<\/li>\n<li><i class=\"fa fa-plus\" style=\"color:#69c350\"><\/i> Standards: ISO\/IEC-Unterst\u00fctzung: ISO 14443; ISO 7816<\/li>\n<li><i class=\"fa fa-plus\" style=\"color:#69c350\"><\/i> Verschl\u00fcsselung: 16 bzw. 32bit CRC, Common Criteria Zertifikat EAL4+ (Hardware und Software), zuf\u00e4llige Schl\u00fcsselgenerierung, DES mit bis zu 168bit und AES mit 128bit-Verschl\u00fcsselung<\/li>\n<li><i class=\"fa fa-plus\" style=\"color:#69c350\"><\/i> Speicherkapazit\u00e4t: 2048 Byte<\/li>\n<li><i class=\"fa fa-plus\" style=\"color:#69c350\"><\/i> Material: PC\/ABS<\/li>\n<li><i class=\"fa fa-plus\" style=\"color:#69c350\"><\/i> Gr\u00f6\u00dfe: 30 x 30 x 6 mm<\/li>\n<\/ul>\n<\/div>\n<div class=\"nx-heading nx-heading-style-underlined nx-heading-align-left\" style=\"font-size:14px;margin-bottom:20px\"><h6 class=\"nx-heading-inner\"><strong><span style=\"color: #69c350\">Lieferumfang<\/span><\/strong><\/h6><\/div>\n<div class=\"nx-list nx-list-style-\">\n<ul>\n<li><i class=\"fa fa-plus\" style=\"color:#69c350\"><\/i> 10x NFC Key Fob<\/li>\n<\/ul>\n<\/div>\n","protected":false},"excerpt":{"rendered":"<p><\/br>Einfache und schnelle Zutrittskontrolle \u00fcber den NFC Code Touch mit dem kleinen, robusten Schl\u00fcsselanh\u00e4nger, dem NFC Keyfob \u2013 die sichere Art ein Smart Home zu betreten.<br \/>\n[nx_list icon=\"icon: check\" icon_color=\"#69c350\"]<\/p>\n<ul>\n<li>Schneller und einfacher Zutritt zu einem Smart Home \u00fcber den NFC Code Touch<\/li>\n<li>Qualitativ hochwertiger Kunststoff<\/li>\n<li>Verschl\u00fcsselte Daten\u00fcbertragung<\/li>\n<li>Kontaktloser Zutritt<\/li>\n<li>Individuelle Zutrittsberechtigung<\/li>\n<li>Zeitlich beschr\u00e4nkter Zutritt<\/li>\n<li>Klein und kompakt<\/li>\n<\/ul>\n<p>[\/nx_list]<\/p>\n","protected":false},"featured_media":1708,"comment_status":"open","ping_status":"closed","template":"","meta":[],"product_cat":[57,62,40,52],"product_tag":[74,65,216,218,135],"_links":{"self":[{"href":"https:\/\/www.logic-home.de\/shop\/wp-json\/wp\/v2\/product\/1707"}],"collection":[{"href":"https:\/\/www.logic-home.de\/shop\/wp-json\/wp\/v2\/product"}],"about":[{"href":"https:\/\/www.logic-home.de\/shop\/wp-json\/wp\/v2\/types\/product"}],"replies":[{"embeddable":true,"href":"https:\/\/www.logic-home.de\/shop\/wp-json\/wp\/v2\/comments?post=1707"}],"wp:featuredmedia":[{"embeddable":true,"href":"https:\/\/www.logic-home.de\/shop\/wp-json\/wp\/v2\/media\/1708"}],"wp:attachment":[{"href":"https:\/\/www.logic-home.de\/shop\/wp-json\/wp\/v2\/media?parent=1707"}],"wp:term":[{"taxonomy":"product_cat","embeddable":true,"href":"https:\/\/www.logic-home.de\/shop\/wp-json\/wp\/v2\/product_cat?post=1707"},{"taxonomy":"product_tag","embeddable":true,"href":"https:\/\/www.logic-home.de\/shop\/wp-json\/wp\/v2\/product_tag?post=1707"}],"curies":[{"name":"wp","href":"https:\/\/api.w.org\/{rel}","templated":true}]}}