{"id":1667,"date":"2017-12-13T00:00:32","date_gmt":"2017-12-12T23:00:32","guid":{"rendered":"https:\/\/www.logic-home.de\/shop\/?post_type=product&#038;p=1667"},"modified":"2021-08-03T09:44:57","modified_gmt":"2021-08-03T07:44:57","slug":"nfc-code-touch-for-nano","status":"publish","type":"product","link":"https:\/\/www.logic-home.de\/shop\/produkt\/nfc-code-touch-for-nano\/","title":{"rendered":"NFC Code Touch for Nano"},"content":{"rendered":"<div class=\"nx-spacer\" style=\"height:15px\"><\/div>\n<div class=\"nx-heading nx-heading-style-underlined nx-heading-align-left\" style=\"font-size:14px;margin-bottom:20px\"><h6 class=\"nx-heading-inner\"><strong><span style=\"color: #69c350\">NFC Code Touch: Die perfekte Zutrittsl\u00f6sung f\u00fcr T\u00fcr, Tor, Alarm<\/span><\/strong><\/h6><\/div>\n<p style=\"text-align: justify\">Egal ob im Innen- oder Au\u00dfenbereich. Egal ob Tag oder Nacht. Und egal ob Sonnenschein oder Regen. Der NFC Code Touch bietet Ihnen die perfekte Zutrittsl\u00f6sung f\u00fcr T\u00fcr, Tor und Alarm. Und das bei modernstem, zeitlosem Design.<\/p>\n<div class=\"nx-heading nx-heading-style-coloredline nx-heading-align-left\" style=\"font-size:14px;margin-bottom:20px\"><h6 class=\"nx-heading-inner\"><strong>T\u00fcr<\/strong><\/h6><\/div>\n<p style=\"text-align: justify\">Verschaffen Sie sich ganz einfach mittels Zahlenkombination oder NFC Zutritt in Ihr Smart Home.<\/p>\n<div class=\"nx-heading nx-heading-style-coloredline nx-heading-align-left\" style=\"font-size:14px;margin-bottom:20px\"><h6 class=\"nx-heading-inner\"><strong>Tor<\/strong><\/h6><\/div>\n<p style=\"text-align: justify\">\u00d6ffnen Sie mit dem Codetaster ebenfalls Tore, wie zum Beispiel Ihr Garagentor.<\/p>\n<div class=\"nx-heading nx-heading-style-coloredline nx-heading-align-left\" style=\"font-size:14px;margin-bottom:20px\"><h6 class=\"nx-heading-inner\"><strong>Alarm<\/strong><\/h6><\/div>\n<p style=\"text-align: justify\">Im Innenbereich angebracht k\u00f6nnen Sie mit dem NFC Code Touch Ihre Alarmanlage scharfstellen oder quittieren.<\/p>\n<div class=\"nx-heading nx-heading-style-underlined nx-heading-align-left\" style=\"font-size:14px;margin-bottom:20px\"><h6 class=\"nx-heading-inner\"><strong><span style=\"color: #69c350\">Beliebige Codes<\/span><\/strong><\/h6><\/div>\n<div class=\"nx-heading nx-heading-style-coloredline nx-heading-align-left\" style=\"font-size:14px;margin-bottom:20px\"><h6 class=\"nx-heading-inner\"><strong>F\u00fcr jedes Familienmitglied<\/strong><\/h6><\/div>\n<p style=\"text-align: justify\">Verschaffen Sie sich anhand individueller Codes* Zutritt in Ihr Eigenheim. Jedes Familienmitglied verf\u00fcgt dabei \u00fcber seine eigene pers\u00f6nliche Zahlenkombination.<\/p>\n<p><i>*Die Zahlenkombination Ihres Codes muss aus einer 2 bis 8- stelligen Kombination bestehen.<\/i><\/p>\n<div class=\"nx-heading nx-heading-style-coloredline nx-heading-align-left\" style=\"font-size:14px;margin-bottom:20px\"><h6 class=\"nx-heading-inner\"><strong>Einmalcode<\/strong><\/h6><\/div>\n<p style=\"text-align: justify\">Das Leben h\u00e4lt oftmals Situationen bereit, in denen Sie Ihrem Nachbarn oder dem Postboten einmaligen Einlass gew\u00e4hren m\u00f6chten.<\/p>\n<p style=\"text-align: justify\">Sie w\u00fcrden gerne Ihrem Postboten f\u00fcr dieses eine Paket Zutritt verschaffen? Oder Ihrem Nachbarn, weil er freundlicherweise w\u00e4hrend Ihres Arbeitstages den Hund ausf\u00fchrt und diesen wieder reinlassen m\u00f6chte?<\/p>\n<p style=\"text-align: justify\">Mit ein paar Klicks in der App k\u00f6nnen Sie einen Code anlegen, der sich nur ein einziges Mal ausf\u00fchren l\u00e4sst. Egal wo Sie gerade unterwegs sind.<\/p>\n<div class=\"nx-heading nx-heading-style-coloredline nx-heading-align-left\" style=\"font-size:14px;margin-bottom:20px\"><h6 class=\"nx-heading-inner\"><strong>Zeitlich eingeschr\u00e4nkte Codes<\/strong><\/h6><\/div>\n<p style=\"text-align: justify\">Sie vermieten Ihre vier W\u00e4nde oder haben eine Reinigungskraft, die nur Freitags ins Haus kommen soll? Dann werden Sie unsere App und die M\u00f6glichkeit von zeitlich eingeschr\u00e4nkten Codes lieben.<\/p>\n<p><b>Zeitfenster<\/b><\/p>\n<p style=\"text-align: justify\">Bei Bedarf k\u00f6nnen Sie einen Code anlegen, der nur innerhalb eines definierten Zeitfensters aktiv ist. Nach Ablauf der Zeit verliert der Code seine Wirkung.<\/p>\n<p style=\"text-align: justify\">Diese Funktion bietet sich an, wenn Sie beispielsweise Ihre Wohnung oder Ihr Haus via vermieten.<\/p>\n<p><b>Betriebszeiten<\/b><\/p>\n<p style=\"text-align: justify\">\u00d6ffnen Sie Ihre Pforten in Form von Betriebszeiten. Sie k\u00f6nnen den Code beispielsweise nur f\u00fcr Feiertage, Wochentage, w\u00e4hrend Ihres Urlaubes, &#8230; aktivieren. Au\u00dferhalb dieser Zeiten ist der Code wirkungslos.<\/p>\n<p style=\"text-align: justify\">Nutzen Sie diese Funktion, wenn Sie z.B. Ihrer Reinigungskraft nur an bestimmten Wochentagen unkompliziert Zutritt verschaffen wollen.<\/p>\n<div class=\"nx-heading nx-heading-style-underlined nx-heading-align-left\" style=\"font-size:14px;margin-bottom:20px\"><h6 class=\"nx-heading-inner\"><strong><span style=\"color: #69c350\">Zutritt per NFC<\/span><\/strong><\/h6><\/div>\n<p style=\"text-align: justify\">Sie m\u00f6chten sich keine Codes merken sondern lieber mit beispielsweise einem Schl\u00fcsselanh\u00e4nger aufsperren? Kein Problem. Der NFC Code Touch erm\u00f6glicht Ihnen mittels integriertem NFC Reader kontaktlosen, sowie hoch verschl\u00fcsselten Zutritt.<\/p>\n<div class=\"nx-heading nx-heading-style-coloredline nx-heading-align-left\" style=\"font-size:14px;margin-bottom:20px\"><h6 class=\"nx-heading-inner\"><strong>NFC Sticker<\/strong><\/h6><\/div>\n<p style=\"text-align: justify\">\u00d6ffnen Sie Tor und T\u00fcr mit dem beigelegten Loxone NFC Sticker. Weitere Sticker sind in unserem <a href=\"https:\/\/www.logic-home.de\/shop\/produkt\/nfc-smart-tags-encoded\/\">Online Shop<\/a> erh\u00e4ltlich.<\/p>\n<div class=\"nx-heading nx-heading-style-coloredline nx-heading-align-left\" style=\"font-size:14px;margin-bottom:20px\"><h6 class=\"nx-heading-inner\"><strong>NFC Anh\u00e4nger*<\/strong><\/h6><\/div>\n<p style=\"text-align: justify\">Verwenden Sie den Loxone Key Fob als Schl\u00fcsselersatz und kontaktloses Zutrittsmittel.<\/p>\n<p><i>*Der Loxone Key Fob ist in K\u00fcrze verf\u00fcgbar<\/i><br \/>\n<div class=\"nx-heading nx-heading-style-underlined nx-heading-align-left\" style=\"font-size:14px;margin-bottom:20px\"><h6 class=\"nx-heading-inner\"><strong><span style=\"color: #69c350\">Beliebige Funktionen ausl\u00f6sen<\/span><\/strong><\/h6><\/div>\n<p style=\"text-align: justify\">Sie haben mehrere Tore, die Sie mit nur einem Code \u00f6ffnen m\u00f6chten? Kein Problem. Durch die Vorselektion der gew\u00fcnschten Tornummer, gefolgt von Ihrem Code wird dies m\u00f6glich.<\/p>\n<p style=\"text-align: justify\">Der NFC Code Touch bringt eine breite Palette an Einsatzm\u00f6glichkeiten mit sich. Entscheiden Sie selbst, welche Funktionen Sie mit Ihrem Code ausl\u00f6sen m\u00f6chten.<\/p>\n<div class=\"nx-heading nx-heading-style-underlined nx-heading-align-left\" style=\"font-size:14px;margin-bottom:20px\"><h6 class=\"nx-heading-inner\"><strong><span style=\"color: #69c350\">Einzigartige Produkteigenschaften<\/span><\/strong><\/h6><\/div>\n<div class=\"nx-heading nx-heading-style-coloredline nx-heading-align-left\" style=\"font-size:14px;margin-bottom:20px\"><h6 class=\"nx-heading-inner\"><strong>Hochwertiges Glas<\/strong><\/h6><\/div>\n<p style=\"text-align: justify\">Die Bedieneroberfl\u00e4che wird aus hochwertigem, geh\u00e4rtetem Echtglas gefertigt. Eine sanfte Ber\u00fchrung reicht zur Bedienung. F\u00fcr die satinierte Optik wurde die Glasfl\u00e4che keramisch veredelt. So bleiben auch Fingerabdr\u00fccke unsichtbar. In einem aufw\u00e4ndigen mehrschichtigen Keramik-Siebdruckverfahren werden mehrere keramische Schichten aufgebracht, um die einzigartige hochwertige Optik zu erreichen. Und das alles Made in Germany.<\/p>\n<div class=\"nx-heading nx-heading-style-coloredline nx-heading-align-left\" style=\"font-size:14px;margin-bottom:20px\"><h6 class=\"nx-heading-inner\"><strong>Frei verwendbare Klingeltaste<\/strong><\/h6><\/div>\n<p style=\"text-align: justify\">Neben dem Ert\u00f6nen der Klingel k\u00f6nnen Sie die Klingeltaste mit einer beliebigen Funktion Ihrer Wahl belegen. Zum Beispiel mit der Aktivierung Ihrer Beleuchtung.<\/p>\n<div class=\"nx-heading nx-heading-style-coloredline nx-heading-align-left\" style=\"font-size:14px;margin-bottom:20px\"><h6 class=\"nx-heading-inner\"><strong>Frei definierbare Statusanzeige<\/strong><\/h6><\/div>\n<p style=\"text-align: justify\">Die integrierten LED Leuchten dienen mit den Farben Rot, Gr\u00fcn, Blau und Wei\u00df zur Anzeige von unterschiedlichen Zust\u00e4nden. Neben den Standard- Anzeigen k\u00f6nnen Sie die Leuchten frei nach Ihren W\u00fcnschen belegen.<\/p>\n<div class=\"nx-heading nx-heading-style-coloredline nx-heading-align-left\" style=\"font-size:14px;margin-bottom:20px\"><h6 class=\"nx-heading-inner\"><strong>Hintergrundbeleuchtung*<\/strong><\/h6><\/div>\n<p style=\"text-align: justify\">Um sich auch nachts problemlos Zutritt zu verschaffen, verf\u00fcgt jede Ziffer \u00fcber eine Hintergrundbeleuchtung. Diese aktiviert sich erst bei Dunkelheit. Auf Wunsch nur dann, wenn der Bewegungsmelder im Eingangsbereich eine Person registriert \u2013 neugierige Fu\u00dfg\u00e4nger werden somit nicht angezogen. <i>*bei Tree oder Nano verf\u00fcgbar<\/i><\/p>\n<div class=\"nx-heading nx-heading-style-coloredline nx-heading-align-left\" style=\"font-size:14px;margin-bottom:20px\"><h6 class=\"nx-heading-inner\"><strong>UV-best\u00e4ndig<\/strong><\/h6><\/div>\n<p style=\"text-align: justify\">Durch den Einsatz hochwertiger Materialien, wie dem UV-best\u00e4ndigen Kunststoff, angebracht hinter Echtglas, vergilbt weder die Oberfl\u00e4che, noch sind Gebrauchsspuren zu sehen. Kurz: Der NFC Code Touch wird Ihnen ewig Freude bereiten.<\/p>\n<div class=\"nx-heading nx-heading-style-coloredline nx-heading-align-left\" style=\"font-size:14px;margin-bottom:20px\"><h6 class=\"nx-heading-inner\"><strong>Spritzwasserfest<\/strong><\/h6><\/div>\n<p style=\"text-align: justify\">Egal ob Sonne, Regen oder Schnee. Der NFC Code Touch eignet sich durch seine UV- und Spritzwasserresistenz perfekt f\u00fcr den Au\u00dfeneinsatz.<\/p>\n<div class=\"nx-heading nx-heading-style-coloredline nx-heading-align-left\" style=\"font-size:14px;margin-bottom:20px\"><h6 class=\"nx-heading-inner\"><strong>Klick- Feedback<\/strong><\/h6><\/div>\n<p style=\"text-align: justify\">W\u00e4hlen Sie ganz nach Ihren W\u00fcnschen, ob der Touch bei Ber\u00fchrung ein akustisches Klick- Feedback von sich gibt.<\/p>\n<div class=\"nx-heading nx-heading-style-underlined nx-heading-align-left\" style=\"font-size:14px;margin-bottom:20px\"><h6 class=\"nx-heading-inner\"><strong><span style=\"color: #69c350\">Sicher ist sicher<\/span><\/strong><\/h6><\/div>\n<p style=\"text-align: justify\">Ihre Sicherheit liegt uns am Herzen. Daher wurde zum Thema Sicherheit einiges ber\u00fccksichtigt:<\/p>\n<div class=\"nx-heading nx-heading-style-coloredline nx-heading-align-left\" style=\"font-size:14px;margin-bottom:20px\"><h6 class=\"nx-heading-inner\"><strong>AES- Verschl\u00fcsselung<\/strong><\/h6><\/div>\n<p style=\"text-align: justify\">Die Verschl\u00fcsselung unserer NFC Sticker und unseres Key Fobs ist dem Sicherheitsstandard einer Bankomatkarte gleich.<\/p>\n<p style=\"text-align: justify\">Unverschl\u00fcsselte Zutrittsmittel k\u00f6nnen einfach und unbemerkt (z.B. in der U-Bahn) ausgelesen werden. Durch die AES- Verschl\u00fcsselung kann niemand auf Ihren Code und somit auch nicht auf Ihr Zuhause zugreifen.<\/p>\n<div class=\"nx-heading nx-heading-style-coloredline nx-heading-align-left\" style=\"font-size:14px;margin-bottom:20px\"><h6 class=\"nx-heading-inner\"><strong>Hash- Verschl\u00fcsselung<\/strong><\/h6><\/div>\n<p style=\"text-align: justify\">Ihr pers\u00f6nlicher Code wird mit hoch sicherer Hash- Verschl\u00fcsselung \u00fcbermittelt. Eine Einsicht auf Ihren Code ist somit unm\u00f6glich.<\/p>\n<div class=\"nx-heading nx-heading-style-coloredline nx-heading-align-left\" style=\"font-size:14px;margin-bottom:20px\"><h6 class=\"nx-heading-inner\"><strong>Glasoberfl\u00e4che<\/strong><\/h6><\/div>\n<p style=\"text-align: justify\">Im Gegensatz zu herk\u00f6mmlichen Zutrittsl\u00f6sungen l\u00e4sst die hochwertige Oberfl\u00e4che aus Echtglas keine Fingerabdr\u00fccke, Abnutzungen und Gebrauchsspuren aufscheinen.<\/p>\n<div class=\"nx-heading nx-heading-style-coloredline nx-heading-align-left\" style=\"font-size:14px;margin-bottom:20px\"><h6 class=\"nx-heading-inner\"><strong>Keine Chance den Dieben<\/strong><\/h6><\/div>\n<p style=\"text-align: justify\">Sollte sich jemand an Ihrem NFC Code Touch vergreifen, hat dieser keine Chance. Denn au\u00dferhalb Ihres Loxone Smart Homes ist Ihr NFC Code Touch g\u00e4nzlich ohne Funktion.<\/p>\n<div class=\"nx-heading nx-heading-style-underlined nx-heading-align-left\" style=\"font-size:14px;margin-bottom:20px\"><h6 class=\"nx-heading-inner\"><strong><span style=\"color: #69c350\">Technische Daten<\/span><\/strong><\/h6><\/div>\n<div class=\"nx-list nx-list-style-\">\n<ul>\n<li><i class=\"fa fa-plus\" style=\"color:#69c350\"><\/i> Einsatzgebiet: Nachr\u00fcstung<\/li>\n<li><i class=\"fa fa-plus\" style=\"color:#69c350\"><\/i> LED Hintergrundbeleuchtung: ja<\/li>\n<li><i class=\"fa fa-plus\" style=\"color:#69c350\"><\/i> manuell konfigurierbare LEDs: ja<\/li>\n<li><i class=\"fa fa-plus\" style=\"color:#69c350\"><\/i> NFC: ja<\/li>\n<li><i class=\"fa fa-plus\" style=\"color:#69c350\"><\/i> Aktivierung notwendig: nein<\/li>\n<li><i class=\"fa fa-plus\" style=\"color:#69c350\"><\/i> Spannungsversorgung: via Nano IO Air<\/li>\n<li><i class=\"fa fa-plus\" style=\"color:#69c350\"><\/i> Stromverbrauch: typ. 0.08W, max. 0,7W (NFC)<\/li>\n<li><i class=\"fa fa-plus\" style=\"color:#69c350\"><\/i> Schutzklasse: IP22<\/li>\n<li><i class=\"fa fa-plus\" style=\"color:#69c350\"><\/i> Umgebungstemperatur: -20\u00b0C&#8230;55\u00b0C<\/li>\n<li><i class=\"fa fa-plus\" style=\"color:#69c350\"><\/i> Relative Luftfeuchtigkeit: 95% r.H<\/li>\n<\/ul>\n<\/div>\n<div class=\"nx-heading nx-heading-style-underlined nx-heading-align-left\" style=\"font-size:14px;margin-bottom:20px\"><h6 class=\"nx-heading-inner\"><strong><span style=\"color: #69c350\">Lieferumfang<\/span><\/strong><\/h6><\/div>\n<div class=\"nx-list nx-list-style-\">\n<ul>\n<li><i class=\"fa fa-plus\" style=\"color:#69c350\"><\/i> 1x NFC Code Touch for Nano<\/li>\n<li><i class=\"fa fa-plus\" style=\"color:#69c350\"><\/i> 1x Loxone NFC Sticker<\/li>\n<\/ul>\n<\/div><div class=\"nx-spacer\" style=\"height:20px\"><\/div>\n","protected":false},"excerpt":{"rendered":"<p><\/br>Die perfekte Zutrittsl\u00f6sung. Der NFC Code Touch bietet Ihnen die perfekte L\u00f6sung f\u00fcr T\u00fcr, Tor und Alarm. Und das bei modernstem Design.<br \/>\n[nx_list icon=\"icon: check\" icon_color=\"#69c350\"]<\/p>\n<ul>\n<li>modernes, zeitloses Design<\/li>\n<li>Zutritt \u00fcber beliebige Codes f\u00fcr jedes Familienmitglied<\/li>\n<li>Zutritt per NFC<\/li>\n<li>Vergabe von zeitlich eingeschr\u00e4nkten Codes sowie Einmalcodes<\/li>\n<li>beliebige Funktionen ausl\u00f6sen (z.B. Torauswahl)<\/li>\n<li>volle App Unterst\u00fctzung<\/li>\n<li>hochwertiger, witterungsbest\u00e4ndiger Aufbau<\/li>\n<li>einfache Installation und Inbetriebnahme<\/li>\n<\/ul>\n<p>[\/nx_list]<\/p>\n","protected":false},"featured_media":1657,"comment_status":"open","ping_status":"closed","template":"","meta":[],"product_cat":[57,62,40,52],"product_tag":[74,217,65,216,192,135],"_links":{"self":[{"href":"https:\/\/www.logic-home.de\/shop\/wp-json\/wp\/v2\/product\/1667"}],"collection":[{"href":"https:\/\/www.logic-home.de\/shop\/wp-json\/wp\/v2\/product"}],"about":[{"href":"https:\/\/www.logic-home.de\/shop\/wp-json\/wp\/v2\/types\/product"}],"replies":[{"embeddable":true,"href":"https:\/\/www.logic-home.de\/shop\/wp-json\/wp\/v2\/comments?post=1667"}],"wp:featuredmedia":[{"embeddable":true,"href":"https:\/\/www.logic-home.de\/shop\/wp-json\/wp\/v2\/media\/1657"}],"wp:attachment":[{"href":"https:\/\/www.logic-home.de\/shop\/wp-json\/wp\/v2\/media?parent=1667"}],"wp:term":[{"taxonomy":"product_cat","embeddable":true,"href":"https:\/\/www.logic-home.de\/shop\/wp-json\/wp\/v2\/product_cat?post=1667"},{"taxonomy":"product_tag","embeddable":true,"href":"https:\/\/www.logic-home.de\/shop\/wp-json\/wp\/v2\/product_tag?post=1667"}],"curies":[{"name":"wp","href":"https:\/\/api.w.org\/{rel}","templated":true}]}}