{"id":1647,"date":"2017-11-20T00:00:37","date_gmt":"2017-11-19T23:00:37","guid":{"rendered":"https:\/\/www.logic-home.de\/shop\/?post_type=product&#038;p=1647"},"modified":"2021-08-03T09:44:52","modified_gmt":"2021-08-03T07:44:52","slug":"touch-surface-air-steckernetzteil","status":"publish","type":"product","link":"https:\/\/www.logic-home.de\/shop\/produkt\/touch-surface-air-steckernetzteil\/","title":{"rendered":"Steckernetzteil f\u00fcr Touch Surface Air"},"content":{"rendered":"<div class=\"nx-spacer\" style=\"height:15px\"><\/div>\n<p style=\"text-align: justify\">\u00dcber das 24V Steckernetzteil kann der Touch Surface ganz einfach mit Spannung versorgt werden. Das Netzteil verf\u00fcgt \u00fcber ein 180cm langes Kabel und wird an einer 230V Steckdose betrieben.<\/p>\n<div class=\"nx-heading nx-heading-style-underlined nx-heading-align-left\" style=\"font-size:14px;margin-bottom:20px\"><h6 class=\"nx-heading-inner\"><strong><span style=\"color: #69c350\">Technische Daten<\/span><\/strong><\/h6><\/div>\n<div class=\"nx-list nx-list-style-\">\n<ul>\n<li><i class=\"fa fa-plus\" style=\"color:#69c350\"><\/i> Eingangsspannung: 90&#8230;264VAC<\/li>\n<li><i class=\"fa fa-plus\" style=\"color:#69c350\"><\/i> Ausgangsspannung: 24VDC<\/li>\n<li><i class=\"fa fa-plus\" style=\"color:#69c350\"><\/i> Kabell\u00e4nge: 180cm<\/li>\n<li><i class=\"fa fa-plus\" style=\"color:#69c350\"><\/i> DC-Stecker: 1.35&#215;3.5mm<\/li>\n<li><i class=\"fa fa-plus\" style=\"color:#69c350\"><\/i> L\u00e4nderstecker inkludiert: EU, US, UK, AU<\/li>\n<\/ul>\n<\/div>\n<div class=\"nx-heading nx-heading-style-underlined nx-heading-align-left\" style=\"font-size:14px;margin-bottom:20px\"><h6 class=\"nx-heading-inner\"><strong><span style=\"color: #69c350\">Lieferumfang<\/span><\/strong><\/h6><\/div>\n<div class=\"nx-list nx-list-style-\">\n<ul>\n<li><i class=\"fa fa-plus\" style=\"color:#69c350\"><\/i> 1x Netzteil<\/li>\n<li><i class=\"fa fa-plus\" style=\"color:#69c350\"><\/i> 1x L\u00e4nderstecker EU, US, UK, AU<\/li>\n<\/ul>\n<\/div>\n","protected":false},"excerpt":{"rendered":"<p><\/br>\u00dcber das 24V Steckernetzteil kann der Touch Surface ganz einfach mit Spannung versorgt werden. Das Netzteil verf\u00fcgt \u00fcber ein 180cm langes Kabel und wird an einer 230V Steckdose betrieben.<br \/>\n[nx_list icon=\"icon: check\" icon_color=\"#69c350\"]<\/p>\n<ul>\n<li>Netzteil f\u00fcr Touch Surface Air (Plug in and go)<\/li>\n<li>Weitbereichseingang: 90&#8230;264VAC<\/li>\n<li>Kontinuierlicher Kurzschlussschutz<\/li>\n<li>\u00dcberspannungsschutz<\/li>\n<li>Kabell\u00e4nge 180cm<\/li>\n<li>Energieverbrauch: <75mW<\/li>\n<li>L\u00e4nderadapter (EU, US, UK, AU)<\/li>\n<\/ul>\n<p>[\/nx_list]<\/p>\n","protected":false},"featured_media":1645,"comment_status":"open","ping_status":"closed","template":"","meta":[],"product_cat":[48,57,53,52],"product_tag":[79,64,150,215],"_links":{"self":[{"href":"https:\/\/www.logic-home.de\/shop\/wp-json\/wp\/v2\/product\/1647"}],"collection":[{"href":"https:\/\/www.logic-home.de\/shop\/wp-json\/wp\/v2\/product"}],"about":[{"href":"https:\/\/www.logic-home.de\/shop\/wp-json\/wp\/v2\/types\/product"}],"replies":[{"embeddable":true,"href":"https:\/\/www.logic-home.de\/shop\/wp-json\/wp\/v2\/comments?post=1647"}],"wp:featuredmedia":[{"embeddable":true,"href":"https:\/\/www.logic-home.de\/shop\/wp-json\/wp\/v2\/media\/1645"}],"wp:attachment":[{"href":"https:\/\/www.logic-home.de\/shop\/wp-json\/wp\/v2\/media?parent=1647"}],"wp:term":[{"taxonomy":"product_cat","embeddable":true,"href":"https:\/\/www.logic-home.de\/shop\/wp-json\/wp\/v2\/product_cat?post=1647"},{"taxonomy":"product_tag","embeddable":true,"href":"https:\/\/www.logic-home.de\/shop\/wp-json\/wp\/v2\/product_tag?post=1647"}],"curies":[{"name":"wp","href":"https:\/\/api.w.org\/{rel}","templated":true}]}}