{"id":1619,"date":"2017-01-01T00:00:37","date_gmt":"2016-12-31T23:00:37","guid":{"rendered":"https:\/\/www.logic-home.de\/shop\/?post_type=product&#038;p=1619"},"modified":"2021-08-03T14:11:12","modified_gmt":"2021-08-03T12:11:12","slug":"led-aufbauspot-ww-pwm","status":"publish","type":"product","link":"https:\/\/www.logic-home.de\/shop\/produkt\/led-aufbauspot-ww-pwm\/","title":{"rendered":"LED Aufbauspot WW"},"content":{"rendered":"<div class=\"nx-spacer\" style=\"height:15px\"><\/div>\n<div class=\"nx-heading nx-heading-style-underlined nx-heading-align-left\" style=\"font-size:14px;margin-bottom:20px\"><h6 class=\"nx-heading-inner\"><strong><span style=\"color: #69c350\">Exzellentes warmwei\u00dfes Licht, voll dimmbar<\/span><\/strong><\/h6><\/div>\n<p style=\"text-align: justify\">Setzen Sie Ihre Wohlf\u00fchlzone mithilfe der Loxone Spots in exzellentes Licht. Immer das richtige Licht, individuell angepasst auf Ihre Bed\u00fcrfnisse.<\/p>\n<div class=\"nx-heading nx-heading-style-underlined nx-heading-align-left\" style=\"font-size:14px;margin-bottom:20px\"><h6 class=\"nx-heading-inner\"><strong><span style=\"color: #69c350\">Maximale Energieeffizienz<\/span><\/strong><\/h6><\/div>\n<p style=\"text-align: justify\">Mit den LED Spots WW erstrahlen R\u00e4ume in warmwei\u00dfen Lichtton . Dank der hohen Farbtemperatur von 3.000 Kelvin sorgen die LED Spots f\u00fcr angenehmes Wohlf\u00fchlambiente. Und ganz nebenbei wird dank h\u00f6chster Energieeffizienzklasse A   Energie gespart und die Umwelt geschont.<\/p>\n<div class=\"nx-list nx-list-style-\">\n<ul>\n<li><i class=\"fa fa-check\" style=\"color:#69c350\"><\/i> <b>3.000K<\/b> f\u00fcr perfektes warmwei\u00dfes Licht<\/li>\n<li><i class=\"fa fa-check\" style=\"color:#69c350\"><\/i> <b>A++<\/b> h\u00f6chste Energieeffizienz<\/li>\n<li><i class=\"fa fa-check\" style=\"color:#69c350\"><\/i> <b>25.000<\/b> Betriebsstunden f\u00fcr eine hohe Lebensdauer<\/li>\n<\/ul>\n<\/div>\n<div class=\"nx-heading nx-heading-style-underlined nx-heading-align-left\" style=\"font-size:14px;margin-bottom:20px\"><h6 class=\"nx-heading-inner\"><strong><span style=\"color: #69c350\">Ein Klips und sitzt &#8211; Magnet Mount<\/span><\/strong><\/h6><\/div>\n<p style=\"text-align: justify\">Montieren Sie den LED Spot einfach und schnell an Decke oder Wand. Dank der beiden Befestigungsmagneten sitzt der Spot sicher und fest \u2013 ganz ohne sichtbare Schrauben.<\/p>\n<div class=\"nx-heading nx-heading-style-underlined nx-heading-align-left\" style=\"font-size:14px;margin-bottom:20px\"><h6 class=\"nx-heading-inner\"><strong><span style=\"color: #69c350\">H\u00f6chste Qualit\u00e4t &#8211; aus Loxone Hand<\/span><\/strong><\/h6><\/div>\n<p style=\"text-align: justify\">Loxone hat alles daran gesetzt einen Spot zu entwickeln, welcher ein zeitloses Design und neueste LED Technologie verbindet. Bestes W\u00e4rmemanagement sorgt f\u00fcr eine sehr lange Lebensdauer. Das einfache und innovative Montagesystem setzt Ma\u00dfst\u00e4be in der Installation. Beleuchtung auf h\u00f6chstem Niveau \u2013 LED Leuchtmittel desinged by Loxone \u2013 der eigens entwickelte LED Spot von Loxone.<\/p>\n<div class=\"nx-list nx-list-style-\">\n<ul>\n<li><i class=\"fa fa-check\" style=\"color:#69c350\"><\/i> <b>Hochwertige Marken-LEDs<\/b><\/li>\n<li><i class=\"fa fa-check\" style=\"color:#69c350\"><\/i> <b>Ausgekl\u00fcgelter Aluminium K\u00fchlk\u00f6rper<\/b> zur optimalen, passiven Oberfl\u00e4chenk\u00fchlung<\/li>\n<li><i class=\"fa fa-check\" style=\"color:#69c350\"><\/i> <b>Hohe Lebensdauer<\/b> mit bis zu 25.000 Betriebsstunden. Das entspricht einer Lebensdauer von etwa 25 Jahren (bei der Annahme von 2,7h eingeschaltenem Licht \/ Tag)<\/li>\n<li><i class=\"fa fa-check\" style=\"color:#69c350\"><\/i> <b>Acrylglas-Linse<\/b> f\u00fcr perfekte Lichtausrichtung und optimalen Lichtkegel<\/li>\n<li><i class=\"fa fa-check\" style=\"color:#69c350\"><\/i> <b>Befestigungsmagneten<\/b> f\u00fcr eine einfache und schnelle Montage<\/li>\n<li><i class=\"fa fa-check\" style=\"color:#69c350\"><\/i> <b>Langlebige Oberfl\u00e4chenlackierung<\/b><\/li>\n<li><i class=\"fa fa-check\" style=\"color:#69c350\"><\/i> <b>Montagefertig verpackt<\/b> inkl. Qualit\u00e4tsklemmen<\/li>\n<\/ul>\n<\/div>\n<div class=\"nx-heading nx-heading-style-underlined nx-heading-align-left\" style=\"font-size:14px;margin-bottom:20px\"><h6 class=\"nx-heading-inner\"><strong><span style=\"color: #69c350\">Perfektes Licht war noch nie so einfach<\/span><\/strong><\/h6><\/div>\n<p style=\"text-align: justify\">Die LED Spots passen dank dem schlichten und eleganten Design zu jedem Einrichtungsstil. Dank hoher Lichtausbeute, reichen wenige Leuchten f\u00fcr gleichm\u00e4\u00dfiges Licht auch in gro\u00dfen R\u00e4umen. Je nach Gr\u00f6\u00dfe des Raumes ben\u00f6tigen Sie eine unterschiedliche Anzahl von LED Spots.<\/p>\n<div class=\"nx-heading nx-heading-style-underlined nx-heading-align-left\" style=\"font-size:14px;margin-bottom:20px\"><h6 class=\"nx-heading-inner\"><strong><span style=\"color: #69c350\">LED Aufbauspot WW PWM<\/span><\/strong><\/h6><\/div>\n<p style=\"text-align: justify\">Die LED Spots WW passen perfekt zu unseren beiden Dimmern RGBW Dimmern Air\/Tree. Der RGBW Dimmer sitzt in der Verteilung und es k\u00f6nnen 20 Warmwei\u00df Aufbauspots (5 je Kanal) angeschlossen werden.<\/p>\n<div class=\"nx-heading nx-heading-style-underlined nx-heading-align-left\" style=\"font-size:14px;margin-bottom:20px\"><h6 class=\"nx-heading-inner\"><strong><span style=\"color: #69c350\">Technische Daten<\/span><\/strong><\/h6><\/div>\n<div class=\"nx-list nx-list-style-\">\n<ul>\n<li><i class=\"fa fa-plus\" style=\"color:#69c350\"><\/i> Farbtemperatur: Warmwei\u00df 3000 Kelvin<\/li>\n<li><i class=\"fa fa-plus\" style=\"color:#69c350\"><\/i> Farbwiedergabeindex CRI: Ra 80 (Typ. 82)<\/li>\n<li><i class=\"fa fa-plus\" style=\"color:#69c350\"><\/i> Energieeffizienzklasse: A  <\/li>\n<li><i class=\"fa fa-plus\" style=\"color:#69c350\"><\/i> Lichtausbeute: 804 Lumen<\/li>\n<li><i class=\"fa fa-plus\" style=\"color:#69c350\"><\/i> Dimmbarkeit 10&#8230;100%<\/li>\n<li><i class=\"fa fa-plus\" style=\"color:#69c350\"><\/i> Leistung: max. 9,4W<\/li>\n<li><i class=\"fa fa-plus\" style=\"color:#69c350\"><\/i> Stromversorgung 24VDC (-10%&#8230; 5%)<\/li>\n<li><i class=\"fa fa-plus\" style=\"color:#69c350\"><\/i> Verpolungsschutz: ja<\/li>\n<li><i class=\"fa fa-plus\" style=\"color:#69c350\"><\/i> Flexibel: nein (verkabelt)\n<li><i class=\"fa fa-plus\" style=\"color:#69c350\"><\/i> Gruppierbar: nein (Hardware)\n<li><i class=\"fa fa-plus\" style=\"color:#69c350\"><\/i> Umgebungstemperatur: 0\u00b0C&#8230;50\u00b0C<\/li>\n<li><i class=\"fa fa-plus\" style=\"color:#69c350\"><\/i> Oberfl\u00e4chentemperatur: 60\u00b0C (bei Zimmertemperatur)<\/li>\n<li><i class=\"fa fa-plus\" style=\"color:#69c350\"><\/i> Relative Luftfeuchtigkeit: 95% r.H.<\/li>\n<li><i class=\"fa fa-plus\" style=\"color:#69c350\"><\/i> Abstrahlwinkel: 60\u00b0<\/li>\n<li><i class=\"fa fa-plus\" style=\"color:#69c350\"><\/i> Abmessungen: D= 80mm H= 60mm<\/li>\n<li><i class=\"fa fa-plus\" style=\"color:#69c350\"><\/i> Schutzklasse: IP20<\/li>\n<li><i class=\"fa fa-plus\" style=\"color:#69c350\"><\/i> Verdrahtung: RGBW Dimmer Tree\/Air<\/li>\n<\/ul>\n<\/div>\n<b>Anmerkungen:<\/b><\/p>\n<p style=\"text-align: justify\">Betrieb nur mit SELV Schutzkleinspannungsger\u00e4ten<br \/>\nZur Montage in oder auf normal entflammbaren Oberfl\u00e4chen geeignete Leuchte. Leuchte darf nicht mit W\u00e4rmed\u00e4mmung bedeckt werden.<\/p>\n<div class=\"nx-heading nx-heading-style-underlined nx-heading-align-left\" style=\"font-size:14px;margin-bottom:20px\"><h6 class=\"nx-heading-inner\"><strong><span style=\"color: #69c350\">Lieferumfang<\/span><\/strong><\/h6><\/div>\n<div class=\"nx-list nx-list-style-\">\n<ul>\n<li><i class=\"fa fa-plus\" style=\"color:#69c350\"><\/i> 1x LED Aufbauspot WW<\/li>\n<li><i class=\"fa fa-plus\" style=\"color:#69c350\"><\/i> 1x Befestigungsschrauben<\/li>\n<\/ul>\n<\/div><div class=\"nx-spacer\" style=\"height:20px\"><\/div>\n","protected":false},"excerpt":{"rendered":"<p><\/br>Setzen Sie Ihr Loxone Smart Home mit perfektem Licht in Szene! Der Loxone LED Aufbauspot WW vereint perfektes Licht, maximale Energieeffizienz, h\u00f6chste Qualit\u00e4t und einfache Montage in einem.<br \/>\n[nx_list icon=\"icon: check\" icon_color=\"#69c350\"]<\/p>\n<ul>\n<li>moderne LED Aufbauspots f\u00fcr Decken oder W\u00e4nde<\/li>\n<li>100% abgestimmt auf Ihr Loxone Smart Home<\/li>\n<li>f\u00fcr perfektes warmwei\u00dfes Licht (3.000 Kelvin)<\/li>\n<li>h\u00f6chste Energieeffizienzklasse A   mit max. 9,4W Leistung<\/li>\n<li>hohe Lebensdauer von etwa 25.000 Betriebsstunden<\/li>\n<\/ul>\n<p>[\/nx_list]<\/p>\n","protected":false},"featured_media":865,"comment_status":"open","ping_status":"closed","template":"","meta":[],"product_cat":[42],"product_tag":[68,92,93,94],"_links":{"self":[{"href":"https:\/\/www.logic-home.de\/shop\/wp-json\/wp\/v2\/product\/1619"}],"collection":[{"href":"https:\/\/www.logic-home.de\/shop\/wp-json\/wp\/v2\/product"}],"about":[{"href":"https:\/\/www.logic-home.de\/shop\/wp-json\/wp\/v2\/types\/product"}],"replies":[{"embeddable":true,"href":"https:\/\/www.logic-home.de\/shop\/wp-json\/wp\/v2\/comments?post=1619"}],"wp:featuredmedia":[{"embeddable":true,"href":"https:\/\/www.logic-home.de\/shop\/wp-json\/wp\/v2\/media\/865"}],"wp:attachment":[{"href":"https:\/\/www.logic-home.de\/shop\/wp-json\/wp\/v2\/media?parent=1619"}],"wp:term":[{"taxonomy":"product_cat","embeddable":true,"href":"https:\/\/www.logic-home.de\/shop\/wp-json\/wp\/v2\/product_cat?post=1619"},{"taxonomy":"product_tag","embeddable":true,"href":"https:\/\/www.logic-home.de\/shop\/wp-json\/wp\/v2\/product_tag?post=1619"}],"curies":[{"name":"wp","href":"https:\/\/api.w.org\/{rel}","templated":true}]}}