{"id":1584,"date":"2017-10-18T00:00:20","date_gmt":"2017-10-17T22:00:20","guid":{"rendered":"https:\/\/www.logic-home.de\/shop\/?post_type=product&#038;p=1584"},"modified":"2021-08-03T09:44:57","modified_gmt":"2021-08-03T07:44:57","slug":"led-pendulum-slim","status":"publish","type":"product","link":"https:\/\/www.logic-home.de\/shop\/produkt\/led-pendulum-slim\/","title":{"rendered":"LED Pendulum Slim"},"content":{"rendered":"<div class=\"nx-spacer\" style=\"height:15px\"><\/div>\n<div class=\"nx-heading nx-heading-style-underlined nx-heading-align-left\" style=\"font-size:14px;margin-bottom:20px\"><h6 class=\"nx-heading-inner\"><strong><span style=\"color: #69c350\">Einzigartige Lichtcharakteristik<\/span><\/strong><\/h6><\/div>\n<p style=\"text-align: justify\">Die Pendelleuchte besticht neben stilistischen Flair mit einzigartiger Lichtcharakteristik:<\/p>\n<div class=\"nx-heading nx-heading-style-coloredline nx-heading-align-left\" style=\"font-size:14px;margin-bottom:20px\"><h6 class=\"nx-heading-inner\"><strong>Diffuses, weiches Farblicht<\/strong><\/h6><\/div>\n<p style=\"text-align: justify\">Diffuses Licht sorgt f\u00fcr eine angenehme wie dezente Lichtstimmung und blendet nicht. Die Pendelleuchte l\u00e4sst Sie dabei aus Millionen von Farben ausw\u00e4hlen.<\/p>\n<div class=\"nx-heading nx-heading-style-coloredline nx-heading-align-left\" style=\"font-size:14px;margin-bottom:20px\"><h6 class=\"nx-heading-inner\"><strong>Gerichtetes, fokussiertes  wei\u00dfes Licht<\/strong><\/h6><\/div>\n<p style=\"text-align: justify\">Mit gerichteten bzw. geb\u00fcndelten Licht erreichen Sie sowohl eine Strukturierung als auch Fokussierung auf einzelne Bereiche. Setzen Sie so Objekte stilsicher in Szene.<\/p>\n<div class=\"nx-heading nx-heading-style-underlined nx-heading-align-left\" style=\"font-size:14px;margin-bottom:20px\"><h6 class=\"nx-heading-inner\"><strong><span style=\"color: #69c350\">Revolution\u00e4re Lichtarchitektur<\/span><\/strong><\/h6><\/div>\n<p style=\"text-align: justify\">Die revolution\u00e4re Lichtarchitektur, entwickelt von Loxone, vereint gerichtetes Licht und diffuses Farblicht in einem einzigen Lichtk\u00f6rper und schenkt Ihnen so unendlich viele Einsatzm\u00f6glichkeiten.<\/p>\n<p><b>Farbe<\/b> LED&#8217;s + Diffusor<br \/>\n<b>Warmwei\u00df<\/b> LED + Linse<\/p>\n<div class=\"nx-heading nx-heading-style-underlined nx-heading-align-left\" style=\"font-size:14px;margin-bottom:20px\"><h6 class=\"nx-heading-inner\"><strong><span style=\"color: #69c350\">Dekoratives Unikat aus erlesenen Materialien<\/span><\/strong><\/h6><\/div>\n<div class=\"nx-heading nx-heading-style-coloredline nx-heading-align-left\" style=\"font-size:14px;margin-bottom:20px\"><h6 class=\"nx-heading-inner\"><strong>Hochwertiges Kabel mit Stoffummantelung<\/strong><\/h6><\/div>\n<p style=\"text-align: justify\">Das von Stoff ummantelte Kabel verleiht Ihrem Smart Home einen noch edleren, modernen Touch. Mit einer L\u00e4nge von 2m kann die H\u00f6he der Leuchte individuell und ganz nach Ihren W\u00fcnschen angepasst werden.<\/p>\n<div class=\"nx-heading nx-heading-style-coloredline nx-heading-align-left\" style=\"font-size:14px;margin-bottom:20px\"><h6 class=\"nx-heading-inner\"><strong>Pulverbeschichteter Leuchtk\u00f6rper<\/strong><\/h6><\/div>\n<p style=\"text-align: justify\">Das Geh\u00e4use aus Aluminium bildet in Kombination mit zarter Pulverbeschichtung den hochwertigen wie edlen Leuchtk\u00f6rper der Pendelleuchte.<\/p>\n<p style=\"text-align: justify\">Erh\u00e4ltlich in den Farben wei\u00df und anthrazit ist die Pendelleuchte \u00fcberall ein wahrer Blickfang.<\/p>\n<div class=\"nx-heading nx-heading-style-coloredline nx-heading-align-left\" style=\"font-size:14px;margin-bottom:20px\"><h6 class=\"nx-heading-inner\"><strong>Hochwertiger Diffusor aus Glas<\/strong><\/h6><\/div>\n<p style=\"text-align: justify\">Der aus hochwertigem Glas hergestellte Diffusor sorgt f\u00fcr eine angenehme Streuung Ihres Farblichtes. Bestes Wohlf\u00fchlambiente garantiert.<\/p>\n<div class=\"nx-heading nx-heading-style-underlined nx-heading-align-left\" style=\"font-size:14px;margin-bottom:20px\"><h6 class=\"nx-heading-inner\"><strong><span style=\"color: #69c350\">F\u00fcgt sich Ihrem Loxone Smart Home \u2013 zu 100%<\/span><\/strong><\/h6><\/div>\n<p style=\"text-align: justify\">Wie ein Puzzleteil, f\u00fcgt sich die Pendelleuchte problemlos Ihrem Loxone Smart Home. Durch die sorgf\u00e4ltige Herstellung im Kompetenzzentrum f\u00fcr Beleuchtung ist eine 100%-ige Kompatibilit\u00e4t im Loxone Smart Home garantiert.<\/p>\n<div class=\"nx-heading nx-heading-style-coloredline nx-heading-align-left\" style=\"font-size:14px;margin-bottom:20px\"><h6 class=\"nx-heading-inner\"><strong>Funktioniert perfekt mit Loxone RGBW Dimmer Tree\/Air<\/strong><\/h6><\/div>\n<p style=\"text-align: justify\">Der RGBW-Dimmer Tree\/Air ist speziell f\u00fcr unsere Beleuchtungsprodukte entwickelt worden. Durch den Einsatz des RGBW-Dimmers von Loxone garantieren wir eine 100% reibungslose Integration in Ihr Loxone Smart Home.<\/p>\n<div class=\"nx-heading nx-heading-style-coloredline nx-heading-align-left\" style=\"font-size:14px;margin-bottom:20px\"><h6 class=\"nx-heading-inner\"><strong>Sanftes, weiches Dimmen<\/strong><\/h6><\/div>\n<p style=\"text-align: justify\">Durch den Einsatz der neuen Pendulum Slim in Verbindung mit dem passenden Loxone RGBW Dimmer Tree\/Air erzielen Sie ein weiches, sanftes Dimmverhalten gegen\u00fcber konventionellen Dimmarten.<\/p>\n<p>Konventionelles Dimmverhalten (DMX): 8 Bit 256 Stufen<br \/>\nLoxone RGBW Dimmer Tree\/Air: 16 Bit 65536 Stufen*<\/p>\n<p><i>*Voraussetzung mindestens Loxone Config Version 9 + Loxone RGBW Dimmer Tree\/Air + Verwendung von Smart Aktoren in der Lichtsteuerung V2.<\/i><br \/>\n<div class=\"nx-heading nx-heading-style-coloredline nx-heading-align-left\" style=\"font-size:14px;margin-bottom:20px\"><h6 class=\"nx-heading-inner\"><strong>Inbetriebnahme in Rekordzeit<\/strong><\/h6><\/div>\n<p style=\"text-align: justify\">Die Loxone LED Pendulum Slim ist innerhalb weniger Handgriffe installiert. Dank der im Lieferumfang enthaltenen Qualit\u00e4tsklemmen sowie Montagematerial ist die Installation in wenigen Sekunden erledigt. Die mitgelieferten Handschuhe schonen stets die edle Oberfl\u00e4che der Pendulum Slim und vermeiden l\u00e4stige Fingerabdr\u00fccke.<\/p>\n<div class=\"nx-heading nx-heading-style-underlined nx-heading-align-left\" style=\"font-size:14px;margin-bottom:20px\"><h6 class=\"nx-heading-inner\"><strong><span style=\"color: #69c350\">Perfektes Licht war noch nie so einfach<\/span><\/strong><\/h6><\/div>\n<p style=\"text-align: justify\">Die LED Pendulum Slim passt Dank dem schlichten und eleganten Design zu jedem Einrichtungsstil. Durch die hohe Lichtausbeute, reichen wenige Leuchten f\u00fcr ein gleichm\u00e4\u00dfiges Licht. Je nach Gr\u00f6\u00dfe der zu beleuchtenden Fl\u00e4che ergibt sich eine unterschiedliche Anzahl von Leuchten. Zu beachten ist beispielsweise der Abstand von Leuchte zu Leuchte, sowie der Abstand von Leuchte zu Tisch.<\/p>\n<p style=\"text-align: justify\">Der empfohlene Abstand von Tisch zu Leuchte betr\u00e4gt 70cm. Hierbei ergibt sich ein Abstand von Leuchte zu Leuchte von 60cm.<\/p>\n<div class=\"nx-heading nx-heading-style-coloredline nx-heading-align-left\" style=\"font-size:14px;margin-bottom:20px\"><h6 class=\"nx-heading-inner\"><strong>Hohe Lichteffizienz<\/strong><\/h6><\/div>\n<p style=\"text-align: justify\">Mit der LED Pendulum Slim erstrahlen R\u00e4ume ganz nach Ihrem Wunsch in verschiedenen Lichtt\u00f6nen und schaffen dadurch angenehmes Wohlf\u00fchlambiente. Dank separaten Kan\u00e4len f\u00fcr Rot, Gr\u00fcn, Blau und Warmwei\u00df treffen Sie mit jeder Farblicht-Wahl ins Schwarze. Ganz nebenbei schonen Sie Ihre Stromrechnung und Umwelt.<\/p>\n<p><b>A++<\/b> hohe Energieeffizienz<br \/>\n<b>3.000K<\/b> f\u00fcr perfektes warmwei\u00dfes Licht<br \/>\n<b>Mio. Farben<\/b> f\u00fcr eindrucksvolle Effektbeleuchtung<br \/>\n<b>25.000<\/b> Betriebsstunden f\u00fcr hohe Lebensdauer<\/p>\n<div class=\"nx-heading nx-heading-style-underlined nx-heading-align-left\" style=\"font-size:14px;margin-bottom:20px\"><h6 class=\"nx-heading-inner\"><strong><span style=\"color: #69c350\">Technische Daten<\/span><\/strong><\/h6><\/div>\n<div class=\"nx-list nx-list-style-\">\n<ul>\n<li><i class=\"fa fa-plus\" style=\"color:#69c350\"><\/i> Farbtemperatur: RGBW, Warmwei\u00df: 3000 Kelvin<\/li>\n<li><i class=\"fa fa-plus\" style=\"color:#69c350\"><\/i> Energieeffizienzklasse: A++<\/li>\n<li><i class=\"fa fa-plus\" style=\"color:#69c350\"><\/i> Lichtausbeute: 975lm typ.<\/li>\n<li><i class=\"fa fa-plus\" style=\"color:#69c350\"><\/i> Dimmbarkeit: 1&#8230;100% PWM<\/li>\n<li><i class=\"fa fa-plus\" style=\"color:#69c350\"><\/i> PWM Signal: 125&#8230;500Hz<\/li>\n<li><i class=\"fa fa-plus\" style=\"color:#69c350\"><\/i> Abstrahlwinkel: 30\u00b0<\/li>\n<li><i class=\"fa fa-plus\" style=\"color:#69c350\"><\/i> Kabell\u00e4nge: 2m<\/li>\n<li><i class=\"fa fa-plus\" style=\"color:#69c350\"><\/i> Spannungsversorgung: 24VDC SELV (-10%&#8230;+5%)<\/li>\n<li><i class=\"fa fa-plus\" style=\"color:#69c350\"><\/i> Leistung: Rot: 1,5W, Gr\u00fcn: 4,8W, Blau: 1W, WW: 12W<\/li>\n<li><i class=\"fa fa-plus\" style=\"color:#69c350\"><\/i> Umgebungstemperatur: 0\u00b0C&#8230;55\u00b0C<\/li>\n<li><i class=\"fa fa-plus\" style=\"color:#69c350\"><\/i> Schutzklasse: IP20<\/li>\n<li><i class=\"fa fa-plus\" style=\"color:#69c350\"><\/i> Farbwiedergabeindex CRI: Ra 80 (Typ. 82)<\/li>\n<li><i class=\"fa fa-plus\" style=\"color:#69c350\"><\/i> Oberfl\u00e4chentemperatur: <45\u00b0C bei Zimmertemperatur (Ta 25\u00b0C)<\/li>\n<li><i class=\"fa fa-plus\" style=\"color:#69c350\"><\/i> Relative Luftfeuchtigkeit: 95% r.H<\/li>\n<li><i class=\"fa fa-plus\" style=\"color:#69c350\"><\/i> Lichtplanung: Eulum Daten<\/li>\n<\/ul>\n<\/div>\n<div class=\"nx-heading nx-heading-style-underlined nx-heading-align-left\" style=\"font-size:14px;margin-bottom:20px\"><h6 class=\"nx-heading-inner\"><strong><span style=\"color: #69c350\">Lieferumfang<\/span><\/strong><\/h6><\/div>\n<div class=\"nx-list nx-list-style-\">\n<ul>\n<li><i class=\"fa fa-plus\" style=\"color:#69c350\"><\/i> 1x LED Pendulum Slim<\/li>\n<li><i class=\"fa fa-plus\" style=\"color:#69c350\"><\/i> 1x Stoffummanteltes Kabel 2m<\/li>\n<li><i class=\"fa fa-plus\" style=\"color:#69c350\"><\/i> 5x WAGO Klemmen<\/li>\n<li><i class=\"fa fa-plus\" style=\"color:#69c350\"><\/i> 2x D\u00fcbel\/Schrauben<\/li>\n<li><i class=\"fa fa-plus\" style=\"color:#69c350\"><\/i> 2x Stoffhandschuhe<\/li>\n<\/ul>\n<\/div><div class=\"nx-spacer\" style=\"height:20px\"><\/div>\n","protected":false},"excerpt":{"rendered":"<p><\/br>Ein unvergessliches Lichterlebnis f\u00fcr jede Lebenssituation &#8211; m\u00f6glich macht das die LED Pendulum Slim von Loxone. Die ausgekl\u00fcgelte Lichtarchitektur und das edle Design machen diese Leuchte einzigartig.<br \/>\n[nx_list icon=\"icon: check\" icon_color=\"#69c350\"]<\/p>\n<ul>\n<li>zeitloses, edles Design<\/li>\n<li>einzigartige Lichtarchitektur<\/li>\n<li>flexible Einsatzm\u00f6glichkeiten<\/li>\n<li>sanftes Dimmverhalten<\/li>\n<li>Inbetriebnahme in Rekordzeit<\/li>\n<\/ul>\n<p>[\/nx_list]<\/p>\n","protected":false},"featured_media":1587,"comment_status":"open","ping_status":"closed","template":"","meta":[],"product_cat":[42],"product_tag":[79,68,92,80,93,94],"_links":{"self":[{"href":"https:\/\/www.logic-home.de\/shop\/wp-json\/wp\/v2\/product\/1584"}],"collection":[{"href":"https:\/\/www.logic-home.de\/shop\/wp-json\/wp\/v2\/product"}],"about":[{"href":"https:\/\/www.logic-home.de\/shop\/wp-json\/wp\/v2\/types\/product"}],"replies":[{"embeddable":true,"href":"https:\/\/www.logic-home.de\/shop\/wp-json\/wp\/v2\/comments?post=1584"}],"wp:featuredmedia":[{"embeddable":true,"href":"https:\/\/www.logic-home.de\/shop\/wp-json\/wp\/v2\/media\/1587"}],"wp:attachment":[{"href":"https:\/\/www.logic-home.de\/shop\/wp-json\/wp\/v2\/media?parent=1584"}],"wp:term":[{"taxonomy":"product_cat","embeddable":true,"href":"https:\/\/www.logic-home.de\/shop\/wp-json\/wp\/v2\/product_cat?post=1584"},{"taxonomy":"product_tag","embeddable":true,"href":"https:\/\/www.logic-home.de\/shop\/wp-json\/wp\/v2\/product_tag?post=1584"}],"curies":[{"name":"wp","href":"https:\/\/api.w.org\/{rel}","templated":true}]}}