{"id":21,"date":"2017-01-01T00:00:56","date_gmt":"2016-12-31T23:00:56","guid":{"rendered":"https:\/\/www.logic-home.de\/shop\/?page_id=21"},"modified":"2021-08-03T14:22:13","modified_gmt":"2021-08-03T12:22:13","slug":"batteriegesetz","status":"publish","type":"page","link":"https:\/\/www.logic-home.de\/shop\/batteriegesetz\/","title":{"rendered":"Batteriegesetz"},"content":{"rendered":"<p><span style=\"color: red;\"><b>Dieser Online-Shop ist nicht mehr aktiv.<br \/>Besuchen Sie uns jetzt: <a href=\"https:\/\/www.logic-home24.de\">NEU unter www.logic-home24.de<\/a><\/b><\/span><\/p>\n<p style=\"text-align: justify;\">Da wir Batterien und Akkus bzw. solche Ger\u00e4te verkaufen, die Batterien und Akkus enthalten, sind wir nach dem Batteriegesetz (BattG) verpflichtet, Sie auf Folgendes hinzuweisen:<\/p>\n<p style=\"text-align: justify;\">Batterien und Akkus d\u00fcrfen nicht im Hausm\u00fcll entsorgt werden, sondern Sie sind zur R\u00fcckgabe gebrauchter Batterien und Akkus gesetzlich verpflichtet.<br \/>\nAltbatterien k\u00f6nnen Schadstoffe enthalten, die bei nicht sachgem\u00e4\u00dfer Lagerung oder Entsorgung die Umwelt oder Ihre Gesundheit sch\u00e4digen k\u00f6nnen. Batterien enthalten aber auch wichtige Rohstoffe wie z.B. Eisen, Zink, Mangan oder Nickel und werden wieder verwertet. Sie k\u00f6nnen die Batterien nach Gebrauch entweder an uns zur\u00fccksenden oder in unmittelbarer N\u00e4he (z.B. im Handel oder in kommunalen Sammelstellen) unentgeltlich zur\u00fcckgegeben. Diese durchgekreuzte M\u00fclltonne bedeutet, dass Sie Batterien und Akkus nicht im Hausm\u00fcll entsorgen d\u00fcrfen.<\/p>\n<p><img loading=\"lazy\" src=\"https:\/\/www.logic-home.de\/shop\/wp-content\/uploads\/2017\/01\/battery.jpg\" alt=\"\" width=\"151\" height=\"160\" class=\"alignnone size-full wp-image-160\" \/><\/p>\n<p>Unter diesem Zeichen finden Sie zus\u00e4tzlich nachstehende Symbole mit folgender Bedeutung:<\/p>\n<p>Pb: Batterie enth\u00e4lt Blei<br \/>\nCd: Batterie enth\u00e4lt Cadmium<br \/>\nHg: Batterie enth\u00e4lt Quecksilber<\/p>\n","protected":false},"excerpt":{"rendered":"<p>Dieser Online-Shop ist nicht mehr aktiv.Besuchen Sie uns jetzt: NEU unter www.logic-home24.de Da wir Batterien und Akkus bzw. solche Ger\u00e4te verkaufen, die Batterien und Akkus enthalten, sind wir nach dem Batteriegesetz (BattG) verpflichtet, Sie auf Folgendes hinzuweisen: Batterien und Akkus d\u00fcrfen nicht im Hausm\u00fcll entsorgt werden, sondern Sie sind zur R\u00fcckgabe gebrauchter Batterien und Akkus gesetzlich verpflichtet. Altbatterien k\u00f6nnen Schadstoffe<\/p>\n<div class=\"read-more\"><a class=\"more-link\" href=\"https:\/\/www.logic-home.de\/shop\/batteriegesetz\/\">Weiterlesen&#8230;<\/a><\/div>\n","protected":false},"author":1,"featured_media":0,"parent":0,"menu_order":0,"comment_status":"closed","ping_status":"closed","template":"","meta":[],"_links":{"self":[{"href":"https:\/\/www.logic-home.de\/shop\/wp-json\/wp\/v2\/pages\/21"}],"collection":[{"href":"https:\/\/www.logic-home.de\/shop\/wp-json\/wp\/v2\/pages"}],"about":[{"href":"https:\/\/www.logic-home.de\/shop\/wp-json\/wp\/v2\/types\/page"}],"author":[{"embeddable":true,"href":"https:\/\/www.logic-home.de\/shop\/wp-json\/wp\/v2\/users\/1"}],"replies":[{"embeddable":true,"href":"https:\/\/www.logic-home.de\/shop\/wp-json\/wp\/v2\/comments?post=21"}],"version-history":[{"count":1,"href":"https:\/\/www.logic-home.de\/shop\/wp-json\/wp\/v2\/pages\/21\/revisions"}],"predecessor-version":[{"id":1988,"href":"https:\/\/www.logic-home.de\/shop\/wp-json\/wp\/v2\/pages\/21\/revisions\/1988"}],"wp:attachment":[{"href":"https:\/\/www.logic-home.de\/shop\/wp-json\/wp\/v2\/media?parent=21"}],"curies":[{"name":"wp","href":"https:\/\/api.w.org\/{rel}","templated":true}]}}