{"id":13,"date":"2017-01-01T00:00:54","date_gmt":"2016-12-31T23:00:54","guid":{"rendered":"https:\/\/www.logic-home.de\/shop\/impressum\/"},"modified":"2021-08-03T14:20:14","modified_gmt":"2021-08-03T12:20:14","slug":"impressum","status":"publish","type":"page","link":"https:\/\/www.logic-home.de\/shop\/impressum\/","title":{"rendered":"Impressum"},"content":{"rendered":"<p><span style=\"color: red;\"><b>Dieser Online-Shop ist nicht mehr aktiv.<br \/>Besuchen Sie uns jetzt: <a href=\"https:\/\/www.logic-home24.de\">NEU unter www.logic-home24.de<\/a><\/b><\/span><\/p>\n<p>Logic Home GmbH &amp; Co. KG<br \/>\nppa. Mario Elkner<br \/>\nAlt-Mahlsdorf 101<br \/>\n12623 Berlin<\/p>\n<p>Telefon: +49 (0)30 983 88 224<br \/>\nE-Mail: <a href=\"mailto:smart@logic-home.de\">smart@logic-home.de<\/a><\/p>\n<p>Handelsregister: Amtsgericht Berlin Charlottenburg, HRA 50607 B<br \/>\nUSt-IdNr. gem\u00e4\u00df \u00a7 27 a Umsatzsteuergesetz: DE299194267<\/p>\n<p>Gesch\u00e4ftsf\u00fchrung und Vertretung durch pers\u00f6nlich haftende Gesellschafterin:<br \/>\nMercariSol Verwaltung GmbH<br \/>\nSitz: Fredersdorf-Vogelsdorf<br \/>\nHandelsregister: Amtsgericht Frankfurt (Oder), HRB13867<br \/>\nGesch\u00e4ftsf\u00fchrerin: Birgit Elkner<\/p>\n<h6>Alternative Streitbeilegung gem\u00e4\u00df Art. 14 Abs. 1 ODR-VO und \u00a7 36 VSBG:<\/h6>\n<p>Die Europ\u00e4ische Kommission stellt eine Plattform zur Online-Streitbeilegung (OS) bereit, die Sie unter <a href=\"http:\/\/ec.europa.eu\/consumers\/odr\/\" target=\"_blank\" rel=\"noopener\">http:\/\/ec.europa.eu\/consumers\/odr\/<\/a> finden. Zur Teilnahme an einem Streitbeilegungsverfahren vor einer Verbraucherschlichtungsstelle sind wir nicht verpflichtet und nicht bereit.<\/p>\n<p>Quellenangaben f\u00fcr die verwendeten Bilder und Grafiken: <a href=\"http:\/\/www.loxone.com\/\" target=\"_blank\" rel=\"noopener\">Loxone Electronics GmbH<\/a><\/p>\n","protected":false},"excerpt":{"rendered":"<p>Dieser Online-Shop ist nicht mehr aktiv.Besuchen Sie uns jetzt: NEU unter www.logic-home24.de Logic Home GmbH &amp; Co. KG ppa. Mario Elkner Alt-Mahlsdorf 101 12623 Berlin Telefon: +49 (0)30 983 88 224 E-Mail: smart@logic-home.de Handelsregister: Amtsgericht Berlin Charlottenburg, HRA 50607 B USt-IdNr. gem\u00e4\u00df \u00a7 27 a Umsatzsteuergesetz: DE299194267 Gesch\u00e4ftsf\u00fchrung und Vertretung durch pers\u00f6nlich haftende Gesellschafterin: MercariSol Verwaltung GmbH Sitz: Fredersdorf-Vogelsdorf Handelsregister:<\/p>\n<div class=\"read-more\"><a class=\"more-link\" href=\"https:\/\/www.logic-home.de\/shop\/impressum\/\">Weiterlesen&#8230;<\/a><\/div>\n","protected":false},"author":1,"featured_media":0,"parent":0,"menu_order":0,"comment_status":"closed","ping_status":"closed","template":"","meta":[],"_links":{"self":[{"href":"https:\/\/www.logic-home.de\/shop\/wp-json\/wp\/v2\/pages\/13"}],"collection":[{"href":"https:\/\/www.logic-home.de\/shop\/wp-json\/wp\/v2\/pages"}],"about":[{"href":"https:\/\/www.logic-home.de\/shop\/wp-json\/wp\/v2\/types\/page"}],"author":[{"embeddable":true,"href":"https:\/\/www.logic-home.de\/shop\/wp-json\/wp\/v2\/users\/1"}],"replies":[{"embeddable":true,"href":"https:\/\/www.logic-home.de\/shop\/wp-json\/wp\/v2\/comments?post=13"}],"version-history":[{"count":5,"href":"https:\/\/www.logic-home.de\/shop\/wp-json\/wp\/v2\/pages\/13\/revisions"}],"predecessor-version":[{"id":1986,"href":"https:\/\/www.logic-home.de\/shop\/wp-json\/wp\/v2\/pages\/13\/revisions\/1986"}],"wp:attachment":[{"href":"https:\/\/www.logic-home.de\/shop\/wp-json\/wp\/v2\/media?parent=13"}],"curies":[{"name":"wp","href":"https:\/\/api.w.org\/{rel}","templated":true}]}}